{"id":867,"date":"2015-09-16T14:09:12","date_gmt":"2015-09-16T14:09:12","guid":{"rendered":"http:\/\/491.8b4.myftpupload.com\/?page_id=867"},"modified":"2015-10-29T19:03:30","modified_gmt":"2015-10-29T18:03:30","slug":"tendances-generales-et-previsions","status":"publish","type":"page","link":"https:\/\/altaraqicenter.org\/en\/tendances-generales-et-previsions\/","title":{"rendered":"Tendances G\u00e9n\u00e9rales et Pr\u00e9visions"},"content":{"rendered":"<div id=\"td_uid_1_69df49d050d33\" class=\"tdc-row\"><div class=\"vc_row td_uid_1_69df49d050d9c_rand  wpb_row td-pb-row\" >\n<style scoped>\n\n\/* custom css *\/\n.td_uid_1_69df49d050d9c_rand {\r\n                    min-height: 0;\r\n                }\n<\/style><div class=\"vc_column td_uid_2_69df49d05131f_rand  wpb_column vc_column_container tdc-column td-pb-span4\"><div class=\"wpb_wrapper\"><div class=\"wpb_wrapper td_block_wrap vc_widget_sidebar td_uid_3_69df49d0514f6_rand \" ><aside class=\"td_block_template_1 widget widget_nav_menu\"><div class=\"menu-menu-etude-container\"><ul id=\"menu-menu-etude\" class=\"menu\"><li id=\"menu-item-2565\" class=\"menu-item menu-item-type-post_type menu-item-object-page menu-item-has-children menu-item-first td-no-down-arrow menu-item-2565\"><a href=\"https:\/\/altaraqicenter.org\/en\/etudes-algeriennes\/\"><i id=\"fac_69df49d05b270\" class=\"fa fa-circle\"><\/i>\n Algerian Studies<\/a>\n<ul class=\"sub-menu\">\n\t<li id=\"menu-item-2566\" class=\"menu-item menu-item-type-post_type menu-item-object-page td-no-down-arrow menu-item-2566\"><a href=\"https:\/\/altaraqicenter.org\/en\/reformes-politiques\/\"><i id=\"fac_69df49d05e7a7\" class=\"fa fa-circle\"><\/i>\n Political reforms<\/a><\/li>\n\t<li id=\"menu-item-2567\" class=\"menu-item menu-item-type-post_type menu-item-object-page td-no-down-arrow menu-item-2567\"><a href=\"https:\/\/altaraqicenter.org\/en\/politique-sociale\/\"><i id=\"fac_69df49d060658\" class=\"fa fa-circle\"><\/i>\n Social Policy<\/a><\/li>\n\t<li id=\"menu-item-2568\" class=\"menu-item menu-item-type-post_type menu-item-object-page td-no-down-arrow menu-item-2568\"><a href=\"https:\/\/altaraqicenter.org\/en\/administration-publique\/\"><i id=\"fac_69df49d0621f0\" class=\"fa fa-circle\"><\/i>\n Public Administration<\/a><\/li>\n\t<li id=\"menu-item-2569\" class=\"menu-item menu-item-type-post_type menu-item-object-page td-no-down-arrow menu-item-2569\"><a href=\"https:\/\/altaraqicenter.org\/en\/ressources-humaines\/\"><i id=\"fac_69df49d063f16\" class=\"fa fa-circle\"><\/i>\n Human ressources<\/a><\/li>\n\t<li id=\"menu-item-2570\" class=\"menu-item menu-item-type-post_type menu-item-object-page td-no-down-arrow menu-item-2570\"><a href=\"https:\/\/altaraqicenter.org\/en\/ressources-naturelles\/\"><i id=\"fac_69df49d065ca1\" class=\"fa fa-circle\"><\/i>\n Natural resources<\/a><\/li>\n\t<li id=\"menu-item-2571\" class=\"menu-item menu-item-type-post_type menu-item-object-page td-no-down-arrow menu-item-2571\"><a href=\"https:\/\/altaraqicenter.org\/en\/finances-economie-commerce\/\"><i id=\"fac_69df49d0677e2\" class=\"fa fa-circle\"><\/i>\n Finances, Economy and Trade<\/a><\/li>\n\t<li id=\"menu-item-2572\" class=\"menu-item menu-item-type-post_type menu-item-object-page td-no-down-arrow menu-item-2572\"><a href=\"https:\/\/altaraqicenter.org\/en\/politique-energetique\/\"><i id=\"fac_69df49d0694ff\" class=\"fa fa-circle\"><\/i>\n Energy Policy<\/a><\/li>\n\t<li id=\"menu-item-2615\" class=\"menu-item menu-item-type-post_type menu-item-object-page td-no-down-arrow menu-item-2615\"><a href=\"https:\/\/altaraqicenter.org\/en\/etudes-algeriennes-2\/\"><i id=\"fac_69df49d06b168\" class=\"fa fa-circle\"><\/i>\n Experts Algerian Studies Unit<\/a><\/li>\n<\/ul>\n<\/li>\n<li id=\"menu-item-2573\" class=\"menu-item menu-item-type-post_type menu-item-object-page menu-item-has-children td-no-down-arrow menu-item-2573\"><a href=\"https:\/\/altaraqicenter.org\/en\/defense-et-de-securite\/\"><i id=\"fac_69df49d06cc86\" class=\"fa fa-circle\"><\/i>\n Defense &#038;Security<\/a>\n<ul class=\"sub-menu\">\n\t<li id=\"menu-item-2574\" class=\"menu-item menu-item-type-post_type menu-item-object-page td-no-down-arrow menu-item-2574\"><a href=\"https:\/\/altaraqicenter.org\/en\/securite-nationale\/\"><i id=\"fac_69df49d06f2bc\" class=\"fa fa-circle\"><\/i>\n National Security<\/a><\/li>\n\t<li id=\"menu-item-2575\" class=\"menu-item menu-item-type-post_type menu-item-object-page td-no-down-arrow menu-item-2575\"><a href=\"https:\/\/altaraqicenter.org\/en\/acquisition-et-ressources\/\"><i id=\"fac_69df49d0712aa\" class=\"fa fa-circle\"><\/i>\n Acquisition and resources<\/a><\/li>\n\t<li id=\"menu-item-2576\" class=\"menu-item menu-item-type-post_type menu-item-object-page td-no-down-arrow menu-item-2576\"><a href=\"https:\/\/altaraqicenter.org\/en\/strategie-militaire\/\"><i id=\"fac_69df49d07332b\" class=\"fa fa-circle\"><\/i>\n Military Strategy<\/a><\/li>\n\t<li id=\"menu-item-2577\" class=\"menu-item menu-item-type-post_type menu-item-object-page td-no-down-arrow menu-item-2577\"><a href=\"https:\/\/altaraqicenter.org\/en\/technologie\/\"><i id=\"fac_69df49d074f02\" class=\"fa fa-circle\"><\/i>\n Technology<\/a><\/li>\n\t<li id=\"menu-item-2578\" class=\"menu-item menu-item-type-post_type menu-item-object-page td-no-down-arrow menu-item-2578\"><a href=\"https:\/\/altaraqicenter.org\/en\/energie-alter-et-changement-climatique\/\"><i id=\"fac_69df49d0768e5\" class=\"fa fa-circle\"><\/i>\n Alternative Energy and Climate Change<\/a><\/li>\n\t<li id=\"menu-item-2594\" class=\"menu-item menu-item-type-post_type menu-item-object-page td-no-down-arrow menu-item-2594\"><a href=\"https:\/\/altaraqicenter.org\/en\/experts-defense-et-de-securite\/\"><i id=\"fac_69df49d078189\" class=\"fa fa-circle\"><\/i>\n Experts Defence and Security<\/a><\/li>\n<\/ul>\n<\/li>\n<li id=\"menu-item-2579\" class=\"menu-item menu-item-type-post_type menu-item-object-page menu-item-has-children td-no-down-arrow menu-item-2579\"><a href=\"https:\/\/altaraqicenter.org\/en\/maghreb-monde-musulman-et-afrique\/\"><i id=\"fac_69df49d079701\" class=\"fa fa-circle\"><\/i>\n Maghreb, Muslim World &#038;Africa<\/a>\n<ul class=\"sub-menu\">\n\t<li id=\"menu-item-2581\" class=\"menu-item menu-item-type-post_type menu-item-object-page td-no-down-arrow menu-item-2581\"><a href=\"https:\/\/altaraqicenter.org\/en\/points-chauds-de-tension\/\"><i id=\"fac_69df49d07af7f\" class=\"fa fa-circle\"><\/i>\n Hotbeds of tension<\/a><\/li>\n\t<li id=\"menu-item-2595\" class=\"menu-item menu-item-type-post_type menu-item-object-page td-no-down-arrow menu-item-2595\"><a href=\"https:\/\/altaraqicenter.org\/en\/experts-maghreb-monde-musulman-et-afrique\/\"><i id=\"fac_69df49d07f454\" class=\"fa fa-circle\"><\/i>\n Experts Maghreb, African and Muslim World<\/a><\/li>\n<\/ul>\n<\/li>\n<li id=\"menu-item-2582\" class=\"menu-item menu-item-type-post_type menu-item-object-page menu-item-has-children td-no-down-arrow menu-item-2582\"><a href=\"https:\/\/altaraqicenter.org\/en\/relations-mediterraneennes-et-internationales\/\"><i id=\"fac_69df49d080b2c\" class=\"fa fa-circle\"><\/i>\n Mediterranean and International Relations<\/a>\n<ul class=\"sub-menu\">\n\t<li id=\"menu-item-2583\" class=\"menu-item menu-item-type-post_type menu-item-object-page td-no-down-arrow menu-item-2583\"><a href=\"https:\/\/altaraqicenter.org\/en\/etudes-mediterraneennes\/\"><i id=\"fac_69df49d0823b5\" class=\"fa fa-circle\"><\/i>\n Mediterranean studies<\/a><\/li>\n\t<li id=\"menu-item-2584\" class=\"menu-item menu-item-type-post_type menu-item-object-page td-no-down-arrow menu-item-2584\"><a href=\"https:\/\/altaraqicenter.org\/en\/etudes-chinoises-et-asiatiques\/\"><i id=\"fac_69df49d083ee9\" class=\"fa fa-circle\"><\/i>\n Chinese and Asian Studies<\/a><\/li>\n\t<li id=\"menu-item-2585\" class=\"menu-item menu-item-type-post_type menu-item-object-page td-no-down-arrow menu-item-2585\"><a href=\"https:\/\/altaraqicenter.org\/en\/etudes-des-ameriques\/\"><i id=\"fac_69df49d085929\" class=\"fa fa-circle\"><\/i>\n Americas Studies<\/a><\/li>\n\t<li id=\"menu-item-2586\" class=\"menu-item menu-item-type-post_type menu-item-object-page td-no-down-arrow menu-item-2586\"><a href=\"https:\/\/altaraqicenter.org\/en\/minorites-musulmanes-de-par-le-monde\/\"><i id=\"fac_69df49d089f05\" class=\"fa fa-circle\"><\/i>\n Muslim minorities across the world<\/a><\/li>\n\t<li id=\"menu-item-2587\" class=\"menu-item menu-item-type-post_type menu-item-object-page td-no-down-arrow menu-item-2587\"><a href=\"https:\/\/altaraqicenter.org\/en\/politique-de-sante-globale\/\"><i id=\"fac_69df49d08c22b\" class=\"fa fa-circle\"><\/i>\n Global Health Policy<\/a><\/li>\n\t<li id=\"menu-item-2596\" class=\"menu-item menu-item-type-post_type menu-item-object-page td-no-down-arrow menu-item-2596\"><a href=\"https:\/\/altaraqicenter.org\/en\/experts-relations-mediterraneennes-et-internationales\/\"><i id=\"fac_69df49d08dd1d\" class=\"fa fa-circle\"><\/i>\n Experts Mediterranean and International Relations<\/a><\/li>\n<\/ul>\n<\/li>\n<li id=\"menu-item-2588\" class=\"menu-item menu-item-type-post_type menu-item-object-page menu-item-has-children td-no-down-arrow menu-item-2588\"><a href=\"https:\/\/altaraqicenter.org\/en\/tendances-generales-et-previsions\/\"><i id=\"fac_69df49d08f220\" class=\"fa fa-circle\"><\/i>\n General Trends and Forecasting<\/a>\n<ul class=\"sub-menu\">\n\t<li id=\"menu-item-2597\" class=\"menu-item menu-item-type-post_type menu-item-object-page td-no-down-arrow menu-item-2597\"><a href=\"https:\/\/altaraqicenter.org\/en\/experts-tendances-generales-et-previsions\/\"><i id=\"fac_69df49d090873\" class=\"fa fa-circle\"><\/i>\n Experts General Trends and Forecasts<\/a><\/li>\n<\/ul>\n<\/li>\n<\/ul><\/div><\/aside><\/div><\/div><\/div><div class=\"vc_column td_uid_4_69df49d092fa2_rand  wpb_column vc_column_container tdc-column td-pb-span8\"><div class=\"wpb_wrapper\"><div class=\"wpb_wrapper wpb_text_column td_block_wrap td_block_wrap vc_column_text td_uid_5_69df49d09388c_rand  td-pb-border-top td_block_template_1\"  data-td-block-uid=\"td_uid_5_69df49d09388c\" \"><div class=\"td-block-title-wrap\"><\/div><div class=\"td-fix-index\"><h2 style=\"text-align: center;\"><span id=\"result_box\" class=\"short_text\" lang=\"en\"><span class=\"hps\">Studies Unit<\/span><\/span>\u00a0General Trends and Forecasting<\/h2>\n<\/div><\/div><div class=\"td_block_wrap td_block_21 td_uid_6_69df49d099320_rand td_with_ajax_pagination td-pb-border-top td_block_template_1 tdc-no-posts td-column-2\"  data-td-block-uid=\"td_uid_6_69df49d099320\" ><script>var block_td_uid_6_69df49d099320 = new tdBlock();\nblock_td_uid_6_69df49d099320.id = \"td_uid_6_69df49d099320\";\nblock_td_uid_6_69df49d099320.atts = '{\"custom_title\":\"General Trends and Forecasting\",\"category_id\":\"35\",\"td_filter_default_txt\":\"Tout\",\"ajax_pagination\":\"infinite\",\"separator\":\"\",\"custom_url\":\"\",\"block_template_id\":\"\",\"m16_tl\":\"\",\"m16_el\":\"\",\"post_ids\":\"\",\"category_ids\":\"\",\"tag_slug\":\"\",\"autors_id\":\"\",\"installed_post_types\":\"\",\"sort\":\"\",\"limit\":\"5\",\"offset\":\"\",\"el_class\":\"\",\"td_ajax_filter_type\":\"\",\"td_ajax_filter_ids\":\"\",\"td_ajax_preloading\":\"\",\"f_header_font_header\":\"\",\"f_header_font_title\":\"Block header\",\"f_header_font_settings\":\"\",\"f_header_font_family\":\"\",\"f_header_font_size\":\"\",\"f_header_font_line_height\":\"\",\"f_header_font_style\":\"\",\"f_header_font_weight\":\"\",\"f_header_font_transform\":\"\",\"f_header_font_spacing\":\"\",\"f_header_\":\"\",\"f_ajax_font_title\":\"Ajax categories\",\"f_ajax_font_settings\":\"\",\"f_ajax_font_family\":\"\",\"f_ajax_font_size\":\"\",\"f_ajax_font_line_height\":\"\",\"f_ajax_font_style\":\"\",\"f_ajax_font_weight\":\"\",\"f_ajax_font_transform\":\"\",\"f_ajax_font_spacing\":\"\",\"f_ajax_\":\"\",\"f_more_font_title\":\"Load more button\",\"f_more_font_settings\":\"\",\"f_more_font_family\":\"\",\"f_more_font_size\":\"\",\"f_more_font_line_height\":\"\",\"f_more_font_style\":\"\",\"f_more_font_weight\":\"\",\"f_more_font_transform\":\"\",\"f_more_font_spacing\":\"\",\"f_more_\":\"\",\"m16f_title_font_header\":\"\",\"m16f_title_font_title\":\"Article title\",\"m16f_title_font_settings\":\"\",\"m16f_title_font_family\":\"\",\"m16f_title_font_size\":\"\",\"m16f_title_font_line_height\":\"\",\"m16f_title_font_style\":\"\",\"m16f_title_font_weight\":\"\",\"m16f_title_font_transform\":\"\",\"m16f_title_font_spacing\":\"\",\"m16f_title_\":\"\",\"m16f_cat_font_title\":\"Article category tag\",\"m16f_cat_font_settings\":\"\",\"m16f_cat_font_family\":\"\",\"m16f_cat_font_size\":\"\",\"m16f_cat_font_line_height\":\"\",\"m16f_cat_font_style\":\"\",\"m16f_cat_font_weight\":\"\",\"m16f_cat_font_transform\":\"\",\"m16f_cat_font_spacing\":\"\",\"m16f_cat_\":\"\",\"m16f_meta_font_title\":\"Article meta info\",\"m16f_meta_font_settings\":\"\",\"m16f_meta_font_family\":\"\",\"m16f_meta_font_size\":\"\",\"m16f_meta_font_line_height\":\"\",\"m16f_meta_font_style\":\"\",\"m16f_meta_font_weight\":\"\",\"m16f_meta_font_transform\":\"\",\"m16f_meta_font_spacing\":\"\",\"m16f_meta_\":\"\",\"m16f_ex_font_title\":\"Article excerpt\",\"m16f_ex_font_settings\":\"\",\"m16f_ex_font_family\":\"\",\"m16f_ex_font_size\":\"\",\"m16f_ex_font_line_height\":\"\",\"m16f_ex_font_style\":\"\",\"m16f_ex_font_weight\":\"\",\"m16f_ex_font_transform\":\"\",\"m16f_ex_font_spacing\":\"\",\"m16f_ex_\":\"\",\"ajax_pagination_infinite_stop\":\"\",\"css\":\"\",\"tdc_css\":\"\",\"td_column_number\":2,\"header_color\":\"\",\"color_preset\":\"\",\"border_top\":\"\",\"class\":\"td_uid_6_69df49d099320_rand\",\"tdc_css_class\":\"td_uid_6_69df49d099320_rand\",\"tdc_css_class_style\":\"td_uid_6_69df49d099320_rand_style\"}';\nblock_td_uid_6_69df49d099320.td_column_number = \"2\";\nblock_td_uid_6_69df49d099320.block_type = \"td_block_21\";\nblock_td_uid_6_69df49d099320.post_count = \"0\";\nblock_td_uid_6_69df49d099320.found_posts = \"0\";\nblock_td_uid_6_69df49d099320.header_color = \"\";\nblock_td_uid_6_69df49d099320.ajax_pagination_infinite_stop = \"\";\nblock_td_uid_6_69df49d099320.max_num_pages = \"0\";\ntdBlocksArray.push(block_td_uid_6_69df49d099320);\n<\/script><div class=\"td-block-title-wrap\"><h4 class=\"block-title td-block-title\"><span class=\"td-pulldown-size\">General Trends and Forecasting<\/span><\/h4><\/div><div id=td_uid_6_69df49d099320 class=\"td_block_inner\"><\/div><\/div> <!-- .\/block --><\/div><\/div><\/div><\/div>\r\n\t\t<script>\r\n\r\n\t\t\tjQuery(window).load(function () {\r\n\t\t\t\tjQuery('body').find('#td_uid_1_69df49d050d33 .td-element-style').each(function (index, element) {\r\n\t\t\t\t\tjQuery(element).css('opacity', 1);\r\n\t\t\t\t\treturn;\r\n\t\t\t\t});\r\n\t\t\t});\r\n\r\n\t\t<\/script>\r\n\r\n\t\t\r\n\t\t\t<script>\r\n\r\n\t\t\t\tjQuery(window).ready(function () {\r\n\r\n\t\t\t\t\t\/\/ We need timeout because the content must be rendered and interpreted on client\r\n\t\t\t\t\tsetTimeout(function () {\r\n\r\n\t\t\t\t\t\tvar $content = jQuery('body').find('#tdc-live-iframe'),\r\n\t\t\t\t\t\t\trefWindow = undefined;\r\n\r\n\t\t\t\t\t\tif ($content.length) {\r\n\t\t\t\t\t\t\t$content = $content.contents();\r\n\t\t\t\t\t\t\trefWindow = document.getElementById('tdc-live-iframe').contentWindow || document.getElementById('tdc-live-iframe').contentDocument;\r\n\r\n\t\t\t\t\t\t} else {\r\n\t\t\t\t\t\t\t$content = jQuery('body');\r\n\t\t\t\t\t\t\trefWindow = window;\r\n\t\t\t\t\t\t}\r\n\r\n\t\t\t\t\t\t$content.find('#td_uid_1_69df49d050d33 .td-element-style').each(function (index, element) {\r\n\t\t\t\t\t\t\tjQuery(element).css('opacity', 1);\r\n\t\t\t\t\t\t\treturn;\r\n\t\t\t\t\t\t});\r\n\t\t\t\t\t});\r\n\r\n\t\t\t\t}, 200);\r\n\t\t\t<\/script>\r\n\r\n\t\t\t","protected":false},"excerpt":{"rendered":"\/* custom css *\/ .td_uid_7_69df49d09cd4f_rand { min-height: 0; } Algerian Studies Political reforms Social Policy Public Administration Human ressources Natural resources Finances, Economy and Trade Energy Policy Experts Algerian Studies Unit Defense &#038;Security National Security Acquisition and resources Military Strategy Technology Alternative Energy and Climate Change Experts Defence and Security Maghreb, Muslim World &#038;Africa Hotbeds [...]","protected":false},"author":1,"featured_media":0,"parent":0,"menu_order":0,"comment_status":"closed","ping_status":"closed","template":"","meta":[],"_links":{"self":[{"href":"https:\/\/altaraqicenter.org\/en\/wp-json\/wp\/v2\/pages\/867"}],"collection":[{"href":"https:\/\/altaraqicenter.org\/en\/wp-json\/wp\/v2\/pages"}],"about":[{"href":"https:\/\/altaraqicenter.org\/en\/wp-json\/wp\/v2\/types\/page"}],"author":[{"embeddable":true,"href":"https:\/\/altaraqicenter.org\/en\/wp-json\/wp\/v2\/users\/1"}],"replies":[{"embeddable":true,"href":"https:\/\/altaraqicenter.org\/en\/wp-json\/wp\/v2\/comments?post=867"}],"version-history":[{"count":2,"href":"https:\/\/altaraqicenter.org\/en\/wp-json\/wp\/v2\/pages\/867\/revisions"}],"predecessor-version":[{"id":2650,"href":"https:\/\/altaraqicenter.org\/en\/wp-json\/wp\/v2\/pages\/867\/revisions\/2650"}],"wp:attachment":[{"href":"https:\/\/altaraqicenter.org\/en\/wp-json\/wp\/v2\/media?parent=867"}],"curies":[{"name":"wp","href":"https:\/\/api.w.org\/{rel}","templated":true}]}}