{"id":1011,"date":"2015-09-16T19:14:11","date_gmt":"2015-09-16T19:14:11","guid":{"rendered":"http:\/\/491.8b4.myftpupload.com\/?page_id=1011"},"modified":"2016-11-11T10:30:25","modified_gmt":"2016-11-11T10:30:25","slug":"mot-de-bienvenue-2","status":"publish","type":"page","link":"https:\/\/altaraqicenter.org\/fr\/mot-de-bienvenue-2\/","title":{"rendered":"Mot de Bienvenue"},"content":{"rendered":"<div id=\"td_uid_1_69df45a0c22c3\" class=\"tdc-row\"><div class=\"vc_row td_uid_1_69df45a0c23c2_rand  wpb_row td-pb-row\" >\n<style scoped>\n\n\/* custom css *\/\n.td_uid_1_69df45a0c23c2_rand {\r\n                    min-height: 0;\r\n                }\n<\/style><div class=\"vc_column td_uid_2_69df45a0c2c18_rand  wpb_column vc_column_container tdc-column td-pb-span4\"><div class=\"wpb_wrapper\"><div class=\"wpb_wrapper td_block_wrap vc_widget_sidebar td_uid_3_69df45a0c2eec_rand \" ><aside class=\"td_block_template_1 widget widget_nav_menu\"><div class=\"menu-left-menu-container\"><ul id=\"menu-left-menu\" class=\"menu\"><li id=\"menu-item-1986\" class=\"menu-item menu-item-type-post_type menu-item-object-page menu-item-home menu-item-first td-no-down-arrow menu-item-1986\"><a href=\"https:\/\/altaraqicenter.org\/fr\/\"><font color=\"#61b343\"><b><i id=\"fac_69df45a0d52e6\" class=\"fa fa-circle\"><\/i>\n Accueil<\/b><\/font><\/a><\/li>\n<li id=\"menu-item-1988\" class=\"menu-item menu-item-type-post_type menu-item-object-page td-no-down-arrow menu-item-1988\"><a href=\"https:\/\/altaraqicenter.org\/fr\/evenements\/\"><font color=\"#61b343\"><b><i id=\"fac_69df45a0d795f\" class=\"fa fa-circle\"><\/i>\n Ev\u00e9nements<\/b><\/font><\/a><\/li>\n<li id=\"menu-item-1987\" class=\"menu-item menu-item-type-post_type menu-item-object-page td-no-down-arrow menu-item-1987\"><a href=\"https:\/\/altaraqicenter.org\/fr\/mot-de-bienvenue-2\/\"><font color=\"#61b343\"><b><i id=\"fac_69df45a0d9f11\" class=\"fa fa-circle\"><\/i>\n Mot de Bienvenue<\/b><\/font><\/a><\/li>\n<li id=\"menu-item-1989\" class=\"menu-item menu-item-type-post_type menu-item-object-page menu-item-has-children td-no-down-arrow menu-item-1989\"><a href=\"https:\/\/altaraqicenter.org\/fr\/etudes-algeriennes\/\"><b><i id=\"fac_69df45a0dbb51\" class=\"fa fa-circle\"><\/i>\n Etudes Alg\u00e9riennes<\/b><\/a>\n<ul class=\"sub-menu\">\n\t<li id=\"menu-item-2021\" class=\"menu-item menu-item-type-post_type menu-item-object-page td-no-down-arrow menu-item-2021\"><a href=\"https:\/\/altaraqicenter.org\/fr\/reformes-politiques\/\"><i id=\"fac_69df45a0dd5b4\" class=\"fa fa-circle\"><\/i>\n Reformes Politiques<\/a><\/li>\n\t<li id=\"menu-item-2435\" class=\"menu-item menu-item-type-custom menu-item-object-custom td-no-down-arrow menu-item-2435\"><a href=\"#\"><i id=\"fac_69df45a0df6ac\" class=\"fa fa-circle\"><\/i>\n Politique Sociale<\/a><\/li>\n\t<li id=\"menu-item-2436\" class=\"menu-item menu-item-type-custom menu-item-object-custom td-no-down-arrow menu-item-2436\"><a href=\"#\"><i id=\"fac_69df45a0e1155\" class=\"fa fa-circle\"><\/i>\n Administration Publique<\/a><\/li>\n\t<li id=\"menu-item-2437\" class=\"menu-item menu-item-type-custom menu-item-object-custom td-no-down-arrow menu-item-2437\"><a href=\"#\"><i id=\"fac_69df45a0e2d58\" class=\"fa fa-circle\"><\/i>\nRessources Humaines<\/a><\/li>\n\t<li id=\"menu-item-2438\" class=\"menu-item menu-item-type-custom menu-item-object-custom td-no-down-arrow menu-item-2438\"><a href=\"#\"><i id=\"fac_69df45a0e5163\" class=\"fa fa-circle\"><\/i>\n Ressources Naturelles<\/a><\/li>\n\t<li id=\"menu-item-2439\" class=\"menu-item menu-item-type-custom menu-item-object-custom td-no-down-arrow menu-item-2439\"><a href=\"#\"><i id=\"fac_69df45a0e9e53\" class=\"fa fa-circle\"><\/i>\n Finance, Economie et Commerce<\/a><\/li>\n\t<li id=\"menu-item-2440\" class=\"menu-item menu-item-type-custom menu-item-object-custom td-no-down-arrow menu-item-2440\"><a href=\"#\"><i id=\"fac_69df45a0ebb68\" class=\"fa fa-circle\"><\/i>\n Politique Energetique<\/a><\/li>\n<\/ul>\n<\/li>\n<li id=\"menu-item-2037\" class=\"menu-item menu-item-type-post_type menu-item-object-page menu-item-has-children td-no-down-arrow menu-item-2037\"><a href=\"https:\/\/altaraqicenter.org\/fr\/defense-et-de-securite\/\"><i id=\"fac_69df45a0ed841\" class=\"fa fa-circle\"><\/i>\n<b> D\u00e9fense et de S\u00e9curit\u00e9<\/b><\/a>\n<ul class=\"sub-menu\">\n\t<li id=\"menu-item-2027\" class=\"menu-item menu-item-type-post_type menu-item-object-page td-no-down-arrow menu-item-2027\"><a href=\"https:\/\/altaraqicenter.org\/fr\/securite-nationale\/\"><i id=\"fac_69df45a0ef1eb\" class=\"fa fa-circle\"><\/i>\n Securit\u00e9 Nationale<\/a><\/li>\n\t<li id=\"menu-item-2038\" class=\"menu-item menu-item-type-post_type menu-item-object-page td-no-down-arrow menu-item-2038\"><a href=\"https:\/\/altaraqicenter.org\/fr\/acquisition-et-ressources\/\"><i id=\"fac_69df45a0f1138\" class=\"fa fa-circle\"><\/i>\n Acquisition et ressources<\/a><\/li>\n\t<li id=\"menu-item-2029\" class=\"menu-item menu-item-type-post_type menu-item-object-page td-no-down-arrow menu-item-2029\"><a href=\"https:\/\/altaraqicenter.org\/fr\/strategie-militaire\/\"><i id=\"fac_69df45a0f34ea\" class=\"fa fa-circle\"><\/i>\n Strat\u00e9gie Militaire<\/a><\/li>\n\t<li id=\"menu-item-2030\" class=\"menu-item menu-item-type-post_type menu-item-object-page td-no-down-arrow menu-item-2030\"><a href=\"https:\/\/altaraqicenter.org\/fr\/technologie\/\"><i id=\"fac_69df45a100f3c\" class=\"fa fa-circle\"><\/i>\n Technologie<\/a><\/li>\n\t<li id=\"menu-item-2039\" class=\"menu-item menu-item-type-post_type menu-item-object-page td-no-down-arrow menu-item-2039\"><a href=\"https:\/\/altaraqicenter.org\/fr\/energie-alter-et-changement-climatique\/\"><i id=\"fac_69df45a102e6e\" class=\"fa fa-circle\"><\/i>\n Energie Alter. et Changement Climatique<\/a><\/li>\n<\/ul>\n<\/li>\n<li id=\"menu-item-2012\" class=\"menu-item menu-item-type-post_type menu-item-object-page menu-item-has-children td-no-down-arrow menu-item-2012\"><a href=\"https:\/\/altaraqicenter.org\/fr\/maghreb-monde-musulman-et-afrique\/\"><i id=\"fac_69df45a104a25\" class=\"fa fa-circle\"><\/i>\n<b> Maghreb, Monde Musulman et Afrique<\/b><\/a>\n<ul class=\"sub-menu\">\n\t<li id=\"menu-item-2011\" class=\"menu-item menu-item-type-post_type menu-item-object-page td-no-down-arrow menu-item-2011\"><a href=\"https:\/\/altaraqicenter.org\/fr\/integration-economique-regionale\/\"><i id=\"fac_69df45a10f20b\" class=\"fa fa-circle\"><\/i>\n Int\u00e9gration Economique R\u00e9gionale<\/a><\/li>\n\t<li id=\"menu-item-2017\" class=\"menu-item menu-item-type-post_type menu-item-object-page td-no-down-arrow menu-item-2017\"><a href=\"https:\/\/altaraqicenter.org\/fr\/points-chauds-de-tension\/\"><i id=\"fac_69df45a1111b3\" class=\"fa fa-circle\"><\/i>\n Points Chauds de tension<\/a><\/li>\n<\/ul>\n<\/li>\n<li id=\"menu-item-2022\" class=\"menu-item menu-item-type-post_type menu-item-object-page menu-item-has-children td-no-down-arrow menu-item-2022\"><a href=\"https:\/\/altaraqicenter.org\/fr\/relations-mediterraneennes-et-internationales\/\"><i id=\"fac_69df45a112e13\" class=\"fa fa-circle\"><\/i>\n<b> Relations M\u00e9diterran\u00e9ennes et Internationales<\/b><\/a>\n<ul class=\"sub-menu\">\n\t<li id=\"menu-item-2040\" class=\"menu-item menu-item-type-post_type menu-item-object-page td-no-down-arrow menu-item-2040\"><a href=\"https:\/\/altaraqicenter.org\/fr\/etudes-mediterraneennes\/\"><i id=\"fac_69df45a114abc\" class=\"fa fa-circle\"><\/i>\n Etudes M\u00e9diterran\u00e9ennes<\/a><\/li>\n\t<li id=\"menu-item-2041\" class=\"menu-item menu-item-type-post_type menu-item-object-page td-no-down-arrow menu-item-2041\"><a href=\"https:\/\/altaraqicenter.org\/fr\/etudes-chinoises-et-asiatiques\/\"><i id=\"fac_69df45a11662c\" class=\"fa fa-circle\"><\/i>\n Etudes Chinoises et Asiatiques<\/a><\/li>\n\t<li id=\"menu-item-2042\" class=\"menu-item menu-item-type-post_type menu-item-object-page td-no-down-arrow menu-item-2042\"><a href=\"https:\/\/altaraqicenter.org\/fr\/etudes-des-ameriques\/\"><i id=\"fac_69df45a118161\" class=\"fa fa-circle\"><\/i>\n Etudes des Am\u00e9riques<\/a><\/li>\n\t<li id=\"menu-item-2013\" class=\"menu-item menu-item-type-post_type menu-item-object-page td-no-down-arrow menu-item-2013\"><a href=\"https:\/\/altaraqicenter.org\/fr\/minorites-musulmanes-de-par-le-monde\/\"><i id=\"fac_69df45a119f3f\" class=\"fa fa-circle\"><\/i>\n Minorit\u00e9s Musulmanes de par le monde<\/a><\/li>\n\t<li id=\"menu-item-2066\" class=\"menu-item menu-item-type-post_type menu-item-object-page td-no-down-arrow menu-item-2066\"><a href=\"https:\/\/altaraqicenter.org\/fr\/politique-de-sante-globale\/\"><i id=\"fac_69df45a11ba28\" class=\"fa fa-circle\"><\/i>\n Politique de Sant\u00e9 Globale<\/a><\/li>\n<\/ul>\n<\/li>\n<li id=\"menu-item-2031\" class=\"menu-item menu-item-type-post_type menu-item-object-page td-no-down-arrow menu-item-2031\"><a href=\"https:\/\/altaraqicenter.org\/fr\/tendances-generales-et-previsions\/\"><i id=\"fac_69df45a11d431\" class=\"fa fa-circle\"><\/i>\n<b> Tendances G\u00e9n\u00e9rales et Pr\u00e9visions<\/b><\/a><\/li>\n<li id=\"menu-item-2068\" class=\"menu-item menu-item-type-post_type menu-item-object-page td-no-down-arrow menu-item-2068\"><a href=\"https:\/\/altaraqicenter.org\/fr\/a-propos\/\"><font color=\"#61b343\"><b><i id=\"fac_69df45a11eca8\" class=\"fa fa-circle\"><\/i>\n \u00c0 Propos de Nous<\/b><\/font><\/a><\/li>\n<li id=\"menu-item-2509\" class=\"menu-item menu-item-type-post_type menu-item-object-page td-no-down-arrow menu-item-2509\"><a href=\"https:\/\/altaraqicenter.org\/fr\/contactez-nous\/\"><font color=\"#61b343\"><b><i id=\"fac_69df45a1208ed\" class=\"fa fa-circle\"><\/i>\n Contactez-nous<\/b><\/font><\/a><\/li>\n<li id=\"menu-item-2402\" class=\"menu-item menu-item-type-post_type menu-item-object-page td-no-down-arrow menu-item-2402\"><a href=\"https:\/\/altaraqicenter.org\/fr\/mot-de-bienvenue\/\"><font color=\"#61b343\"><b><i id=\"fac_69df45a12222f\" class=\"fa fa-circle\"><\/i>\n Confidentialit\u00e9<\/b><\/font><\/a><\/li>\n<\/ul><\/div><\/aside><\/div><\/div><\/div><div class=\"vc_column td_uid_4_69df45a1268e0_rand  wpb_column vc_column_container tdc-column td-pb-span8\"><div class=\"wpb_wrapper\"><div class=\"wpb_wrapper wpb_text_column td_block_wrap td_block_wrap vc_column_text td_uid_5_69df45a127333_rand  td-pb-border-top td_block_template_1\"  data-td-block-uid=\"td_uid_5_69df45a127333\" \"><div class=\"td-block-title-wrap\"><\/div><div class=\"td-fix-index\"><h2 style=\"text-align: center;\"><span style=\"color: #61b343;\"><strong><span style=\"text-decoration: underline;\">Mot de <span style=\"color: #61b343;\">Bienvenue<\/span><\/span><\/strong><\/span><\/h2>\n<\/div><\/div><div class=\"wpb_wrapper wpb_text_column td_block_wrap td_block_wrap vc_column_text td_uid_6_69df45a13714d_rand  td-pb-border-top td_block_template_1\"  data-td-block-uid=\"td_uid_6_69df45a13714d\" \"><div class=\"td-block-title-wrap\"><\/div><div class=\"td-fix-index\"><p>Au nom d\u2019Allah Le Tout Mis\u00e9ricordieux, Le Tr\u00e8s Mis\u00e9ricordieux. Assalamu Alaikum et bienvenue sur le site officiel du &#8220;Centre alTaraqi pour Etudes Strat\u00e9giques.&#8221; C\u2019est un Centre alg\u00e9rien qui vise \u00e0 fournir le climat appropri\u00e9 pour une action politique distincte fond\u00e9e sur des \u00e9tudes scientifiques clairement bas\u00e9es sur une r\u00e9f\u00e9rence intellectuelle sp\u00e9cifique, et une vision politique dot\u00e9e de la dimension sociale et de la profondeur civilisationnelle. Cela afin d\u2019\u00e9laborer un mod\u00e8le d&#8217;action politique typique au sein de la soci\u00e9t\u00e9 alg\u00e9rienne, qui sensibilisera le citoyen sur les d\u00e9veloppements nationaux, r\u00e9gionaux et internationaux, lui permettant d\u2019assumer ses obligations sociales et de se lib\u00e9rer de la &#8221; pr\u00e9disposition \u00e0 la d\u00e9pendance de l\u2019\u00e9tranger&#8221;. \u00a0Tout ceci contribuera \u00e0 renforcer le r\u00e9seau des relations sociales n\u00e9cessaire \u00e0 l&#8217;exercice de l\u2019action sociale commune, assurant ainsi la solidit\u00e9 de la d\u00e9cision politique qui renforcera l&#8217;ind\u00e9pendance du pays et le progr\u00e8s de la soci\u00e9t\u00e9.<\/p>\n<p>L&#8217;Alg\u00e9rie aspire \u00e0 une prise de conscience des facteurs internes et externes qui ont conduit, malgr\u00e9 ses capacit\u00e9s mat\u00e9rielles et humaines \u00e9normes, \u00e0 l\u2019\u00e9chec des politiques publiques et des projets de d\u00e9veloppement des gouvernements successifs, ce qui a conduit \u00e0 la subordination presque absolue de l&#8217;\u00e9tat \u00e0 l&#8217;\u00e9tranger, mettant en p\u00e9ril les int\u00e9r\u00eats strat\u00e9giques du peuple et mena\u00e7ant son unit\u00e9. Ses citoyens aspirent \u00e9galement \u00e0 une vision claire et des solutions pratiques leur permettant de surmonter ces probl\u00e8mes, et d\u2019\u00eatre rassur\u00e9s sur leur avenir.<\/p>\n<p>Il est possible de surmonter les probl\u00e8mes actuels de l&#8217;Alg\u00e9rie et r\u00e9aliser le progr\u00e8s de la soci\u00e9t\u00e9. L\u2019entraide et la solidarit\u00e9 sociale sont parmi les valeurs les plus importantes de son peuple, ce qui est un atout tr\u00e8s important qui a besoin d\u2019\u00eatre investi. De m\u00eame l&#8217;Alg\u00e9rie poss\u00e8de\u00a0:<\/p>\n<ul>\n<li>un patrimoine historique et culturel riche, \u2022 une tradition de pluralisme et de respect de la diversit\u00e9 riche et profond\u00e9ment enracin\u00e9e, \u2022 des ressources humaines jeunes et dynamiques \u2022 des ressources naturelles souterraines et de surface riches, \u2022 le potentiel de devenir un grand centre d\u2019attraction pour touristes en raison de sa beaut\u00e9 naturelle \u2022 un emplacement g\u00e9ographique strat\u00e9gique, ce qui l\u2019aidera \u00e0 assumer un r\u00f4le influent dans la r\u00e9gion pour le b\u00e9n\u00e9fice de notre peuple et de tous les peuples du Maghreb.<\/li>\n<\/ul>\n<p>Cependant la situation de l&#8217;Alg\u00e9rie depuis l&#8217;aube de l&#8217;ind\u00e9pendance montre clairement que ces caract\u00e9ristiques ne suffisent pas \u00e0 assurer la stabilit\u00e9 et la prosp\u00e9rit\u00e9. Nous avons besoin de l\u2019action des hommes et des femmes, qui reconnaissent la n\u00e9cessit\u00e9 de travailler s\u00e9rieusement et activement afin d\u2019\u00e9laborer de meilleures politiques, de les renforcer par des institutions gouvernementales plus efficaces, d&#8217;investir ces ressources naturelles et humaines et les valoriser, et d&#8217;encourager les jeunes \u00e9nergies qui ont la capacit\u00e9 de production scientifique et de cr\u00e9ativit\u00e9. L&#8217;Alg\u00e9rie est dans le besoin et sans d\u00e9lai d\u2019une nouvelle lecture de sa situation et son traitement.<\/p>\n<p>Tout ce qui pr\u00e9c\u00e8de peut \u00eatre atteint \u00e0 travers une institution pour \u00e9tudes strat\u00e9giques, politiques, \u00e9conomiques, et sociales, dont les responsables adoptent des crit\u00e8res \u00a0scientifiques hautement efficaces dans leurs \u00e9tudes sur le comment faire progresser la soci\u00e9t\u00e9 alg\u00e9rienne et am\u00e9liorer sa situation dans les diff\u00e9rents domaines de la libert\u00e9, de la gouvernance, de la science et de la technologie, de la modernisation, de la qualit\u00e9 de la vie, et celui de l&#8217;\u00e9radication de la pauvret\u00e9 , la corruption, et &#8220;l&#8217;humiliation&#8221;. Des responsables qui pr\u00e9sentent des solutions contemporaines, rationnelles, r\u00e9alistes, et faciles \u00e0 mettre en \u0153uvre, pour permettre \u00e0 notre pays de se lancer dans un d\u00e9veloppement \u00e9conomique qui mettra fin \u00e0 la mauvaise r\u00e9partition du revenu national, et assurera l&#8217;\u00e9galit\u00e9 des chances pour tous les citoyens. Ceci afin d&#8217;am\u00e9liorer leur situation humanitaire, de renouveler leur confiance dans les institutions de l&#8217;Etat et le service public, et mobiliser les capacit\u00e9s humaines et l&#8217;exploitation rationnelle des ressources naturelles qui ont \u00e9t\u00e9 d\u00e9laiss\u00e9s pendant des ann\u00e9es. Et afin que l\u2019Alg\u00e9rie devienne un pays producteur avec une croissance continue.<\/p>\n<p>L\u2019Alg\u00e9rie a besoin d\u2019un effort de r\u00e9flexion acad\u00e9mique et politique capable de percevoir clairement les besoins pr\u00e9sents et futurs\u00a0; de cadres nationalistes avec de hautes valeurs morales, et dot\u00e9s de l\u2019exp\u00e9rience et de la connaissance contemporaine\u00a0; des projets et des programmes r\u00e9alistes bas\u00e9s sur des \u00e9tudes scientifiquement cr\u00e9dible ouvrant aux Alg\u00e9riens des horizons nouveaux. Pour cela, il a \u00e9t\u00e9 \u00e9tabli pour le Centre alTaraqi pour Etudes Strat\u00e9giques (Centre).<\/p>\n<p><span style=\"color: #61b343;\"><strong>Mission et objectifs du Centre\u00a0:<\/strong><\/span><\/p>\n<p>La Mission du Centre est d\u2019aider les individus et les institutions \u00e0 comprendre l&#8217;\u00e9volution constante du monde qui devient de plus en plus complexe, et de proposer des politiques permettant d&#8217;interagir proprement avec cette \u00e9volution. Ceci \u00e0 travers la pr\u00e9sentation d&#8217;\u00e9tudes, l\u2019organisation d&#8217;ateliers et de s\u00e9minaires scientifiques, ainsi que la publication de rapports et magazines p\u00e9riodiques.<\/p>\n<p>Le Centre aspire \u00e0 renforcer les fondements de choix conscient du peuple alg\u00e9rien et des dirigeants, et \u00e0 devenir un parmi les affluents de la recherche strat\u00e9gique en Alg\u00e9rie. En effet le Centre fonctionne par le biais d\u2019Unit\u00e9s d\u2019Etudes afin de comprendre d\u2019une mani\u00e8re pr\u00e9cise la situation dans notre pays l&#8217;Alg\u00e9rie, notre r\u00e9gion du Maghreb, le Monde Musulman et l&#8217;Afrique, le bassin M\u00e9diterran\u00e9en et au niveau International ; et trouver des solutions aux probl\u00e8mes les plus complexes. Tout cela afin de renforcer la paix sociale et consolider le r\u00e9seau des relations sociales, promouvoir le bien-\u00eatre des citoyens, d\u00e9velopper une approche pratique pour assurer la s\u00e9curit\u00e9 alimentaire et s\u00e9curiser les sources d&#8217;\u00e9nergie vitale, tracer une strat\u00e9gie pour la s\u00e9curit\u00e9 dans la r\u00e9gion et renforcer la diplomatie, et pour d\u00e9velopper des sc\u00e9narios prospectifs pour l&#8217;avenir.<\/p>\n<p>Tous ceux en charge du Centre, qu\u2019ils soient des politiques ou acad\u00e9miciens experts, sont unis par le m\u00eame objectif : contribuer \u00e0 offrir les meilleures conditions pour l&#8217;\u00e9mancipation civilisationnelle du peuple, et pour construire une Alg\u00e9rie plus prosp\u00e8res, un espace Maghr\u00e9bin int\u00e9gr\u00e9, un Monde Musulman et une Afrique dans une meilleure situation, plus d\u00e9velopp\u00e9 et plus s\u00e9curis\u00e9.<\/p>\n<p>Les responsables du Centre sont d\u00e9termin\u00e9s avec l&#8217;aide d\u2019Allah et gr\u00e2ce \u00e0 cette nouvelle institution scientifique, de contribuer aux efforts nationaux visant \u00e0 remettre l&#8217;Alg\u00e9rie sur son chemin, et recouvrir sa s\u00e9r\u00e9nit\u00e9, et \u00e0 mobiliser et activer le potentiel \u00e9nerg\u00e9tique \u00e9norme de l&#8217;Alg\u00e9rie pour la libert\u00e9, la justice sociale et le d\u00e9veloppement \u00e9conomique du pays.<\/p>\n<p><span style=\"color: #61b343;\"><strong>Les Domaines des \u00c9tudes du Centre<\/strong> :<\/span><\/p>\n<p>Le Centre offre des analyses et des \u00e9tudes dans les divers domaines politique, sociale, \u00e9conomique, \u00e9nerg\u00e9tique, de la s\u00e9curit\u00e9 et des relations internationales, organise des ateliers et des symposiums scientifiques, et publie des rapports p\u00e9riodiques ainsi qu\u2019un magazine trimestriel. Tout ceci \u00e0 travers des Unit\u00e9s d\u2019Etudes\u00a0; parmi lesquelles\u00a0:<\/p>\n<p>1) Unit\u00e9 des Etudes Alg\u00e9riennes\u00a0:<\/p>\n<p>L&#8217;Alg\u00e9rie a des ressources humaines jeunes et dynamiques, et des ressources naturelles souterraines et de surface riche, qui peuvent contribuer beaucoup \u00e0 surmonter les probl\u00e8mes actuels du pays si elles \u00e9taient exploit\u00e9es convenablement. L\u2019Unit\u00e9 des Etudes Alg\u00e9riennes\u00a0\u0153uvre \u00e0 r\u00e9pertorier ces ressources et \u00e0 rationaliser leur utilisation conform\u00e9ment aux besoins du pays.<\/p>\n<p>L\u2019Unit\u00e9 fournit aussi des analyses et \u00e9tudes sur le programme du gouvernement, enrichissant les parties qui servent les int\u00e9r\u00eats strat\u00e9giques du pays. Quant aux parties du programme qu\u2019elle consid\u00e8re comme non acceptable, l\u2019unit\u00e9 propose des solutions de rechange qui sont propices \u00e0 la r\u00e9alisation de la bonne gouvernance, \u00e0 l\u2019int\u00e9gration des secteurs priv\u00e9 et public, \u00e0 faire face \u00e0 la corruption, et \u00e0 encourager la responsabilisation.<\/p>\n<p>2) Unit\u00e9 d&#8217;Etudes de S\u00e9curit\u00e9 et la D\u00e9fense\u00a0:<\/p>\n<p>L\u2019Unit\u00e9 fournie une r\u00e9flexion strat\u00e9gique sur la fa\u00e7on dont devrait \u00eatre structur\u00e9es les institutions militaires et de s\u00e9curit\u00e9, et \u00eatre d\u00e9mocratiquement contr\u00f4l\u00e9es afin de pr\u00e9venir et faire face aux menaces potentielles \u00e0 notre s\u00e9curit\u00e9 nationale, notre pays, et notre r\u00e9gion. L\u2019Unit\u00e9 \u00e9tudie aussi quelle serait la meilleure mani\u00e8re pour notre pays pour construire une soci\u00e9t\u00e9 qui b\u00e9n\u00e9ficierait de la s\u00e9curit\u00e9 et de la paix sociale.<\/p>\n<p>3) Unit\u00e9 d\u2019Etudes Maghr\u00e9bines, du Monde Musulman et de\u00a0l\u2019Afrique\u00a0:<\/p>\n<p>4) Unit\u00e9 d\u2019Etudes des Relations M\u00e9diterran\u00e9ennes et Internationales\u00a0: (\u00e9tudes Europ\u00e9ennes, Am\u00e9ricaines et Asiatiques)<\/p>\n<p>5) Unit\u00e9 d\u2019Etudes des Tendances G\u00e9n\u00e9rales et des Pr\u00e9visions\u00a0:<\/p>\n<p>Le Centre va commencer graduellement, selon ses propres moyens, par les Etudes Alg\u00e9riennes, Etudes de S\u00e9curit\u00e9, Etudes des technologiques nationales, et Etudes de l&#8217;int\u00e9gration \u00e9conomique du Maghreb, puis le reste des Etudes.<\/p>\n<\/div><\/div><\/div><\/div><\/div><\/div>\r\n\t\t<script>\r\n\r\n\t\t\tjQuery(window).load(function () {\r\n\t\t\t\tjQuery('body').find('#td_uid_1_69df45a0c22c3 .td-element-style').each(function (index, element) {\r\n\t\t\t\t\tjQuery(element).css('opacity', 1);\r\n\t\t\t\t\treturn;\r\n\t\t\t\t});\r\n\t\t\t});\r\n\r\n\t\t<\/script>\r\n\r\n\t\t\r\n\t\t\t<script>\r\n\r\n\t\t\t\tjQuery(window).ready(function () {\r\n\r\n\t\t\t\t\t\/\/ We need timeout because the content must be rendered and interpreted on client\r\n\t\t\t\t\tsetTimeout(function () {\r\n\r\n\t\t\t\t\t\tvar $content = jQuery('body').find('#tdc-live-iframe'),\r\n\t\t\t\t\t\t\trefWindow = undefined;\r\n\r\n\t\t\t\t\t\tif ($content.length) {\r\n\t\t\t\t\t\t\t$content = $content.contents();\r\n\t\t\t\t\t\t\trefWindow = document.getElementById('tdc-live-iframe').contentWindow || document.getElementById('tdc-live-iframe').contentDocument;\r\n\r\n\t\t\t\t\t\t} else {\r\n\t\t\t\t\t\t\t$content = jQuery('body');\r\n\t\t\t\t\t\t\trefWindow = window;\r\n\t\t\t\t\t\t}\r\n\r\n\t\t\t\t\t\t$content.find('#td_uid_1_69df45a0c22c3 .td-element-style').each(function (index, element) {\r\n\t\t\t\t\t\t\tjQuery(element).css('opacity', 1);\r\n\t\t\t\t\t\t\treturn;\r\n\t\t\t\t\t\t});\r\n\t\t\t\t\t});\r\n\r\n\t\t\t\t}, 200);\r\n\t\t\t<\/script>\r\n\r\n\t\t\t","protected":false},"excerpt":{"rendered":"\/* custom css *\/ .td_uid_7_69df45a13ff8b_rand { min-height: 0; } Accueil Ev\u00e9nements Mot de Bienvenue Etudes Alg\u00e9riennes Reformes Politiques Politique Sociale Administration Publique Ressources Humaines Ressources Naturelles Finance, Economie et Commerce Politique Energetique D\u00e9fense et de S\u00e9curit\u00e9 Securit\u00e9 Nationale Acquisition et ressources Strat\u00e9gie Militaire Technologie Energie Alter. et Changement Climatique Maghreb, Monde Musulman et Afrique Int\u00e9gration [...]","protected":false},"author":1,"featured_media":0,"parent":0,"menu_order":0,"comment_status":"closed","ping_status":"closed","template":"","meta":[],"_links":{"self":[{"href":"https:\/\/altaraqicenter.org\/fr\/wp-json\/wp\/v2\/pages\/1011"}],"collection":[{"href":"https:\/\/altaraqicenter.org\/fr\/wp-json\/wp\/v2\/pages"}],"about":[{"href":"https:\/\/altaraqicenter.org\/fr\/wp-json\/wp\/v2\/types\/page"}],"author":[{"embeddable":true,"href":"https:\/\/altaraqicenter.org\/fr\/wp-json\/wp\/v2\/users\/1"}],"replies":[{"embeddable":true,"href":"https:\/\/altaraqicenter.org\/fr\/wp-json\/wp\/v2\/comments?post=1011"}],"version-history":[{"count":3,"href":"https:\/\/altaraqicenter.org\/fr\/wp-json\/wp\/v2\/pages\/1011\/revisions"}],"predecessor-version":[{"id":2404,"href":"https:\/\/altaraqicenter.org\/fr\/wp-json\/wp\/v2\/pages\/1011\/revisions\/2404"}],"wp:attachment":[{"href":"https:\/\/altaraqicenter.org\/fr\/wp-json\/wp\/v2\/media?parent=1011"}],"curies":[{"name":"wp","href":"https:\/\/api.w.org\/{rel}","templated":true}]}}