{"id":155,"date":"2015-09-02T23:47:38","date_gmt":"2015-09-02T23:47:38","guid":{"rendered":"http:\/\/491.8b4.myftpupload.com\/?page_id=155"},"modified":"2016-02-10T17:06:06","modified_gmt":"2016-02-10T17:06:06","slug":"evenements","status":"publish","type":"page","link":"https:\/\/altaraqicenter.org\/fr\/evenements\/","title":{"rendered":"Ev\u00e9nements"},"content":{"rendered":"<div id=\"td_uid_1_69df2fbdacc84\" class=\"tdc-row\"><div class=\"vc_row td_uid_1_69df2fbdacd0d_rand  wpb_row td-pb-row\" >\n<style scoped>\n\n\/* custom css *\/\n.td_uid_1_69df2fbdacd0d_rand {\r\n                    min-height: 0;\r\n                }\n<\/style><div class=\"vc_column td_uid_2_69df2fbdad32f_rand  wpb_column vc_column_container tdc-column td-pb-span4\"><div class=\"wpb_wrapper\"><div class=\"wpb_wrapper td_block_wrap vc_widget_sidebar td_uid_3_69df2fbdad52a_rand \" ><aside class=\"td_block_template_1 widget widget_nav_menu\"><div class=\"menu-left-menu-container\"><ul id=\"menu-left-menu\" class=\"menu\"><li id=\"menu-item-1986\" class=\"menu-item menu-item-type-post_type menu-item-object-page menu-item-home menu-item-first td-no-down-arrow menu-item-1986\"><a href=\"https:\/\/altaraqicenter.org\/fr\/\"><font color=\"#61b343\"><b><i id=\"fac_69df2fbdb7538\" class=\"fa fa-circle\"><\/i>\n Accueil<\/b><\/font><\/a><\/li>\n<li id=\"menu-item-1988\" class=\"menu-item menu-item-type-post_type menu-item-object-page td-no-down-arrow menu-item-1988\"><a href=\"https:\/\/altaraqicenter.org\/fr\/evenements\/\"><font color=\"#61b343\"><b><i id=\"fac_69df2fbdba7f0\" class=\"fa fa-circle\"><\/i>\n Ev\u00e9nements<\/b><\/font><\/a><\/li>\n<li id=\"menu-item-1987\" class=\"menu-item menu-item-type-post_type menu-item-object-page td-no-down-arrow menu-item-1987\"><a href=\"https:\/\/altaraqicenter.org\/fr\/mot-de-bienvenue-2\/\"><font color=\"#61b343\"><b><i id=\"fac_69df2fbdbc5f7\" class=\"fa fa-circle\"><\/i>\n Mot de Bienvenue<\/b><\/font><\/a><\/li>\n<li id=\"menu-item-1989\" class=\"menu-item menu-item-type-post_type menu-item-object-page menu-item-has-children td-no-down-arrow menu-item-1989\"><a href=\"https:\/\/altaraqicenter.org\/fr\/etudes-algeriennes\/\"><b><i id=\"fac_69df2fbdbe045\" class=\"fa fa-circle\"><\/i>\n Etudes Alg\u00e9riennes<\/b><\/a>\n<ul class=\"sub-menu\">\n\t<li id=\"menu-item-2021\" class=\"menu-item menu-item-type-post_type menu-item-object-page td-no-down-arrow menu-item-2021\"><a href=\"https:\/\/altaraqicenter.org\/fr\/reformes-politiques\/\"><i id=\"fac_69df2fbdbfa08\" class=\"fa fa-circle\"><\/i>\n Reformes Politiques<\/a><\/li>\n\t<li id=\"menu-item-2435\" class=\"menu-item menu-item-type-custom menu-item-object-custom td-no-down-arrow menu-item-2435\"><a href=\"#\"><i id=\"fac_69df2fbdc170b\" class=\"fa fa-circle\"><\/i>\n Politique Sociale<\/a><\/li>\n\t<li id=\"menu-item-2436\" class=\"menu-item menu-item-type-custom menu-item-object-custom td-no-down-arrow menu-item-2436\"><a href=\"#\"><i id=\"fac_69df2fbdc3129\" class=\"fa fa-circle\"><\/i>\n Administration Publique<\/a><\/li>\n\t<li id=\"menu-item-2437\" class=\"menu-item menu-item-type-custom menu-item-object-custom td-no-down-arrow menu-item-2437\"><a href=\"#\"><i id=\"fac_69df2fbdc5640\" class=\"fa fa-circle\"><\/i>\nRessources Humaines<\/a><\/li>\n\t<li id=\"menu-item-2438\" class=\"menu-item menu-item-type-custom menu-item-object-custom td-no-down-arrow menu-item-2438\"><a href=\"#\"><i id=\"fac_69df2fbdc7279\" class=\"fa fa-circle\"><\/i>\n Ressources Naturelles<\/a><\/li>\n\t<li id=\"menu-item-2439\" class=\"menu-item menu-item-type-custom menu-item-object-custom td-no-down-arrow menu-item-2439\"><a href=\"#\"><i id=\"fac_69df2fbdc8ed6\" class=\"fa fa-circle\"><\/i>\n Finance, Economie et Commerce<\/a><\/li>\n\t<li id=\"menu-item-2440\" class=\"menu-item menu-item-type-custom menu-item-object-custom td-no-down-arrow menu-item-2440\"><a href=\"#\"><i id=\"fac_69df2fbdcab51\" class=\"fa fa-circle\"><\/i>\n Politique Energetique<\/a><\/li>\n<\/ul>\n<\/li>\n<li id=\"menu-item-2037\" class=\"menu-item menu-item-type-post_type menu-item-object-page menu-item-has-children td-no-down-arrow menu-item-2037\"><a href=\"https:\/\/altaraqicenter.org\/fr\/defense-et-de-securite\/\"><i id=\"fac_69df2fbdccee6\" class=\"fa fa-circle\"><\/i>\n<b> D\u00e9fense et de S\u00e9curit\u00e9<\/b><\/a>\n<ul class=\"sub-menu\">\n\t<li id=\"menu-item-2027\" class=\"menu-item menu-item-type-post_type menu-item-object-page td-no-down-arrow menu-item-2027\"><a href=\"https:\/\/altaraqicenter.org\/fr\/securite-nationale\/\"><i id=\"fac_69df2fbdce854\" class=\"fa fa-circle\"><\/i>\n Securit\u00e9 Nationale<\/a><\/li>\n\t<li id=\"menu-item-2038\" class=\"menu-item menu-item-type-post_type menu-item-object-page td-no-down-arrow menu-item-2038\"><a href=\"https:\/\/altaraqicenter.org\/fr\/acquisition-et-ressources\/\"><i id=\"fac_69df2fbdd007e\" class=\"fa fa-circle\"><\/i>\n Acquisition et ressources<\/a><\/li>\n\t<li id=\"menu-item-2029\" class=\"menu-item menu-item-type-post_type menu-item-object-page td-no-down-arrow menu-item-2029\"><a href=\"https:\/\/altaraqicenter.org\/fr\/strategie-militaire\/\"><i id=\"fac_69df2fbdd15ad\" class=\"fa fa-circle\"><\/i>\n Strat\u00e9gie Militaire<\/a><\/li>\n\t<li id=\"menu-item-2030\" class=\"menu-item menu-item-type-post_type menu-item-object-page td-no-down-arrow menu-item-2030\"><a href=\"https:\/\/altaraqicenter.org\/fr\/technologie\/\"><i id=\"fac_69df2fbdd2d35\" class=\"fa fa-circle\"><\/i>\n Technologie<\/a><\/li>\n\t<li id=\"menu-item-2039\" class=\"menu-item menu-item-type-post_type menu-item-object-page td-no-down-arrow menu-item-2039\"><a href=\"https:\/\/altaraqicenter.org\/fr\/energie-alter-et-changement-climatique\/\"><i id=\"fac_69df2fbdd45d8\" class=\"fa fa-circle\"><\/i>\n Energie Alter. et Changement Climatique<\/a><\/li>\n<\/ul>\n<\/li>\n<li id=\"menu-item-2012\" class=\"menu-item menu-item-type-post_type menu-item-object-page menu-item-has-children td-no-down-arrow menu-item-2012\"><a href=\"https:\/\/altaraqicenter.org\/fr\/maghreb-monde-musulman-et-afrique\/\"><i id=\"fac_69df2fbdd5ea6\" class=\"fa fa-circle\"><\/i>\n<b> Maghreb, Monde Musulman et Afrique<\/b><\/a>\n<ul class=\"sub-menu\">\n\t<li id=\"menu-item-2011\" class=\"menu-item menu-item-type-post_type menu-item-object-page td-no-down-arrow menu-item-2011\"><a href=\"https:\/\/altaraqicenter.org\/fr\/integration-economique-regionale\/\"><i id=\"fac_69df2fbdd7c99\" class=\"fa fa-circle\"><\/i>\n Int\u00e9gration Economique R\u00e9gionale<\/a><\/li>\n\t<li id=\"menu-item-2017\" class=\"menu-item menu-item-type-post_type menu-item-object-page td-no-down-arrow menu-item-2017\"><a href=\"https:\/\/altaraqicenter.org\/fr\/points-chauds-de-tension\/\"><i id=\"fac_69df2fbdd960c\" class=\"fa fa-circle\"><\/i>\n Points Chauds de tension<\/a><\/li>\n<\/ul>\n<\/li>\n<li id=\"menu-item-2022\" class=\"menu-item menu-item-type-post_type menu-item-object-page menu-item-has-children td-no-down-arrow menu-item-2022\"><a href=\"https:\/\/altaraqicenter.org\/fr\/relations-mediterraneennes-et-internationales\/\"><i id=\"fac_69df2fbddb17c\" class=\"fa fa-circle\"><\/i>\n<b> Relations M\u00e9diterran\u00e9ennes et Internationales<\/b><\/a>\n<ul class=\"sub-menu\">\n\t<li id=\"menu-item-2040\" class=\"menu-item menu-item-type-post_type menu-item-object-page td-no-down-arrow menu-item-2040\"><a href=\"https:\/\/altaraqicenter.org\/fr\/etudes-mediterraneennes\/\"><i id=\"fac_69df2fbddd0d0\" class=\"fa fa-circle\"><\/i>\n Etudes M\u00e9diterran\u00e9ennes<\/a><\/li>\n\t<li id=\"menu-item-2041\" class=\"menu-item menu-item-type-post_type menu-item-object-page td-no-down-arrow menu-item-2041\"><a href=\"https:\/\/altaraqicenter.org\/fr\/etudes-chinoises-et-asiatiques\/\"><i id=\"fac_69df2fbddf3b6\" class=\"fa fa-circle\"><\/i>\n Etudes Chinoises et Asiatiques<\/a><\/li>\n\t<li id=\"menu-item-2042\" class=\"menu-item menu-item-type-post_type menu-item-object-page td-no-down-arrow menu-item-2042\"><a href=\"https:\/\/altaraqicenter.org\/fr\/etudes-des-ameriques\/\"><i id=\"fac_69df2fbde132e\" class=\"fa fa-circle\"><\/i>\n Etudes des Am\u00e9riques<\/a><\/li>\n\t<li id=\"menu-item-2013\" class=\"menu-item menu-item-type-post_type menu-item-object-page td-no-down-arrow menu-item-2013\"><a href=\"https:\/\/altaraqicenter.org\/fr\/minorites-musulmanes-de-par-le-monde\/\"><i id=\"fac_69df2fbde2f6f\" class=\"fa fa-circle\"><\/i>\n Minorit\u00e9s Musulmanes de par le monde<\/a><\/li>\n\t<li id=\"menu-item-2066\" class=\"menu-item menu-item-type-post_type menu-item-object-page td-no-down-arrow menu-item-2066\"><a href=\"https:\/\/altaraqicenter.org\/fr\/politique-de-sante-globale\/\"><i id=\"fac_69df2fbde47e9\" class=\"fa fa-circle\"><\/i>\n Politique de Sant\u00e9 Globale<\/a><\/li>\n<\/ul>\n<\/li>\n<li id=\"menu-item-2031\" class=\"menu-item menu-item-type-post_type menu-item-object-page td-no-down-arrow menu-item-2031\"><a href=\"https:\/\/altaraqicenter.org\/fr\/tendances-generales-et-previsions\/\"><i id=\"fac_69df2fbde6050\" class=\"fa fa-circle\"><\/i>\n<b> Tendances G\u00e9n\u00e9rales et Pr\u00e9visions<\/b><\/a><\/li>\n<li id=\"menu-item-2068\" class=\"menu-item menu-item-type-post_type menu-item-object-page td-no-down-arrow menu-item-2068\"><a href=\"https:\/\/altaraqicenter.org\/fr\/a-propos\/\"><font color=\"#61b343\"><b><i id=\"fac_69df2fbde799f\" class=\"fa fa-circle\"><\/i>\n \u00c0 Propos de Nous<\/b><\/font><\/a><\/li>\n<li id=\"menu-item-2509\" class=\"menu-item menu-item-type-post_type menu-item-object-page td-no-down-arrow menu-item-2509\"><a href=\"https:\/\/altaraqicenter.org\/fr\/contactez-nous\/\"><font color=\"#61b343\"><b><i id=\"fac_69df2fbde94d9\" class=\"fa fa-circle\"><\/i>\n Contactez-nous<\/b><\/font><\/a><\/li>\n<li id=\"menu-item-2402\" class=\"menu-item menu-item-type-post_type menu-item-object-page td-no-down-arrow menu-item-2402\"><a href=\"https:\/\/altaraqicenter.org\/fr\/mot-de-bienvenue\/\"><font color=\"#61b343\"><b><i id=\"fac_69df2fbdeaec4\" class=\"fa fa-circle\"><\/i>\n Confidentialit\u00e9<\/b><\/font><\/a><\/li>\n<\/ul><\/div><\/aside><\/div><\/div><\/div><div class=\"vc_column td_uid_4_69df2fbdee68f_rand  wpb_column vc_column_container tdc-column td-pb-span8\"><div class=\"wpb_wrapper\"><div class=\"wpb_wrapper wpb_text_column td_block_wrap td_block_wrap vc_column_text td_uid_5_69df2fbdeed7b_rand  td-pb-border-top td_block_template_1\"  data-td-block-uid=\"td_uid_5_69df2fbdeed7b\" \"><div class=\"td-block-title-wrap\"><\/div><div class=\"td-fix-index\"><h2 style=\"text-align: center;\"><span style=\"color: #61b343;\"><strong><span style=\"text-decoration: underline;\">\u00c9v\u00e9nement<\/span><\/strong><\/span><\/h2>\n<\/div><\/div><div class=\"td_block_wrap td_block_5 td_uid_7_69df2fbe02ee0_rand td_with_ajax_pagination td-pb-border-top td_block_template_1 tdc-no-posts td-column-2 td_block_padding\"  data-td-block-uid=\"td_uid_7_69df2fbe02ee0\" ><script>var block_td_uid_7_69df2fbe02ee0 = new tdBlock();\nblock_td_uid_7_69df2fbe02ee0.id = \"td_uid_7_69df2fbe02ee0\";\nblock_td_uid_7_69df2fbe02ee0.atts = '{\"custom_title\":\"\\u00c9v\\u00e9nement R\\u00e9cent\",\"category_id\":\"7\",\"limit\":\"10\",\"td_filter_default_txt\":\"Tout\",\"ajax_pagination\":\"load_more\",\"separator\":\"\",\"custom_url\":\"\",\"block_template_id\":\"\",\"m3_tl\":\"\",\"post_ids\":\"\",\"category_ids\":\"\",\"tag_slug\":\"\",\"autors_id\":\"\",\"installed_post_types\":\"\",\"sort\":\"\",\"offset\":\"\",\"el_class\":\"\",\"td_ajax_filter_type\":\"\",\"td_ajax_filter_ids\":\"\",\"td_ajax_preloading\":\"\",\"f_header_font_header\":\"\",\"f_header_font_title\":\"Block header\",\"f_header_font_settings\":\"\",\"f_header_font_family\":\"\",\"f_header_font_size\":\"\",\"f_header_font_line_height\":\"\",\"f_header_font_style\":\"\",\"f_header_font_weight\":\"\",\"f_header_font_transform\":\"\",\"f_header_font_spacing\":\"\",\"f_header_\":\"\",\"f_ajax_font_title\":\"Ajax categories\",\"f_ajax_font_settings\":\"\",\"f_ajax_font_family\":\"\",\"f_ajax_font_size\":\"\",\"f_ajax_font_line_height\":\"\",\"f_ajax_font_style\":\"\",\"f_ajax_font_weight\":\"\",\"f_ajax_font_transform\":\"\",\"f_ajax_font_spacing\":\"\",\"f_ajax_\":\"\",\"f_more_font_title\":\"Load more button\",\"f_more_font_settings\":\"\",\"f_more_font_family\":\"\",\"f_more_font_size\":\"\",\"f_more_font_line_height\":\"\",\"f_more_font_style\":\"\",\"f_more_font_weight\":\"\",\"f_more_font_transform\":\"\",\"f_more_font_spacing\":\"\",\"f_more_\":\"\",\"m3f_title_font_header\":\"\",\"m3f_title_font_title\":\"Article title\",\"m3f_title_font_settings\":\"\",\"m3f_title_font_family\":\"\",\"m3f_title_font_size\":\"\",\"m3f_title_font_line_height\":\"\",\"m3f_title_font_style\":\"\",\"m3f_title_font_weight\":\"\",\"m3f_title_font_transform\":\"\",\"m3f_title_font_spacing\":\"\",\"m3f_title_\":\"\",\"m3f_cat_font_title\":\"Article category tag\",\"m3f_cat_font_settings\":\"\",\"m3f_cat_font_family\":\"\",\"m3f_cat_font_size\":\"\",\"m3f_cat_font_line_height\":\"\",\"m3f_cat_font_style\":\"\",\"m3f_cat_font_weight\":\"\",\"m3f_cat_font_transform\":\"\",\"m3f_cat_font_spacing\":\"\",\"m3f_cat_\":\"\",\"m3f_meta_font_title\":\"Article meta info\",\"m3f_meta_font_settings\":\"\",\"m3f_meta_font_family\":\"\",\"m3f_meta_font_size\":\"\",\"m3f_meta_font_line_height\":\"\",\"m3f_meta_font_style\":\"\",\"m3f_meta_font_weight\":\"\",\"m3f_meta_font_transform\":\"\",\"m3f_meta_font_spacing\":\"\",\"m3f_meta_\":\"\",\"ajax_pagination_infinite_stop\":\"\",\"css\":\"\",\"tdc_css\":\"\",\"td_column_number\":2,\"header_color\":\"\",\"color_preset\":\"\",\"border_top\":\"\",\"class\":\"td_uid_7_69df2fbe02ee0_rand\",\"tdc_css_class\":\"td_uid_7_69df2fbe02ee0_rand\",\"tdc_css_class_style\":\"td_uid_7_69df2fbe02ee0_rand_style\"}';\nblock_td_uid_7_69df2fbe02ee0.td_column_number = \"2\";\nblock_td_uid_7_69df2fbe02ee0.block_type = \"td_block_5\";\nblock_td_uid_7_69df2fbe02ee0.post_count = \"0\";\nblock_td_uid_7_69df2fbe02ee0.found_posts = \"0\";\nblock_td_uid_7_69df2fbe02ee0.header_color = \"\";\nblock_td_uid_7_69df2fbe02ee0.ajax_pagination_infinite_stop = \"\";\nblock_td_uid_7_69df2fbe02ee0.max_num_pages = \"0\";\ntdBlocksArray.push(block_td_uid_7_69df2fbe02ee0);\n<\/script><div class=\"td-block-title-wrap\"><h4 class=\"block-title td-block-title\"><span class=\"td-pulldown-size\">\u00c9v\u00e9nement R\u00e9cent<\/span><\/h4><\/div><div id=td_uid_7_69df2fbe02ee0 class=\"td_block_inner\"><\/div><\/div> <!-- .\/block --><\/div><\/div><\/div><\/div>\r\n\t\t<script>\r\n\r\n\t\t\tjQuery(window).load(function () {\r\n\t\t\t\tjQuery('body').find('#td_uid_1_69df2fbdacc84 .td-element-style').each(function (index, element) {\r\n\t\t\t\t\tjQuery(element).css('opacity', 1);\r\n\t\t\t\t\treturn;\r\n\t\t\t\t});\r\n\t\t\t});\r\n\r\n\t\t<\/script>\r\n\r\n\t\t\r\n\t\t\t<script>\r\n\r\n\t\t\t\tjQuery(window).ready(function () {\r\n\r\n\t\t\t\t\t\/\/ We need timeout because the content must be rendered and interpreted on client\r\n\t\t\t\t\tsetTimeout(function () {\r\n\r\n\t\t\t\t\t\tvar $content = jQuery('body').find('#tdc-live-iframe'),\r\n\t\t\t\t\t\t\trefWindow = undefined;\r\n\r\n\t\t\t\t\t\tif ($content.length) {\r\n\t\t\t\t\t\t\t$content = $content.contents();\r\n\t\t\t\t\t\t\trefWindow = document.getElementById('tdc-live-iframe').contentWindow || document.getElementById('tdc-live-iframe').contentDocument;\r\n\r\n\t\t\t\t\t\t} else {\r\n\t\t\t\t\t\t\t$content = jQuery('body');\r\n\t\t\t\t\t\t\trefWindow = window;\r\n\t\t\t\t\t\t}\r\n\r\n\t\t\t\t\t\t$content.find('#td_uid_1_69df2fbdacc84 .td-element-style').each(function (index, element) {\r\n\t\t\t\t\t\t\tjQuery(element).css('opacity', 1);\r\n\t\t\t\t\t\t\treturn;\r\n\t\t\t\t\t\t});\r\n\t\t\t\t\t});\r\n\r\n\t\t\t\t}, 200);\r\n\t\t\t<\/script>\r\n\r\n\t\t\t","protected":false},"excerpt":{"rendered":"\/* custom css *\/ .td_uid_8_69df2fbe0678d_rand { min-height: 0; } Accueil Ev\u00e9nements Mot de Bienvenue Etudes Alg\u00e9riennes Reformes Politiques Politique Sociale Administration Publique Ressources Humaines Ressources Naturelles Finance, Economie et Commerce Politique Energetique D\u00e9fense et de S\u00e9curit\u00e9 Securit\u00e9 Nationale Acquisition et ressources Strat\u00e9gie Militaire Technologie Energie Alter. et Changement Climatique Maghreb, Monde Musulman et Afrique Int\u00e9gration [...]","protected":false},"author":1,"featured_media":0,"parent":0,"menu_order":0,"comment_status":"closed","ping_status":"closed","template":"","meta":[],"_links":{"self":[{"href":"https:\/\/altaraqicenter.org\/fr\/wp-json\/wp\/v2\/pages\/155"}],"collection":[{"href":"https:\/\/altaraqicenter.org\/fr\/wp-json\/wp\/v2\/pages"}],"about":[{"href":"https:\/\/altaraqicenter.org\/fr\/wp-json\/wp\/v2\/types\/page"}],"author":[{"embeddable":true,"href":"https:\/\/altaraqicenter.org\/fr\/wp-json\/wp\/v2\/users\/1"}],"replies":[{"embeddable":true,"href":"https:\/\/altaraqicenter.org\/fr\/wp-json\/wp\/v2\/comments?post=155"}],"version-history":[{"count":2,"href":"https:\/\/altaraqicenter.org\/fr\/wp-json\/wp\/v2\/pages\/155\/revisions"}],"predecessor-version":[{"id":2381,"href":"https:\/\/altaraqicenter.org\/fr\/wp-json\/wp\/v2\/pages\/155\/revisions\/2381"}],"wp:attachment":[{"href":"https:\/\/altaraqicenter.org\/fr\/wp-json\/wp\/v2\/media?parent=155"}],"curies":[{"name":"wp","href":"https:\/\/api.w.org\/{rel}","templated":true}]}}