{"id":157,"date":"2015-09-02T23:48:04","date_gmt":"2015-09-02T23:48:04","guid":{"rendered":"http:\/\/491.8b4.myftpupload.com\/?page_id=157"},"modified":"2016-11-11T10:38:05","modified_gmt":"2016-11-11T10:38:05","slug":"a-propos","status":"publish","type":"page","link":"https:\/\/altaraqicenter.org\/fr\/a-propos\/","title":{"rendered":"A propos"},"content":{"rendered":"<div id=\"td_uid_1_69e202ead7fc6\" class=\"tdc-row\"><div class=\"vc_row td_uid_1_69e202ead803d_rand aboutme_content wpb_row td-pb-row\" >\n<style scoped>\n\n\/* custom css *\/\n.td_uid_1_69e202ead803d_rand {\r\n                    min-height: 0;\r\n                }\n<\/style><div class=\"vc_column td_uid_2_69e202ead851d_rand  wpb_column vc_column_container tdc-column td-pb-span4\"><div class=\"wpb_wrapper\"><div class=\"wpb_wrapper td_block_wrap vc_widget_sidebar td_uid_3_69e202ead86b7_rand \" ><aside class=\"td_block_template_1 widget widget_nav_menu\"><div class=\"menu-left-menu-container\"><ul id=\"menu-left-menu\" class=\"menu\"><li id=\"menu-item-1986\" class=\"menu-item menu-item-type-post_type menu-item-object-page menu-item-home menu-item-first td-no-down-arrow menu-item-1986\"><a href=\"https:\/\/altaraqicenter.org\/fr\/\"><font color=\"#61b343\"><b><i id=\"fac_69e202eae0962\" class=\"fa fa-circle\"><\/i>\n Accueil<\/b><\/font><\/a><\/li>\n<li id=\"menu-item-1988\" class=\"menu-item menu-item-type-post_type menu-item-object-page td-no-down-arrow menu-item-1988\"><a href=\"https:\/\/altaraqicenter.org\/fr\/evenements\/\"><font color=\"#61b343\"><b><i id=\"fac_69e202eae2bd5\" class=\"fa fa-circle\"><\/i>\n Ev\u00e9nements<\/b><\/font><\/a><\/li>\n<li id=\"menu-item-1987\" class=\"menu-item menu-item-type-post_type menu-item-object-page td-no-down-arrow menu-item-1987\"><a href=\"https:\/\/altaraqicenter.org\/fr\/mot-de-bienvenue-2\/\"><font color=\"#61b343\"><b><i id=\"fac_69e202eae3fcf\" class=\"fa fa-circle\"><\/i>\n Mot de Bienvenue<\/b><\/font><\/a><\/li>\n<li id=\"menu-item-1989\" class=\"menu-item menu-item-type-post_type menu-item-object-page menu-item-has-children td-no-down-arrow menu-item-1989\"><a href=\"https:\/\/altaraqicenter.org\/fr\/etudes-algeriennes\/\"><b><i id=\"fac_69e202eae53b4\" class=\"fa fa-circle\"><\/i>\n Etudes Alg\u00e9riennes<\/b><\/a>\n<ul class=\"sub-menu\">\n\t<li id=\"menu-item-2021\" class=\"menu-item menu-item-type-post_type menu-item-object-page td-no-down-arrow menu-item-2021\"><a href=\"https:\/\/altaraqicenter.org\/fr\/reformes-politiques\/\"><i id=\"fac_69e202eae650c\" class=\"fa fa-circle\"><\/i>\n Reformes Politiques<\/a><\/li>\n\t<li id=\"menu-item-2435\" class=\"menu-item menu-item-type-custom menu-item-object-custom td-no-down-arrow menu-item-2435\"><a href=\"#\"><i id=\"fac_69e202eae776b\" class=\"fa fa-circle\"><\/i>\n Politique Sociale<\/a><\/li>\n\t<li id=\"menu-item-2436\" class=\"menu-item menu-item-type-custom menu-item-object-custom td-no-down-arrow menu-item-2436\"><a href=\"#\"><i id=\"fac_69e202eae8a20\" class=\"fa fa-circle\"><\/i>\n Administration Publique<\/a><\/li>\n\t<li id=\"menu-item-2437\" class=\"menu-item menu-item-type-custom menu-item-object-custom td-no-down-arrow menu-item-2437\"><a href=\"#\"><i id=\"fac_69e202eae9d26\" class=\"fa fa-circle\"><\/i>\nRessources Humaines<\/a><\/li>\n\t<li id=\"menu-item-2438\" class=\"menu-item menu-item-type-custom menu-item-object-custom td-no-down-arrow menu-item-2438\"><a href=\"#\"><i id=\"fac_69e202eaeb36e\" class=\"fa fa-circle\"><\/i>\n Ressources Naturelles<\/a><\/li>\n\t<li id=\"menu-item-2439\" class=\"menu-item menu-item-type-custom menu-item-object-custom td-no-down-arrow menu-item-2439\"><a href=\"#\"><i id=\"fac_69e202eaec9ed\" class=\"fa fa-circle\"><\/i>\n Finance, Economie et Commerce<\/a><\/li>\n\t<li id=\"menu-item-2440\" class=\"menu-item menu-item-type-custom menu-item-object-custom td-no-down-arrow menu-item-2440\"><a href=\"#\"><i id=\"fac_69e202eaedbc8\" class=\"fa fa-circle\"><\/i>\n Politique Energetique<\/a><\/li>\n<\/ul>\n<\/li>\n<li id=\"menu-item-2037\" class=\"menu-item menu-item-type-post_type menu-item-object-page menu-item-has-children td-no-down-arrow menu-item-2037\"><a href=\"https:\/\/altaraqicenter.org\/fr\/defense-et-de-securite\/\"><i id=\"fac_69e202eaeedca\" class=\"fa fa-circle\"><\/i>\n<b> D\u00e9fense et de S\u00e9curit\u00e9<\/b><\/a>\n<ul class=\"sub-menu\">\n\t<li id=\"menu-item-2027\" class=\"menu-item menu-item-type-post_type menu-item-object-page td-no-down-arrow menu-item-2027\"><a href=\"https:\/\/altaraqicenter.org\/fr\/securite-nationale\/\"><i id=\"fac_69e202eaf0234\" class=\"fa fa-circle\"><\/i>\n Securit\u00e9 Nationale<\/a><\/li>\n\t<li id=\"menu-item-2038\" class=\"menu-item menu-item-type-post_type menu-item-object-page td-no-down-arrow menu-item-2038\"><a href=\"https:\/\/altaraqicenter.org\/fr\/acquisition-et-ressources\/\"><i id=\"fac_69e202eaf14f2\" class=\"fa fa-circle\"><\/i>\n Acquisition et ressources<\/a><\/li>\n\t<li id=\"menu-item-2029\" class=\"menu-item menu-item-type-post_type menu-item-object-page td-no-down-arrow menu-item-2029\"><a href=\"https:\/\/altaraqicenter.org\/fr\/strategie-militaire\/\"><i id=\"fac_69e202eaf28f9\" class=\"fa fa-circle\"><\/i>\n Strat\u00e9gie Militaire<\/a><\/li>\n\t<li id=\"menu-item-2030\" class=\"menu-item menu-item-type-post_type menu-item-object-page td-no-down-arrow menu-item-2030\"><a href=\"https:\/\/altaraqicenter.org\/fr\/technologie\/\"><i id=\"fac_69e202eaf3fac\" class=\"fa fa-circle\"><\/i>\n Technologie<\/a><\/li>\n\t<li id=\"menu-item-2039\" class=\"menu-item menu-item-type-post_type menu-item-object-page td-no-down-arrow menu-item-2039\"><a href=\"https:\/\/altaraqicenter.org\/fr\/energie-alter-et-changement-climatique\/\"><i id=\"fac_69e202eb0122c\" class=\"fa fa-circle\"><\/i>\n Energie Alter. et Changement Climatique<\/a><\/li>\n<\/ul>\n<\/li>\n<li id=\"menu-item-2012\" class=\"menu-item menu-item-type-post_type menu-item-object-page menu-item-has-children td-no-down-arrow menu-item-2012\"><a href=\"https:\/\/altaraqicenter.org\/fr\/maghreb-monde-musulman-et-afrique\/\"><i id=\"fac_69e202eb0279c\" class=\"fa fa-circle\"><\/i>\n<b> Maghreb, Monde Musulman et Afrique<\/b><\/a>\n<ul class=\"sub-menu\">\n\t<li id=\"menu-item-2011\" class=\"menu-item menu-item-type-post_type menu-item-object-page td-no-down-arrow menu-item-2011\"><a href=\"https:\/\/altaraqicenter.org\/fr\/integration-economique-regionale\/\"><i id=\"fac_69e202eb03992\" class=\"fa fa-circle\"><\/i>\n Int\u00e9gration Economique R\u00e9gionale<\/a><\/li>\n\t<li id=\"menu-item-2017\" class=\"menu-item menu-item-type-post_type menu-item-object-page td-no-down-arrow menu-item-2017\"><a href=\"https:\/\/altaraqicenter.org\/fr\/points-chauds-de-tension\/\"><i id=\"fac_69e202eb04be5\" class=\"fa fa-circle\"><\/i>\n Points Chauds de tension<\/a><\/li>\n<\/ul>\n<\/li>\n<li id=\"menu-item-2022\" class=\"menu-item menu-item-type-post_type menu-item-object-page menu-item-has-children td-no-down-arrow menu-item-2022\"><a href=\"https:\/\/altaraqicenter.org\/fr\/relations-mediterraneennes-et-internationales\/\"><i id=\"fac_69e202eb05dec\" class=\"fa fa-circle\"><\/i>\n<b> Relations M\u00e9diterran\u00e9ennes et Internationales<\/b><\/a>\n<ul class=\"sub-menu\">\n\t<li id=\"menu-item-2040\" class=\"menu-item menu-item-type-post_type menu-item-object-page td-no-down-arrow menu-item-2040\"><a href=\"https:\/\/altaraqicenter.org\/fr\/etudes-mediterraneennes\/\"><i id=\"fac_69e202eb06ff3\" class=\"fa fa-circle\"><\/i>\n Etudes M\u00e9diterran\u00e9ennes<\/a><\/li>\n\t<li id=\"menu-item-2041\" class=\"menu-item menu-item-type-post_type menu-item-object-page td-no-down-arrow menu-item-2041\"><a href=\"https:\/\/altaraqicenter.org\/fr\/etudes-chinoises-et-asiatiques\/\"><i id=\"fac_69e202eb080d2\" class=\"fa fa-circle\"><\/i>\n Etudes Chinoises et Asiatiques<\/a><\/li>\n\t<li id=\"menu-item-2042\" class=\"menu-item menu-item-type-post_type menu-item-object-page td-no-down-arrow menu-item-2042\"><a href=\"https:\/\/altaraqicenter.org\/fr\/etudes-des-ameriques\/\"><i id=\"fac_69e202eb092ab\" class=\"fa fa-circle\"><\/i>\n Etudes des Am\u00e9riques<\/a><\/li>\n\t<li id=\"menu-item-2013\" class=\"menu-item menu-item-type-post_type menu-item-object-page td-no-down-arrow menu-item-2013\"><a href=\"https:\/\/altaraqicenter.org\/fr\/minorites-musulmanes-de-par-le-monde\/\"><i id=\"fac_69e202eb0a70e\" class=\"fa fa-circle\"><\/i>\n Minorit\u00e9s Musulmanes de par le monde<\/a><\/li>\n\t<li id=\"menu-item-2066\" class=\"menu-item menu-item-type-post_type menu-item-object-page td-no-down-arrow menu-item-2066\"><a href=\"https:\/\/altaraqicenter.org\/fr\/politique-de-sante-globale\/\"><i id=\"fac_69e202eb0bcd6\" class=\"fa fa-circle\"><\/i>\n Politique de Sant\u00e9 Globale<\/a><\/li>\n<\/ul>\n<\/li>\n<li id=\"menu-item-2031\" class=\"menu-item menu-item-type-post_type menu-item-object-page td-no-down-arrow menu-item-2031\"><a href=\"https:\/\/altaraqicenter.org\/fr\/tendances-generales-et-previsions\/\"><i id=\"fac_69e202eb0d04b\" class=\"fa fa-circle\"><\/i>\n<b> Tendances G\u00e9n\u00e9rales et Pr\u00e9visions<\/b><\/a><\/li>\n<li id=\"menu-item-2068\" class=\"menu-item menu-item-type-post_type menu-item-object-page td-no-down-arrow menu-item-2068\"><a href=\"https:\/\/altaraqicenter.org\/fr\/a-propos\/\"><font color=\"#61b343\"><b><i id=\"fac_69e202eb0e115\" class=\"fa fa-circle\"><\/i>\n \u00c0 Propos de Nous<\/b><\/font><\/a><\/li>\n<li id=\"menu-item-2509\" class=\"menu-item menu-item-type-post_type menu-item-object-page td-no-down-arrow menu-item-2509\"><a href=\"https:\/\/altaraqicenter.org\/fr\/contactez-nous\/\"><font color=\"#61b343\"><b><i id=\"fac_69e202eb0f443\" class=\"fa fa-circle\"><\/i>\n Contactez-nous<\/b><\/font><\/a><\/li>\n<li id=\"menu-item-2402\" class=\"menu-item menu-item-type-post_type menu-item-object-page td-no-down-arrow menu-item-2402\"><a href=\"https:\/\/altaraqicenter.org\/fr\/mot-de-bienvenue\/\"><font color=\"#61b343\"><b><i id=\"fac_69e202eb10b2b\" class=\"fa fa-circle\"><\/i>\n Confidentialit\u00e9<\/b><\/font><\/a><\/li>\n<\/ul><\/div><\/aside><\/div><\/div><\/div><div class=\"vc_column td_uid_4_69e202eb13bc1_rand  wpb_column vc_column_container tdc-column td-pb-span8\"><div class=\"wpb_wrapper\"><div class=\"wpb_wrapper wpb_text_column td_block_wrap td_block_wrap vc_column_text td_uid_5_69e202eb1430c_rand  td-pb-border-top td_block_template_1\"  data-td-block-uid=\"td_uid_5_69e202eb1430c\" \"><div class=\"td-block-title-wrap\"><\/div><div class=\"td-fix-index\"><h2 style=\"text-align: center;\"><strong><span style=\"color: #61b343;\"><span style=\"text-decoration: underline;\">Qui Sommes-Nous<\/span>\u00a0?<\/span><\/strong><\/h2>\n<\/div><\/div><div class=\"wpb_wrapper wpb_text_column td_block_wrap td_block_wrap vc_column_text td_uid_6_69e202eb19c0f_rand  td-pb-border-top td_block_template_1\"  data-td-block-uid=\"td_uid_6_69e202eb19c0f\" \"><div class=\"td-block-title-wrap\"><\/div><div class=\"td-fix-index\"><p>Les responsables du Centre sont des citoyens alg\u00e9riens, r\u00e9formistes et sociaux &#8211; conservateurs. Parmi eux il y\u2019a aussi bien des politiques que des acad\u00e9miciens experts dans les diff\u00e9rents domaines politique, sociale, \u00e9conomique, \u00e9nerg\u00e9tique, de la s\u00e9curit\u00e9 et des relations internationales. Ils embrassent tous aussi bien les valeurs civilisationnelles de chacun des deux Mouvements R\u00e9formiste (Islahistes) et Nationaliste, que les principes de la D\u00e9claration du Premier Novembre. Ils s\u2019inspirent \u00e9galement de l&#8217;exp\u00e9rience humaine en g\u00e9n\u00e9ral qui serait b\u00e9n\u00e9fique \u00e0 l&#8217;int\u00e9r\u00eat du peuple et \u00e0 la prosp\u00e9rit\u00e9 de sa patrie.<\/p>\n<p>Les responsables du Centre tirent leur r\u00e9f\u00e9rence intellectuelle du Mouvement d\u2019<em>alBina alHadari<\/em> (<em>Renouveau Civilisationnel<\/em>), inspir\u00e9e par les id\u00e9es de Malek Bennabi\u00a0; et ils sont ouverts \u00e0 tous ceux ou celles qui s\u2019identifient avec son \u00e9cole, que la Mis\u00e9ricorde d\u2019Allah soit sur lui. Parmi les \u00e9l\u00e9ments de la r\u00e9f\u00e9rence d\u2019<em>alBina alHadari<\/em> qui ont une dimension politique, la dimension qui est pertinente pour le Centre, est celui de consid\u00e9rer que le probl\u00e8me de toute la soci\u00e9t\u00e9 est principalement un probl\u00e8me de civilisation, i.e. celui des id\u00e9es, des valeurs et des principes port\u00e9s par la soci\u00e9t\u00e9, qui sont devenus le principal obstacle sur la voie et ses efforts pour se d\u00e9barrasser de ses probl\u00e8mes, au lieu de lui permettre une Renaissance. De m\u00eame, parmi ces \u00e9l\u00e9ments est celui d\u2019adopter le Progr\u00e8s pour changer la situation aussi bien du citoyen que celle de la soci\u00e9t\u00e9 et les am\u00e9liorer\u00a0: situation de sous-d\u00e9veloppement et de la d\u00e9pendance vis-\u00e0-vis l\u2019\u00e9tranger. Un changement \u00e0 r\u00e9aliser par le d\u00e9veloppement de la science et de la technologie, de la r\u00e9organisation sociale, y compris la relation entre \u00ab\u00a0le civile et le militaire\u00a0\u00bb, et ce qui concerne la famille, la femme, le syst\u00e8me \u00e9ducatif, la recherche scientifique, et le monde de l\u2019\u00e9conomie et de l&#8217;emploi.<\/p>\n<p><span style=\"color: #61b343;\"><strong>La vision politique du Centre<\/strong><strong> :<\/strong><\/span><\/p>\n<p>En cons\u00e9quence, la vision politique du Centre est bas\u00e9e sur la conviction que la solution aux probl\u00e8mes de la soci\u00e9t\u00e9 n\u00e9cessite la sensibilisation du citoyen sur les d\u00e9veloppements nationaux, r\u00e9gionaux et internationaux, et sur son identit\u00e9 et de la n\u00e9cessit\u00e9 pour lui de s\u2019y attacher afin qu\u2019il puisse se lib\u00e9rer de la &#8220;susceptibilit\u00e9 \u00e0 \u00eatre d\u00e9pendant de l\u2019\u00e9tranger&#8221; et d\u2019assumer sa fonction sociale. Ceci contribuera \u00e0 renforcer le r\u00e9seau des relations sociales n\u00e9cessaire \u00e0 l&#8217;exercice de l\u2019action sociale commune, et d\u2019aller au-del\u00e0 du \u00ab\u00a0rafistolage\u00a0\u00bb afin de se placer dans une optique de renouveau civilisationnel qui permettrait \u00e0 la soci\u00e9t\u00e9 de produire des \u00e9lites nationalistes, et ce dans tous les domaines n\u00e9cessaires, et d\u2019en b\u00e9n\u00e9ficier. Tout cela en tenant compte des sp\u00e9cificit\u00e9s et des aspirations de la soci\u00e9t\u00e9 et des d\u00e9fis de sa situation.<\/p>\n<p>La vision politique du Centre est bas\u00e9e aussi sur la conviction que le gouvernement devrait avoir un r\u00f4le plus important dans les questions d\u2019int\u00e9r\u00eats pour les citoyens qui permettront \u00e0 renforcer la paix sociale, incarner la souverainet\u00e9 du peuple et prot\u00e9ger sa s\u00e9curit\u00e9 nationale, prot\u00e9ger ses int\u00e9r\u00eats, et assurer son d\u00e9veloppement. Tout ceci en d\u00e9veloppant des programmes gouvernementaux dans les diff\u00e9rents domaines :<\/p>\n<p><span style=\"color: #61b343;\">Dans le Domaine Social :<\/span><\/p>\n<ul>\n<li>pour servir le peuple dans sa diversit\u00e9 et pour toutes ses cat\u00e9gories, atteindre sa pleine harmonie, de le prot\u00e9ger contre les d\u00e9ficiences internes et la vuln\u00e9rabilit\u00e9 externe, et de r\u00e9pondre \u00e0 ses ambitions pour l\u2019accomplissement de la libert\u00e9, la justice sociale, la croissance \u00e9conomique, la s\u00e9curit\u00e9 alimentaire, la stabilit\u00e9 s\u00e9curitaire et politique, et de le prot\u00e9ger de toutes les formes d&#8217;humiliation, de la pauvret\u00e9, de l\u2019anxi\u00e9t\u00e9 et le d\u00e9sordre\u00a0;<\/li>\n<li>pour maintenir les valeurs et les principes de la soci\u00e9t\u00e9 qu\u2019il a transmis dans sa diversit\u00e9 de g\u00e9n\u00e9ration en g\u00e9n\u00e9ration, y compris les valeurs et les principes de l&#8217;Islam, le dernier des Messages d\u2019Allah \u00e0 l\u2019humanit\u00e9 et dont le peuple dans sa presque totalit\u00e9 a embrass\u00e9 depuis plus de quatorze si\u00e8cles\u00a0; les valeurs de la famille et de la solidarit\u00e9 sociale qui conduisent au renforcement des relations sociales\u00a0;<\/li>\n<li>pour am\u00e9liorer les dimensions fondamentales de l&#8217;identit\u00e9 nationale, i.e. l&#8217;islam, et les deux langues arabe et amazigh, qui constituent le ciment de l&#8217;unit\u00e9 du peuple alg\u00e9rien, ainsi que celle des peuples du Maghreb. En\u00a0accentuant ici le fait que personne n\u2019a le monopole de l&#8217;expression au nom de l&#8217;une de ces trois dimensions de l&#8217;identit\u00e9 nationale, ou le monopole de la compr\u00e9hension de l&#8217;Islam dans les questions discr\u00e9tionnaires (<em>Ijtihadiah<\/em>), il y\u2019a plusieurs interpr\u00e9tations possibles dans la compr\u00e9hension des textes religieux et dans le processus de leur application.<\/li>\n<\/ul>\n<p><span style=\"color: #61b343;\">Dans le Domaine de la S\u00e9curit\u00e9 :<\/span><\/p>\n<ul>\n<li>red\u00e9finir la relation entre\u00a0le Civil et le Militaire afin d\u2019avoir une institution militaire nationale, professionnel, et forte, qui serait soumise au contr\u00f4le du peuple \u00e0 travers ses institutions \u00e9lues. Ceci afin de permettre aux militaires de se consacrer pleinement \u00e0 leur devoir constitutionnel de pr\u00e9server l&#8217;int\u00e9grit\u00e9 et l&#8217;unit\u00e9 du territoire national, et de recherche scientifique militaire strat\u00e9gique.<\/li>\n<li>renforcer la politique \u00e9trang\u00e8re alg\u00e9rienne et restaurer sa cr\u00e9dibilit\u00e9, en particulier avec les pays voisins et ceux du Sahel, ainsi qu\u2019avec nos partenaires de la M\u00e9diterran\u00e9e et de l\u2019Atlantic. En effet, la politique \u00e9trang\u00e8re alg\u00e9rienne a perdu beaucoup de sa cr\u00e9dibilit\u00e9 et de son efficacit\u00e9 et ce depuis plus de deux d\u00e9cennies. Ce qui a conduit \u00e0 une augmentation significative de la pression sur l&#8217;institution militaire de notre pays \u00e0 travers tous nos fronti\u00e8res et autour des puits de p\u00e9trole et d&#8217;autres endroits strat\u00e9giques.<\/li>\n<li>r\u00e9activer l&#8217;Union du Maghreb : \u0153uvrer afin de promouvoir un climat appropri\u00e9 dans tous les pays Maghr\u00e9bins pour aussi bien une int\u00e9gration \u00e9conomique qu\u2019une coordination s\u00e9curitaire pour servir les int\u00e9r\u00eats de nos peuples et leur d\u00e9veloppement, prot\u00e9ger leur s\u00e9curit\u00e9 nationale, renforcer la stabilit\u00e9 de la r\u00e9gion du Maghreb et dans le Sahel. Tout ceci afin de permettre aux pays Maghr\u00e9bins de r\u00e9pondre ensemble au ph\u00e9nom\u00e8ne du terrorisme et de se prot\u00e9ger contre le besoin de toute intervention \u00e9trang\u00e8re. Il faut s\u2019opposer \u00e0 tous ceux qui recourent \u00e0 l\u2019extr\u00e9misme violent et \u00e0 l\u2019utilisation de la force des armes pour imposer leurs propres points de vue ou projet politique. Peu importe qui se tient derri\u00e8re lui, le ph\u00e9nom\u00e8ne du terrorisme pose une menace r\u00e9elle aussi bien pour notre pays et notre s\u00e9curit\u00e9 nationale, que pour les pays voisins et ceux du Sahel. Il est du devoir du gouvernement \u00e9lu de prot\u00e9ger les institutions de l&#8217;\u00c9tat et la population contre la brutalit\u00e9 du terrorisme, et d\u2019\u0153uvrer afin d\u2019\u00e9liminer les causes de l&#8217;extr\u00e9misme violent et le terrorisme.<\/li>\n<li>\u00eatre en mesure de maitriser les sciences strat\u00e9giques et la technologie : fournir le climat appropri\u00e9 pour les experts alg\u00e9riens afin de contribuer efficacement \u00e0 remettre l\u2019Alg\u00e9rie sur la bonne voie. Ce qui n\u00e9cessite un investissement humain et mat\u00e9riel ad\u00e9quat, plut\u00f4t que de payer un prix cher au d\u00e9triment de la souverainet\u00e9 nationale due \u00e0 la d\u00e9pendance scientifique et technologique.<\/li>\n<\/ul>\n<p><span style=\"color: #61b343;\">Dans le Domaine Economique :<\/span><\/p>\n<p>Parmi les \u00e9l\u00e9ments de la vison politique du Centre est celui de consid\u00e9rer que les \u00eatres humains constituent la source et l&#8217;objectif du d\u00e9veloppement \u00e9conomique. Ainsi, la t\u00e2che \u00e9conomique du Centre est de pr\u00e9senter des \u00e9tudes sur comment accro\u00eetre le bien-\u00eatre et le bonheur du peuple avec toutes ses cat\u00e9gories. Aussi, le d\u00e9sir de rendre le pays ind\u00e9pendance et l\u2019\u00e9tat puissant est l\u2019une des principales pr\u00e9occupations du Centre. Pour cela, le Centre adopter une \u00ab\u00a0Economie Nationaliste\u00a0\u00bb avec les \u00e9l\u00e9ments suivants :<\/p>\n<ul>\n<li>consid\u00e9rer que l&#8217;Etat devrait effectuer un minimum de \u00ab\u00a0Planification Economique\u00a0\u00bb afin de b\u00e2tir une \u00e9conomie libre de toute concurrence d\u00e9loyale\u00a0: ce qui n\u00e9cessiterait la restructuration et la r\u00e9organisation de l&#8217;utilisation des ressources disponibles, et de planifier la production dans certaines zones afin d&#8217;obtenir les r\u00e9sultats escompt\u00e9s dans un domaine socio-\u00e9conomique sp\u00e9cifique.<\/li>\n<li>consid\u00e9rer que l&#8217;Etat devrait fournir les conditions favorables \u00e0 la r\u00e9alisation du d\u00e9veloppement \u00e0 travers la mise en \u0153uvre d\u2019une \u00ab Strat\u00e9gie de Croissance Economique Continue et Durable\u00a0\u00bb afin de mobiliser les potentiels du pays.<\/li>\n<li>avoir la conviction que la stabilit\u00e9 \u00e9conomique serait atteinte par une \u00ab\u00a0Economie Productive\u00a0\u00bb ayant des activit\u00e9s et des infrastructures diversifi\u00e9es, et une Croissance tir\u00e9e par les investissements pour accro\u00eetre les possibilit\u00e9s d&#8217;emploi.<\/li>\n<li>adopter une \u00ab\u00a0Economie Hybride\u00a0\u00bb, qui mixerait de fa\u00e7on compl\u00e9mentaire la libre entreprise et le secteur priv\u00e9, avec le secteur public et le contr\u00f4le du gouvernement : l&#8217;Etat devrait intervenir dans certains domaines \u00e9conomiques afin de prot\u00e9ger les int\u00e9r\u00eats de l&#8217;Alg\u00e9rie contre les menaces externes et d&#8217;assurer le minimum de vie convenable pour tous les citoyens.<\/li>\n<li>consid\u00e9rer que l&#8217;Etat devrait contr\u00f4ler les secteurs strat\u00e9giques tels l&#8217;agriculture, l&#8217;eau, les ressources de l&#8217;\u00e9nergie \u2013 aussi bien l\u2019exploration que la production et l&#8217;exportation &#8211; ainsi que les services publics n\u00e9cessaires, et la recherche scientifique militaire. Tout ceci afin d\u2019assurer aux citoyens la s\u00e9curit\u00e9 alimentaire, et le minimum dans divers domaines pour vivre dans la dignit\u00e9.<\/li>\n<\/ul>\n<p>En conclusion, tous ceux en charge du Centre, qu\u2019ils soient des politiques ou des experts, souhaitent contribuer par le biais de cette nouvelle institution scientifique aux efforts nationaux visant \u00e0 offrir les meilleures conditions pour habiliter le peuple pour un renouveau civilisationnel, et pour remettre l&#8217;Alg\u00e9rie sur son chemin, recouvrir sa s\u00e9r\u00e9nit\u00e9, et \u00e0 mobiliser et activer le potentiel \u00e9nerg\u00e9tique \u00e9norme du pays pour b\u00e2tir une Alg\u00e9rie plus prosp\u00e8re dans toutes les domaines, un espace maghr\u00e9bin int\u00e9gr\u00e9, et un \u00a0monde Musulman et une Afrique plus d\u00e9velopp\u00e9 et plus s\u00fbr.<\/p>\n<\/div><\/div><\/div><\/div><\/div><\/div>\r\n\t\t<script>\r\n\r\n\t\t\tjQuery(window).load(function () {\r\n\t\t\t\tjQuery('body').find('#td_uid_1_69e202ead7fc6 .td-element-style').each(function (index, element) {\r\n\t\t\t\t\tjQuery(element).css('opacity', 1);\r\n\t\t\t\t\treturn;\r\n\t\t\t\t});\r\n\t\t\t});\r\n\r\n\t\t<\/script>\r\n\r\n\t\t\r\n\t\t\t<script>\r\n\r\n\t\t\t\tjQuery(window).ready(function () {\r\n\r\n\t\t\t\t\t\/\/ We need timeout because the content must be rendered and interpreted on client\r\n\t\t\t\t\tsetTimeout(function () {\r\n\r\n\t\t\t\t\t\tvar $content = jQuery('body').find('#tdc-live-iframe'),\r\n\t\t\t\t\t\t\trefWindow = undefined;\r\n\r\n\t\t\t\t\t\tif ($content.length) {\r\n\t\t\t\t\t\t\t$content = $content.contents();\r\n\t\t\t\t\t\t\trefWindow = document.getElementById('tdc-live-iframe').contentWindow || document.getElementById('tdc-live-iframe').contentDocument;\r\n\r\n\t\t\t\t\t\t} else {\r\n\t\t\t\t\t\t\t$content = jQuery('body');\r\n\t\t\t\t\t\t\trefWindow = window;\r\n\t\t\t\t\t\t}\r\n\r\n\t\t\t\t\t\t$content.find('#td_uid_1_69e202ead7fc6 .td-element-style').each(function (index, element) {\r\n\t\t\t\t\t\t\tjQuery(element).css('opacity', 1);\r\n\t\t\t\t\t\t\treturn;\r\n\t\t\t\t\t\t});\r\n\t\t\t\t\t});\r\n\r\n\t\t\t\t}, 200);\r\n\t\t\t<\/script>\r\n\r\n\t\t\t","protected":false},"excerpt":{"rendered":"\/* custom css *\/ .td_uid_7_69e202eb232e7_rand { min-height: 0; } Accueil Ev\u00e9nements Mot de Bienvenue Etudes Alg\u00e9riennes Reformes Politiques Politique Sociale Administration Publique Ressources Humaines Ressources Naturelles Finance, Economie et Commerce Politique Energetique D\u00e9fense et de S\u00e9curit\u00e9 Securit\u00e9 Nationale Acquisition et ressources Strat\u00e9gie Militaire Technologie Energie Alter. et Changement Climatique Maghreb, Monde Musulman et Afrique Int\u00e9gration [...]","protected":false},"author":1,"featured_media":0,"parent":0,"menu_order":0,"comment_status":"closed","ping_status":"closed","template":"","meta":[],"_links":{"self":[{"href":"https:\/\/altaraqicenter.org\/fr\/wp-json\/wp\/v2\/pages\/157"}],"collection":[{"href":"https:\/\/altaraqicenter.org\/fr\/wp-json\/wp\/v2\/pages"}],"about":[{"href":"https:\/\/altaraqicenter.org\/fr\/wp-json\/wp\/v2\/types\/page"}],"author":[{"embeddable":true,"href":"https:\/\/altaraqicenter.org\/fr\/wp-json\/wp\/v2\/users\/1"}],"replies":[{"embeddable":true,"href":"https:\/\/altaraqicenter.org\/fr\/wp-json\/wp\/v2\/comments?post=157"}],"version-history":[{"count":3,"href":"https:\/\/altaraqicenter.org\/fr\/wp-json\/wp\/v2\/pages\/157\/revisions"}],"predecessor-version":[{"id":2406,"href":"https:\/\/altaraqicenter.org\/fr\/wp-json\/wp\/v2\/pages\/157\/revisions\/2406"}],"wp:attachment":[{"href":"https:\/\/altaraqicenter.org\/fr\/wp-json\/wp\/v2\/media?parent=157"}],"curies":[{"name":"wp","href":"https:\/\/api.w.org\/{rel}","templated":true}]}}