{"id":1646,"date":"2015-10-04T10:44:17","date_gmt":"2015-10-04T10:44:17","guid":{"rendered":"http:\/\/491.8b4.myftpupload.com\/?page_id=1646"},"modified":"2015-10-04T10:44:17","modified_gmt":"2015-10-04T10:44:17","slug":"contact-directeur-du-centre","status":"publish","type":"page","link":"https:\/\/altaraqicenter.org\/fr\/contact-directeur-du-centre\/","title":{"rendered":"Contact directeur du centre"},"content":{"rendered":"<div id=\"td_uid_1_69df47fe68e61\" class=\"tdc-row\"><div class=\"vc_row td_uid_1_69df47fe68f90_rand  wpb_row td-pb-row\" >\n<style scoped>\n\n\/* custom css *\/\n.td_uid_1_69df47fe68f90_rand {\r\n                    min-height: 0;\r\n                }\n<\/style><div class=\"vc_column td_uid_2_69df47fe697ac_rand  wpb_column vc_column_container tdc-column td-pb-span4\"><div class=\"wpb_wrapper\"><div class=\"wpb_wrapper td_block_wrap vc_widget_sidebar td_uid_3_69df47fe699eb_rand \" ><aside class=\"td_block_template_1 widget widget_nav_menu\"><div class=\"menu-left-menu-container\"><ul id=\"menu-left-menu\" class=\"menu\"><li id=\"menu-item-1986\" class=\"menu-item menu-item-type-post_type menu-item-object-page menu-item-home menu-item-first td-no-down-arrow menu-item-1986\"><a href=\"https:\/\/altaraqicenter.org\/fr\/\"><font color=\"#61b343\"><b><i id=\"fac_69df47fe7a81c\" class=\"fa fa-circle\"><\/i>\n Accueil<\/b><\/font><\/a><\/li>\n<li id=\"menu-item-1988\" class=\"menu-item menu-item-type-post_type menu-item-object-page td-no-down-arrow menu-item-1988\"><a href=\"https:\/\/altaraqicenter.org\/fr\/evenements\/\"><font color=\"#61b343\"><b><i id=\"fac_69df47fe7d58f\" class=\"fa fa-circle\"><\/i>\n Ev\u00e9nements<\/b><\/font><\/a><\/li>\n<li id=\"menu-item-1987\" class=\"menu-item menu-item-type-post_type menu-item-object-page td-no-down-arrow menu-item-1987\"><a href=\"https:\/\/altaraqicenter.org\/fr\/mot-de-bienvenue-2\/\"><font color=\"#61b343\"><b><i id=\"fac_69df47fe7f115\" class=\"fa fa-circle\"><\/i>\n Mot de Bienvenue<\/b><\/font><\/a><\/li>\n<li id=\"menu-item-1989\" class=\"menu-item menu-item-type-post_type menu-item-object-page menu-item-has-children td-no-down-arrow menu-item-1989\"><a href=\"https:\/\/altaraqicenter.org\/fr\/etudes-algeriennes\/\"><b><i id=\"fac_69df47fe80b6d\" class=\"fa fa-circle\"><\/i>\n Etudes Alg\u00e9riennes<\/b><\/a>\n<ul class=\"sub-menu\">\n\t<li id=\"menu-item-2021\" class=\"menu-item menu-item-type-post_type menu-item-object-page td-no-down-arrow menu-item-2021\"><a href=\"https:\/\/altaraqicenter.org\/fr\/reformes-politiques\/\"><i id=\"fac_69df47fe82882\" class=\"fa fa-circle\"><\/i>\n Reformes Politiques<\/a><\/li>\n\t<li id=\"menu-item-2435\" class=\"menu-item menu-item-type-custom menu-item-object-custom td-no-down-arrow menu-item-2435\"><a href=\"#\"><i id=\"fac_69df47fe845d0\" class=\"fa fa-circle\"><\/i>\n Politique Sociale<\/a><\/li>\n\t<li id=\"menu-item-2436\" class=\"menu-item menu-item-type-custom menu-item-object-custom td-no-down-arrow menu-item-2436\"><a href=\"#\"><i id=\"fac_69df47fe86189\" class=\"fa fa-circle\"><\/i>\n Administration Publique<\/a><\/li>\n\t<li id=\"menu-item-2437\" class=\"menu-item menu-item-type-custom menu-item-object-custom td-no-down-arrow menu-item-2437\"><a href=\"#\"><i id=\"fac_69df47fe87ace\" class=\"fa fa-circle\"><\/i>\nRessources Humaines<\/a><\/li>\n\t<li id=\"menu-item-2438\" class=\"menu-item menu-item-type-custom menu-item-object-custom td-no-down-arrow menu-item-2438\"><a href=\"#\"><i id=\"fac_69df47fe894b3\" class=\"fa fa-circle\"><\/i>\n Ressources Naturelles<\/a><\/li>\n\t<li id=\"menu-item-2439\" class=\"menu-item menu-item-type-custom menu-item-object-custom td-no-down-arrow menu-item-2439\"><a href=\"#\"><i id=\"fac_69df47fe8b064\" class=\"fa fa-circle\"><\/i>\n Finance, Economie et Commerce<\/a><\/li>\n\t<li id=\"menu-item-2440\" class=\"menu-item menu-item-type-custom menu-item-object-custom td-no-down-arrow menu-item-2440\"><a href=\"#\"><i id=\"fac_69df47fe8cd68\" class=\"fa fa-circle\"><\/i>\n Politique Energetique<\/a><\/li>\n<\/ul>\n<\/li>\n<li id=\"menu-item-2037\" class=\"menu-item menu-item-type-post_type menu-item-object-page menu-item-has-children td-no-down-arrow menu-item-2037\"><a href=\"https:\/\/altaraqicenter.org\/fr\/defense-et-de-securite\/\"><i id=\"fac_69df47fe8e9dc\" class=\"fa fa-circle\"><\/i>\n<b> D\u00e9fense et de S\u00e9curit\u00e9<\/b><\/a>\n<ul class=\"sub-menu\">\n\t<li id=\"menu-item-2027\" class=\"menu-item menu-item-type-post_type menu-item-object-page td-no-down-arrow menu-item-2027\"><a href=\"https:\/\/altaraqicenter.org\/fr\/securite-nationale\/\"><i id=\"fac_69df47fe906d4\" class=\"fa fa-circle\"><\/i>\n Securit\u00e9 Nationale<\/a><\/li>\n\t<li id=\"menu-item-2038\" class=\"menu-item menu-item-type-post_type menu-item-object-page td-no-down-arrow menu-item-2038\"><a href=\"https:\/\/altaraqicenter.org\/fr\/acquisition-et-ressources\/\"><i id=\"fac_69df47fe92226\" class=\"fa fa-circle\"><\/i>\n Acquisition et ressources<\/a><\/li>\n\t<li id=\"menu-item-2029\" class=\"menu-item menu-item-type-post_type menu-item-object-page td-no-down-arrow menu-item-2029\"><a href=\"https:\/\/altaraqicenter.org\/fr\/strategie-militaire\/\"><i id=\"fac_69df47fe93bac\" class=\"fa fa-circle\"><\/i>\n Strat\u00e9gie Militaire<\/a><\/li>\n\t<li id=\"menu-item-2030\" class=\"menu-item menu-item-type-post_type menu-item-object-page td-no-down-arrow menu-item-2030\"><a href=\"https:\/\/altaraqicenter.org\/fr\/technologie\/\"><i id=\"fac_69df47fe950e6\" class=\"fa fa-circle\"><\/i>\n Technologie<\/a><\/li>\n\t<li id=\"menu-item-2039\" class=\"menu-item menu-item-type-post_type menu-item-object-page td-no-down-arrow menu-item-2039\"><a href=\"https:\/\/altaraqicenter.org\/fr\/energie-alter-et-changement-climatique\/\"><i id=\"fac_69df47fe967da\" class=\"fa fa-circle\"><\/i>\n Energie Alter. et Changement Climatique<\/a><\/li>\n<\/ul>\n<\/li>\n<li id=\"menu-item-2012\" class=\"menu-item menu-item-type-post_type menu-item-object-page menu-item-has-children td-no-down-arrow menu-item-2012\"><a href=\"https:\/\/altaraqicenter.org\/fr\/maghreb-monde-musulman-et-afrique\/\"><i id=\"fac_69df47fe97e6d\" class=\"fa fa-circle\"><\/i>\n<b> Maghreb, Monde Musulman et Afrique<\/b><\/a>\n<ul class=\"sub-menu\">\n\t<li id=\"menu-item-2011\" class=\"menu-item menu-item-type-post_type menu-item-object-page td-no-down-arrow menu-item-2011\"><a href=\"https:\/\/altaraqicenter.org\/fr\/integration-economique-regionale\/\"><i id=\"fac_69df47fe99a43\" class=\"fa fa-circle\"><\/i>\n Int\u00e9gration Economique R\u00e9gionale<\/a><\/li>\n\t<li id=\"menu-item-2017\" class=\"menu-item menu-item-type-post_type menu-item-object-page td-no-down-arrow menu-item-2017\"><a href=\"https:\/\/altaraqicenter.org\/fr\/points-chauds-de-tension\/\"><i id=\"fac_69df47fe9b172\" class=\"fa fa-circle\"><\/i>\n Points Chauds de tension<\/a><\/li>\n<\/ul>\n<\/li>\n<li id=\"menu-item-2022\" class=\"menu-item menu-item-type-post_type menu-item-object-page menu-item-has-children td-no-down-arrow menu-item-2022\"><a href=\"https:\/\/altaraqicenter.org\/fr\/relations-mediterraneennes-et-internationales\/\"><i id=\"fac_69df47fe9cae5\" class=\"fa fa-circle\"><\/i>\n<b> Relations M\u00e9diterran\u00e9ennes et Internationales<\/b><\/a>\n<ul class=\"sub-menu\">\n\t<li id=\"menu-item-2040\" class=\"menu-item menu-item-type-post_type menu-item-object-page td-no-down-arrow menu-item-2040\"><a href=\"https:\/\/altaraqicenter.org\/fr\/etudes-mediterraneennes\/\"><i id=\"fac_69df47fe9e63e\" class=\"fa fa-circle\"><\/i>\n Etudes M\u00e9diterran\u00e9ennes<\/a><\/li>\n\t<li id=\"menu-item-2041\" class=\"menu-item menu-item-type-post_type menu-item-object-page td-no-down-arrow menu-item-2041\"><a href=\"https:\/\/altaraqicenter.org\/fr\/etudes-chinoises-et-asiatiques\/\"><i id=\"fac_69df47fe9fef3\" class=\"fa fa-circle\"><\/i>\n Etudes Chinoises et Asiatiques<\/a><\/li>\n\t<li id=\"menu-item-2042\" class=\"menu-item menu-item-type-post_type menu-item-object-page td-no-down-arrow menu-item-2042\"><a href=\"https:\/\/altaraqicenter.org\/fr\/etudes-des-ameriques\/\"><i id=\"fac_69df47fea18e5\" class=\"fa fa-circle\"><\/i>\n Etudes des Am\u00e9riques<\/a><\/li>\n\t<li id=\"menu-item-2013\" class=\"menu-item menu-item-type-post_type menu-item-object-page td-no-down-arrow menu-item-2013\"><a href=\"https:\/\/altaraqicenter.org\/fr\/minorites-musulmanes-de-par-le-monde\/\"><i id=\"fac_69df47fea33ab\" class=\"fa fa-circle\"><\/i>\n Minorit\u00e9s Musulmanes de par le monde<\/a><\/li>\n\t<li id=\"menu-item-2066\" class=\"menu-item menu-item-type-post_type menu-item-object-page td-no-down-arrow menu-item-2066\"><a href=\"https:\/\/altaraqicenter.org\/fr\/politique-de-sante-globale\/\"><i id=\"fac_69df47fea4c0b\" class=\"fa fa-circle\"><\/i>\n Politique de Sant\u00e9 Globale<\/a><\/li>\n<\/ul>\n<\/li>\n<li id=\"menu-item-2031\" class=\"menu-item menu-item-type-post_type menu-item-object-page td-no-down-arrow menu-item-2031\"><a href=\"https:\/\/altaraqicenter.org\/fr\/tendances-generales-et-previsions\/\"><i id=\"fac_69df47fea64e9\" class=\"fa fa-circle\"><\/i>\n<b> Tendances G\u00e9n\u00e9rales et Pr\u00e9visions<\/b><\/a><\/li>\n<li id=\"menu-item-2068\" class=\"menu-item menu-item-type-post_type menu-item-object-page td-no-down-arrow menu-item-2068\"><a href=\"https:\/\/altaraqicenter.org\/fr\/a-propos\/\"><font color=\"#61b343\"><b><i id=\"fac_69df47fea7ef1\" class=\"fa fa-circle\"><\/i>\n \u00c0 Propos de Nous<\/b><\/font><\/a><\/li>\n<li id=\"menu-item-2509\" class=\"menu-item menu-item-type-post_type menu-item-object-page td-no-down-arrow menu-item-2509\"><a href=\"https:\/\/altaraqicenter.org\/fr\/contactez-nous\/\"><font color=\"#61b343\"><b><i id=\"fac_69df47fea97f8\" class=\"fa fa-circle\"><\/i>\n Contactez-nous<\/b><\/font><\/a><\/li>\n<li id=\"menu-item-2402\" class=\"menu-item menu-item-type-post_type menu-item-object-page td-no-down-arrow menu-item-2402\"><a href=\"https:\/\/altaraqicenter.org\/fr\/mot-de-bienvenue\/\"><font color=\"#61b343\"><b><i id=\"fac_69df47feaab8e\" class=\"fa fa-circle\"><\/i>\n Confidentialit\u00e9<\/b><\/font><\/a><\/li>\n<\/ul><\/div><\/aside><\/div><\/div><\/div><div class=\"vc_column td_uid_4_69df47fead678_rand  wpb_column vc_column_container tdc-column td-pb-span8\"><div class=\"wpb_wrapper\"><div class=\"wpb_wrapper wpb_text_column td_block_wrap td_block_wrap vc_column_text td_uid_5_69df47feadaf3_rand  td-pb-border-top td_block_template_1\"  data-td-block-uid=\"td_uid_5_69df47feadaf3\" \"><div class=\"td-block-title-wrap\"><\/div><div class=\"td-fix-index\"><h3 style=\"text-align: center\"><span class=\"td_text_highlight_0\" style=\"color: #ffffff\">Contacter le directeur du centre<\/span><\/h3>\n<\/div><\/div><div role=\"form\" class=\"wpcf7\" id=\"wpcf7-f1647-o1\" lang=\"fr-FR\" dir=\"ltr\">\n<div class=\"screen-reader-response\"><\/div>\n<form action=\"\/fr\/wp-json\/wp\/v2\/pages\/1646#wpcf7-f1647-o1\" method=\"post\" class=\"wpcf7-form\" novalidate=\"novalidate\">\n<div style=\"display: none;\">\n<input type=\"hidden\" name=\"_wpcf7\" value=\"1647\" \/>\n<input type=\"hidden\" name=\"_wpcf7_version\" value=\"5.1.4\" \/>\n<input type=\"hidden\" name=\"_wpcf7_locale\" value=\"fr_FR\" \/>\n<input type=\"hidden\" name=\"_wpcf7_unit_tag\" value=\"wpcf7-f1647-o1\" \/>\n<input type=\"hidden\" name=\"_wpcf7_container_post\" value=\"0\" \/>\n<\/div>\n<p>Votre nom (obligatoire)<br \/>\n    <span class=\"wpcf7-form-control-wrap your-name\"><input type=\"text\" name=\"your-name\" value=\"\" size=\"40\" class=\"wpcf7-form-control wpcf7-text wpcf7-validates-as-required\" aria-required=\"true\" aria-invalid=\"false\" \/><\/span> <\/p>\n<p>Votre email (obligatoire)<br \/>\n    <span class=\"wpcf7-form-control-wrap your-email\"><input type=\"email\" name=\"your-email\" value=\"\" size=\"40\" class=\"wpcf7-form-control wpcf7-text wpcf7-email wpcf7-validates-as-required wpcf7-validates-as-email\" aria-required=\"true\" aria-invalid=\"false\" \/><\/span> <\/p>\n<p>Sujet<br \/>\n    <span class=\"wpcf7-form-control-wrap your-subject\"><input type=\"text\" name=\"your-subject\" value=\"\" size=\"40\" class=\"wpcf7-form-control wpcf7-text\" aria-invalid=\"false\" \/><\/span> <\/p>\n<p>Votre message<br \/>\n    <span class=\"wpcf7-form-control-wrap your-message\"><textarea name=\"your-message\" cols=\"40\" rows=\"10\" class=\"wpcf7-form-control wpcf7-textarea\" aria-invalid=\"false\"><\/textarea><\/span> <\/p>\n<p><input type=\"submit\" value=\"Envoyer\" class=\"wpcf7-form-control wpcf7-submit\" \/><\/p>\n<div class=\"wpcf7-response-output wpcf7-display-none\"><\/div><\/form><\/div><\/div><\/div><\/div><\/div>\r\n\t\t<script>\r\n\r\n\t\t\tjQuery(window).load(function () {\r\n\t\t\t\tjQuery('body').find('#td_uid_1_69df47fe68e61 .td-element-style').each(function (index, element) {\r\n\t\t\t\t\tjQuery(element).css('opacity', 1);\r\n\t\t\t\t\treturn;\r\n\t\t\t\t});\r\n\t\t\t});\r\n\r\n\t\t<\/script>\r\n\r\n\t\t\r\n\t\t\t<script>\r\n\r\n\t\t\t\tjQuery(window).ready(function () {\r\n\r\n\t\t\t\t\t\/\/ We need timeout because the content must be rendered and interpreted on client\r\n\t\t\t\t\tsetTimeout(function () {\r\n\r\n\t\t\t\t\t\tvar $content = jQuery('body').find('#tdc-live-iframe'),\r\n\t\t\t\t\t\t\trefWindow = undefined;\r\n\r\n\t\t\t\t\t\tif ($content.length) {\r\n\t\t\t\t\t\t\t$content = $content.contents();\r\n\t\t\t\t\t\t\trefWindow = document.getElementById('tdc-live-iframe').contentWindow || document.getElementById('tdc-live-iframe').contentDocument;\r\n\r\n\t\t\t\t\t\t} else {\r\n\t\t\t\t\t\t\t$content = jQuery('body');\r\n\t\t\t\t\t\t\trefWindow = window;\r\n\t\t\t\t\t\t}\r\n\r\n\t\t\t\t\t\t$content.find('#td_uid_1_69df47fe68e61 .td-element-style').each(function (index, element) {\r\n\t\t\t\t\t\t\tjQuery(element).css('opacity', 1);\r\n\t\t\t\t\t\t\treturn;\r\n\t\t\t\t\t\t});\r\n\t\t\t\t\t});\r\n\r\n\t\t\t\t}, 200);\r\n\t\t\t<\/script>\r\n\r\n\t\t\t","protected":false},"excerpt":{"rendered":"\/* custom css *\/ .td_uid_6_69df47feb75f4_rand { min-height: 0; } Accueil Ev\u00e9nements Mot de Bienvenue Etudes Alg\u00e9riennes Reformes Politiques Politique Sociale Administration Publique Ressources Humaines Ressources Naturelles Finance, Economie et Commerce Politique Energetique D\u00e9fense et de S\u00e9curit\u00e9 Securit\u00e9 Nationale Acquisition et ressources Strat\u00e9gie Militaire Technologie Energie Alter. et Changement Climatique Maghreb, Monde Musulman et Afrique Int\u00e9gration [...]","protected":false},"author":1,"featured_media":0,"parent":0,"menu_order":0,"comment_status":"closed","ping_status":"closed","template":"","meta":[],"_links":{"self":[{"href":"https:\/\/altaraqicenter.org\/fr\/wp-json\/wp\/v2\/pages\/1646"}],"collection":[{"href":"https:\/\/altaraqicenter.org\/fr\/wp-json\/wp\/v2\/pages"}],"about":[{"href":"https:\/\/altaraqicenter.org\/fr\/wp-json\/wp\/v2\/types\/page"}],"author":[{"embeddable":true,"href":"https:\/\/altaraqicenter.org\/fr\/wp-json\/wp\/v2\/users\/1"}],"replies":[{"embeddable":true,"href":"https:\/\/altaraqicenter.org\/fr\/wp-json\/wp\/v2\/comments?post=1646"}],"version-history":[{"count":0,"href":"https:\/\/altaraqicenter.org\/fr\/wp-json\/wp\/v2\/pages\/1646\/revisions"}],"wp:attachment":[{"href":"https:\/\/altaraqicenter.org\/fr\/wp-json\/wp\/v2\/media?parent=1646"}],"curies":[{"name":"wp","href":"https:\/\/api.w.org\/{rel}","templated":true}]}}