{"id":2398,"date":"2015-09-16T19:14:11","date_gmt":"2015-09-16T19:14:11","guid":{"rendered":"http:\/\/altaraqicenter.org\/AtaraqiCenterPlateforme\/fr\/?page_id=2398"},"modified":"2016-11-11T09:21:47","modified_gmt":"2016-11-11T09:21:47","slug":"mot-de-bienvenue","status":"publish","type":"page","link":"https:\/\/altaraqicenter.org\/fr\/mot-de-bienvenue\/","title":{"rendered":"Confidentiali\u00e9"},"content":{"rendered":"<div id=\"td_uid_1_69df2fcd39748\" class=\"tdc-row\"><div class=\"vc_row td_uid_1_69df2fcd398d3_rand  wpb_row td-pb-row\" >\n<style scoped>\n\n\/* custom css *\/\n.td_uid_1_69df2fcd398d3_rand {\r\n                    min-height: 0;\r\n                }\n<\/style><div class=\"vc_column td_uid_2_69df2fcd3a0f6_rand  wpb_column vc_column_container tdc-column td-pb-span4\"><div class=\"wpb_wrapper\"><div class=\"wpb_wrapper td_block_wrap vc_widget_sidebar td_uid_3_69df2fcd3a3ef_rand \" ><aside class=\"td_block_template_1 widget widget_nav_menu\"><div class=\"menu-left-menu-container\"><ul id=\"menu-left-menu\" class=\"menu\"><li id=\"menu-item-1986\" class=\"menu-item menu-item-type-post_type menu-item-object-page menu-item-home menu-item-first td-no-down-arrow menu-item-1986\"><a href=\"https:\/\/altaraqicenter.org\/fr\/\"><font color=\"#61b343\"><b><i id=\"fac_69df2fcd48e47\" class=\"fa fa-circle\"><\/i>\n Accueil<\/b><\/font><\/a><\/li>\n<li id=\"menu-item-1988\" class=\"menu-item menu-item-type-post_type menu-item-object-page td-no-down-arrow menu-item-1988\"><a href=\"https:\/\/altaraqicenter.org\/fr\/evenements\/\"><font color=\"#61b343\"><b><i id=\"fac_69df2fcd4b948\" class=\"fa fa-circle\"><\/i>\n Ev\u00e9nements<\/b><\/font><\/a><\/li>\n<li id=\"menu-item-1987\" class=\"menu-item menu-item-type-post_type menu-item-object-page td-no-down-arrow menu-item-1987\"><a href=\"https:\/\/altaraqicenter.org\/fr\/mot-de-bienvenue-2\/\"><font color=\"#61b343\"><b><i id=\"fac_69df2fcd4d4c4\" class=\"fa fa-circle\"><\/i>\n Mot de Bienvenue<\/b><\/font><\/a><\/li>\n<li id=\"menu-item-1989\" class=\"menu-item menu-item-type-post_type menu-item-object-page menu-item-has-children td-no-down-arrow menu-item-1989\"><a href=\"https:\/\/altaraqicenter.org\/fr\/etudes-algeriennes\/\"><b><i id=\"fac_69df2fcd4ed59\" class=\"fa fa-circle\"><\/i>\n Etudes Alg\u00e9riennes<\/b><\/a>\n<ul class=\"sub-menu\">\n\t<li id=\"menu-item-2021\" class=\"menu-item menu-item-type-post_type menu-item-object-page td-no-down-arrow menu-item-2021\"><a href=\"https:\/\/altaraqicenter.org\/fr\/reformes-politiques\/\"><i id=\"fac_69df2fcd50897\" class=\"fa fa-circle\"><\/i>\n Reformes Politiques<\/a><\/li>\n\t<li id=\"menu-item-2435\" class=\"menu-item menu-item-type-custom menu-item-object-custom td-no-down-arrow menu-item-2435\"><a href=\"#\"><i id=\"fac_69df2fcd51f95\" class=\"fa fa-circle\"><\/i>\n Politique Sociale<\/a><\/li>\n\t<li id=\"menu-item-2436\" class=\"menu-item menu-item-type-custom menu-item-object-custom td-no-down-arrow menu-item-2436\"><a href=\"#\"><i id=\"fac_69df2fcd53b55\" class=\"fa fa-circle\"><\/i>\n Administration Publique<\/a><\/li>\n\t<li id=\"menu-item-2437\" class=\"menu-item menu-item-type-custom menu-item-object-custom td-no-down-arrow menu-item-2437\"><a href=\"#\"><i id=\"fac_69df2fcd5561b\" class=\"fa fa-circle\"><\/i>\nRessources Humaines<\/a><\/li>\n\t<li id=\"menu-item-2438\" class=\"menu-item menu-item-type-custom menu-item-object-custom td-no-down-arrow menu-item-2438\"><a href=\"#\"><i id=\"fac_69df2fcd56de2\" class=\"fa fa-circle\"><\/i>\n Ressources Naturelles<\/a><\/li>\n\t<li id=\"menu-item-2439\" class=\"menu-item menu-item-type-custom menu-item-object-custom td-no-down-arrow menu-item-2439\"><a href=\"#\"><i id=\"fac_69df2fcd58518\" class=\"fa fa-circle\"><\/i>\n Finance, Economie et Commerce<\/a><\/li>\n\t<li id=\"menu-item-2440\" class=\"menu-item menu-item-type-custom menu-item-object-custom td-no-down-arrow menu-item-2440\"><a href=\"#\"><i id=\"fac_69df2fcd59bd9\" class=\"fa fa-circle\"><\/i>\n Politique Energetique<\/a><\/li>\n<\/ul>\n<\/li>\n<li id=\"menu-item-2037\" class=\"menu-item menu-item-type-post_type menu-item-object-page menu-item-has-children td-no-down-arrow menu-item-2037\"><a href=\"https:\/\/altaraqicenter.org\/fr\/defense-et-de-securite\/\"><i id=\"fac_69df2fcd5aff7\" class=\"fa fa-circle\"><\/i>\n<b> D\u00e9fense et de S\u00e9curit\u00e9<\/b><\/a>\n<ul class=\"sub-menu\">\n\t<li id=\"menu-item-2027\" class=\"menu-item menu-item-type-post_type menu-item-object-page td-no-down-arrow menu-item-2027\"><a href=\"https:\/\/altaraqicenter.org\/fr\/securite-nationale\/\"><i id=\"fac_69df2fcd5c6f3\" class=\"fa fa-circle\"><\/i>\n Securit\u00e9 Nationale<\/a><\/li>\n\t<li id=\"menu-item-2038\" class=\"menu-item menu-item-type-post_type menu-item-object-page td-no-down-arrow menu-item-2038\"><a href=\"https:\/\/altaraqicenter.org\/fr\/acquisition-et-ressources\/\"><i id=\"fac_69df2fcd5e615\" class=\"fa fa-circle\"><\/i>\n Acquisition et ressources<\/a><\/li>\n\t<li id=\"menu-item-2029\" class=\"menu-item menu-item-type-post_type menu-item-object-page td-no-down-arrow menu-item-2029\"><a href=\"https:\/\/altaraqicenter.org\/fr\/strategie-militaire\/\"><i id=\"fac_69df2fcd6097b\" class=\"fa fa-circle\"><\/i>\n Strat\u00e9gie Militaire<\/a><\/li>\n\t<li id=\"menu-item-2030\" class=\"menu-item menu-item-type-post_type menu-item-object-page td-no-down-arrow menu-item-2030\"><a href=\"https:\/\/altaraqicenter.org\/fr\/technologie\/\"><i id=\"fac_69df2fcd663db\" class=\"fa fa-circle\"><\/i>\n Technologie<\/a><\/li>\n\t<li id=\"menu-item-2039\" class=\"menu-item menu-item-type-post_type menu-item-object-page td-no-down-arrow menu-item-2039\"><a href=\"https:\/\/altaraqicenter.org\/fr\/energie-alter-et-changement-climatique\/\"><i id=\"fac_69df2fcd68171\" class=\"fa fa-circle\"><\/i>\n Energie Alter. et Changement Climatique<\/a><\/li>\n<\/ul>\n<\/li>\n<li id=\"menu-item-2012\" class=\"menu-item menu-item-type-post_type menu-item-object-page menu-item-has-children td-no-down-arrow menu-item-2012\"><a href=\"https:\/\/altaraqicenter.org\/fr\/maghreb-monde-musulman-et-afrique\/\"><i id=\"fac_69df2fcd69a22\" class=\"fa fa-circle\"><\/i>\n<b> Maghreb, Monde Musulman et Afrique<\/b><\/a>\n<ul class=\"sub-menu\">\n\t<li id=\"menu-item-2011\" class=\"menu-item menu-item-type-post_type menu-item-object-page td-no-down-arrow menu-item-2011\"><a href=\"https:\/\/altaraqicenter.org\/fr\/integration-economique-regionale\/\"><i id=\"fac_69df2fcd6b064\" class=\"fa fa-circle\"><\/i>\n Int\u00e9gration Economique R\u00e9gionale<\/a><\/li>\n\t<li id=\"menu-item-2017\" class=\"menu-item menu-item-type-post_type menu-item-object-page td-no-down-arrow menu-item-2017\"><a href=\"https:\/\/altaraqicenter.org\/fr\/points-chauds-de-tension\/\"><i id=\"fac_69df2fcd6c4a3\" class=\"fa fa-circle\"><\/i>\n Points Chauds de tension<\/a><\/li>\n<\/ul>\n<\/li>\n<li id=\"menu-item-2022\" class=\"menu-item menu-item-type-post_type menu-item-object-page menu-item-has-children td-no-down-arrow menu-item-2022\"><a href=\"https:\/\/altaraqicenter.org\/fr\/relations-mediterraneennes-et-internationales\/\"><i id=\"fac_69df2fcd6db34\" class=\"fa fa-circle\"><\/i>\n<b> Relations M\u00e9diterran\u00e9ennes et Internationales<\/b><\/a>\n<ul class=\"sub-menu\">\n\t<li id=\"menu-item-2040\" class=\"menu-item menu-item-type-post_type menu-item-object-page td-no-down-arrow menu-item-2040\"><a href=\"https:\/\/altaraqicenter.org\/fr\/etudes-mediterraneennes\/\"><i id=\"fac_69df2fcd6f823\" class=\"fa fa-circle\"><\/i>\n Etudes M\u00e9diterran\u00e9ennes<\/a><\/li>\n\t<li id=\"menu-item-2041\" class=\"menu-item menu-item-type-post_type menu-item-object-page td-no-down-arrow menu-item-2041\"><a href=\"https:\/\/altaraqicenter.org\/fr\/etudes-chinoises-et-asiatiques\/\"><i id=\"fac_69df2fcd70eb5\" class=\"fa fa-circle\"><\/i>\n Etudes Chinoises et Asiatiques<\/a><\/li>\n\t<li id=\"menu-item-2042\" class=\"menu-item menu-item-type-post_type menu-item-object-page td-no-down-arrow menu-item-2042\"><a href=\"https:\/\/altaraqicenter.org\/fr\/etudes-des-ameriques\/\"><i id=\"fac_69df2fcd72898\" class=\"fa fa-circle\"><\/i>\n Etudes des Am\u00e9riques<\/a><\/li>\n\t<li id=\"menu-item-2013\" class=\"menu-item menu-item-type-post_type menu-item-object-page td-no-down-arrow menu-item-2013\"><a href=\"https:\/\/altaraqicenter.org\/fr\/minorites-musulmanes-de-par-le-monde\/\"><i id=\"fac_69df2fcd749d7\" class=\"fa fa-circle\"><\/i>\n Minorit\u00e9s Musulmanes de par le monde<\/a><\/li>\n\t<li id=\"menu-item-2066\" class=\"menu-item menu-item-type-post_type menu-item-object-page td-no-down-arrow menu-item-2066\"><a href=\"https:\/\/altaraqicenter.org\/fr\/politique-de-sante-globale\/\"><i id=\"fac_69df2fcd76505\" class=\"fa fa-circle\"><\/i>\n Politique de Sant\u00e9 Globale<\/a><\/li>\n<\/ul>\n<\/li>\n<li id=\"menu-item-2031\" class=\"menu-item menu-item-type-post_type menu-item-object-page td-no-down-arrow menu-item-2031\"><a href=\"https:\/\/altaraqicenter.org\/fr\/tendances-generales-et-previsions\/\"><i id=\"fac_69df2fcd77e93\" class=\"fa fa-circle\"><\/i>\n<b> Tendances G\u00e9n\u00e9rales et Pr\u00e9visions<\/b><\/a><\/li>\n<li id=\"menu-item-2068\" class=\"menu-item menu-item-type-post_type menu-item-object-page td-no-down-arrow menu-item-2068\"><a href=\"https:\/\/altaraqicenter.org\/fr\/a-propos\/\"><font color=\"#61b343\"><b><i id=\"fac_69df2fcd798db\" class=\"fa fa-circle\"><\/i>\n \u00c0 Propos de Nous<\/b><\/font><\/a><\/li>\n<li id=\"menu-item-2509\" class=\"menu-item menu-item-type-post_type menu-item-object-page td-no-down-arrow menu-item-2509\"><a href=\"https:\/\/altaraqicenter.org\/fr\/contactez-nous\/\"><font color=\"#61b343\"><b><i id=\"fac_69df2fcd7b6e0\" class=\"fa fa-circle\"><\/i>\n Contactez-nous<\/b><\/font><\/a><\/li>\n<li id=\"menu-item-2402\" class=\"menu-item menu-item-type-post_type menu-item-object-page td-no-down-arrow menu-item-2402\"><a href=\"https:\/\/altaraqicenter.org\/fr\/mot-de-bienvenue\/\"><font color=\"#61b343\"><b><i id=\"fac_69df2fcd7e27e\" class=\"fa fa-circle\"><\/i>\n Confidentialit\u00e9<\/b><\/font><\/a><\/li>\n<\/ul><\/div><\/aside><\/div><\/div><\/div><div class=\"vc_column td_uid_4_69df2fcd81cbe_rand  wpb_column vc_column_container tdc-column td-pb-span8\"><div class=\"wpb_wrapper\"><div class=\"wpb_wrapper wpb_text_column td_block_wrap td_block_wrap vc_column_text td_uid_5_69df2fcd8279b_rand  td-pb-border-top td_block_template_1\"  data-td-block-uid=\"td_uid_5_69df2fcd8279b\" \"><div class=\"td-block-title-wrap\"><\/div><div class=\"td-fix-index\"><h2 style=\"text-align: center;\"><span style=\"color: #61b343;\"><strong><span style=\"text-decoration: underline;\">Politique de Confidentialit\u00e9<\/span><\/strong><\/span><\/h2>\n<\/div><\/div><div class=\"wpb_wrapper wpb_text_column td_block_wrap td_block_wrap vc_column_text td_uid_6_69df2fcd88e7b_rand  td-pb-border-top td_block_template_1\"  data-td-block-uid=\"td_uid_6_69df2fcd88e7b\" \"><div class=\"td-block-title-wrap\"><\/div><div class=\"td-fix-index\"><p>Cette politique de confidentialit\u00e9 a \u00e9t\u00e9 d\u00e9velopp\u00e9e afin de renforcer votre confiance en tant qu&#8217;utilisateur de ce site \u00e9lectronique officiel du \u00ab\u00a0Centre alTaraqi pour Etudes Strat\u00e9giques\u00a0\u00bb, sur la s\u00e9curit\u00e9 et la confidentialit\u00e9 des d\u00e9tails de vos informations personnellement identifiables.<\/p>\n<p>Nous ne vendrons pas vos informations personnellement identifiables \u00e0 des tiers.<\/p>\n<p>Nous ne collectons aucune information personnellement identifiable sur vous \u00e0 travers ce site, sauf si vous choisissez de la partager avec nous soit directement, soit par e-mail ou en remplissant et en soumettant les applications qui peuvent \u00eatre disponibles sur le site. Ainsi, en remplissant les applications et en soumettant vos informations d\u2019utilisateur, vous convenez que nous pr\u00e9servions vos renseignements personnels propres.<\/p>\n<p>Nous ne divulguons aucune information personnelle vous concernant que vous aviez choisi de partager avec nous, sauf si n\u00e9cessaire. Dans ce cas, nous fournirons au tiers concern\u00e9 seulement les informations n\u00e9cessaires \u00e0 la mise en \u0153uvre des responsabilit\u00e9s confi\u00e9es, et uniquement pour le but sp\u00e9cifi\u00e9 de sa mission. Nous allons \u00e9galement demander \u00e0 ces tiers l\u2019engagement de traiter vos informations avec le m\u00eame degr\u00e9 de confidentialit\u00e9 que nous adoptons.<\/p>\n<p>Ainsi, nous utiliserons en cas de besoin les informations personnelles vous concernant que vous aviez choisi de partager avec nous, selon les termes de la politique de confidentialit\u00e9 suivants\u00a0:<\/p>\n<p>1 \u2013 Entreprendre des \u00e9tudes du march\u00e9, y compris l&#8217;analyse statistique sur le comportement de l&#8217;utilisateur, que nous pourrions pr\u00e9senter dans un aspect impersonnel \u00e0 des tiers\u00a0;<\/p>\n<p>2 &#8211; Vous Envoyer des communications p\u00e9riodiques (qui comprennent des messages e-mail), des publications sur le Centre, ses activit\u00e9s et ses propres \u00e9v\u00e9nements\u00a0;<\/p>\n<p>3 &#8211; \u00a0Nous allons \u00e9galement publier des informations sur vous, avec votre autorisation, si nous avons \u00e9t\u00e9 oblig\u00e9s par la loi de le faire, ou dans d&#8217;autres circonstances prescrites par la loi\u00a0;<\/p>\n<p>4 &#8211; Au cas o\u00f9 nous voulons utiliser vos renseignements personnels \u00e0 des fins autres que celles d\u00e9crites dans la pr\u00e9sente politique de confidentialit\u00e9, nous allons vous donner la possibilit\u00e9 de nous le refuser\u00a0;<\/p>\n<p>5 &#8211; Nous pourrons retracer les adresses IP (l&#8217;adresse Internet de l&#8217;ordinateur) pour tracer votre visite sur le site \u00e9lectronique du Centre alTaraqi, tout en gardant vos informations personnellement identifiables totalement inconnues. Retra\u00e7ant l&#8217;IP nous donne des informations importantes sur nos visiteurs. Par exemple, nous pouvons connaitre quelles parties du site sont les plus visit\u00e9es par le plus grand nombre des utilisateurs et la dur\u00e9e de leur visite. Lorsque nous recevons des informations sur vous ou sur votre session de travail, nous l&#8217;utilisons pour la recherche ou pour am\u00e9liorer le site ainsi que notre service pour vous\u00a0;<\/p>\n<p>6 &#8211; Malgr\u00e9 notre engagement total \u00e0 la protection des informations personnellement identifiables sur vous, et bien que nous appliquions les normes et les sp\u00e9cifications des mesures de s\u00e9curit\u00e9 de l&#8217;industrie afin d&#8217;emp\u00eacher un acc\u00e8s ill\u00e9gal aux informations de l&#8217;utilisateur, nous ne pouvons assurer l\u2019envoi de donn\u00e9es au site en toute s\u00e9curit\u00e9. Toutes les donn\u00e9es, y compris vos propres informations personnellement identifiables, sont envoy\u00e9es \u00e0 votre propre risque\u00a0;<\/p>\n<p>7 &#8211; La politique de confidentialit\u00e9 ne couvre pas votre d\u00e9m\u00e9nagement de ce site vers un autre site\u00a0;<\/p>\n<p>8 &#8211; Nous nous r\u00e9servons le droit de changer, modifier ou mettre \u00e0 jour cette politique de confidentialit\u00e9 \u00e0 tout moment\u00a0;<\/p>\n<p>9 \u2013 Vous pouvez quand vous le voulez retirer votre consentement \u00e0 cette Politique de confidentialit\u00e9, en r\u00e9pondant au lien \u00ab\u00a0l&#8217;abolition de l\u2019approbation \u00bb dans les correspondances provenant de nous.<\/p>\n<p>Si vous avez des questions au sujet de cette politique de confidentialit\u00e9, s&#8217;il vous pla\u00eet n\u2019h\u00e9sitez pas \u00e0 nous contacter.<\/p>\n<\/div><\/div><\/div><\/div><\/div><\/div>\r\n\t\t<script>\r\n\r\n\t\t\tjQuery(window).load(function () {\r\n\t\t\t\tjQuery('body').find('#td_uid_1_69df2fcd39748 .td-element-style').each(function (index, element) {\r\n\t\t\t\t\tjQuery(element).css('opacity', 1);\r\n\t\t\t\t\treturn;\r\n\t\t\t\t});\r\n\t\t\t});\r\n\r\n\t\t<\/script>\r\n\r\n\t\t\r\n\t\t\t<script>\r\n\r\n\t\t\t\tjQuery(window).ready(function () {\r\n\r\n\t\t\t\t\t\/\/ We need timeout because the content must be rendered and interpreted on client\r\n\t\t\t\t\tsetTimeout(function () {\r\n\r\n\t\t\t\t\t\tvar $content = jQuery('body').find('#tdc-live-iframe'),\r\n\t\t\t\t\t\t\trefWindow = undefined;\r\n\r\n\t\t\t\t\t\tif ($content.length) {\r\n\t\t\t\t\t\t\t$content = $content.contents();\r\n\t\t\t\t\t\t\trefWindow = document.getElementById('tdc-live-iframe').contentWindow || document.getElementById('tdc-live-iframe').contentDocument;\r\n\r\n\t\t\t\t\t\t} else {\r\n\t\t\t\t\t\t\t$content = jQuery('body');\r\n\t\t\t\t\t\t\trefWindow = window;\r\n\t\t\t\t\t\t}\r\n\r\n\t\t\t\t\t\t$content.find('#td_uid_1_69df2fcd39748 .td-element-style').each(function (index, element) {\r\n\t\t\t\t\t\t\tjQuery(element).css('opacity', 1);\r\n\t\t\t\t\t\t\treturn;\r\n\t\t\t\t\t\t});\r\n\t\t\t\t\t});\r\n\r\n\t\t\t\t}, 200);\r\n\t\t\t<\/script>\r\n\r\n\t\t\t","protected":false},"excerpt":{"rendered":"\/* custom css *\/ .td_uid_7_69df2fcd8df15_rand { min-height: 0; } Accueil Ev\u00e9nements Mot de Bienvenue Etudes Alg\u00e9riennes Reformes Politiques Politique Sociale Administration Publique Ressources Humaines Ressources Naturelles Finance, Economie et Commerce Politique Energetique D\u00e9fense et de S\u00e9curit\u00e9 Securit\u00e9 Nationale Acquisition et ressources Strat\u00e9gie Militaire Technologie Energie Alter. et Changement Climatique Maghreb, Monde Musulman et Afrique Int\u00e9gration [...]","protected":false},"author":2,"featured_media":0,"parent":0,"menu_order":0,"comment_status":"closed","ping_status":"closed","template":"","meta":[],"_links":{"self":[{"href":"https:\/\/altaraqicenter.org\/fr\/wp-json\/wp\/v2\/pages\/2398"}],"collection":[{"href":"https:\/\/altaraqicenter.org\/fr\/wp-json\/wp\/v2\/pages"}],"about":[{"href":"https:\/\/altaraqicenter.org\/fr\/wp-json\/wp\/v2\/types\/page"}],"author":[{"embeddable":true,"href":"https:\/\/altaraqicenter.org\/fr\/wp-json\/wp\/v2\/users\/2"}],"replies":[{"embeddable":true,"href":"https:\/\/altaraqicenter.org\/fr\/wp-json\/wp\/v2\/comments?post=2398"}],"version-history":[{"count":3,"href":"https:\/\/altaraqicenter.org\/fr\/wp-json\/wp\/v2\/pages\/2398\/revisions"}],"predecessor-version":[{"id":2401,"href":"https:\/\/altaraqicenter.org\/fr\/wp-json\/wp\/v2\/pages\/2398\/revisions\/2401"}],"wp:attachment":[{"href":"https:\/\/altaraqicenter.org\/fr\/wp-json\/wp\/v2\/media?parent=2398"}],"curies":[{"name":"wp","href":"https:\/\/api.w.org\/{rel}","templated":true}]}}