{"id":2499,"date":"2015-10-02T22:40:38","date_gmt":"2015-10-02T22:40:38","guid":{"rendered":"http:\/\/altaraqicenter.org\/AtaraqiCenterPlateforme\/fr\/?page_id=2499"},"modified":"2017-01-25T19:59:39","modified_gmt":"2017-01-25T19:59:39","slug":"contactez-nous","status":"publish","type":"page","link":"https:\/\/altaraqicenter.org\/fr\/contactez-nous\/","title":{"rendered":"Contactez-nous"},"content":{"rendered":"<div id=\"td_uid_1_6a046c4ea7f6b\" class=\"tdc-row\"><div class=\"vc_row td_uid_1_6a046c4ea7fce_rand  wpb_row td-pb-row\" >\n<style scoped>\n\n\/* custom css *\/\n.td_uid_1_6a046c4ea7fce_rand {\r\n                    min-height: 0;\r\n                }\n<\/style><div class=\"vc_column td_uid_2_6a046c4ea9be4_rand  wpb_column vc_column_container tdc-column td-pb-span4\"><div class=\"wpb_wrapper\"><div class=\"wpb_wrapper td_block_wrap vc_widget_sidebar td_uid_3_6a046c4ea9e48_rand \" ><aside class=\"td_block_template_1 widget widget_nav_menu\"><div class=\"menu-left-menu-container\"><ul id=\"menu-left-menu\" class=\"menu\"><li id=\"menu-item-1986\" class=\"menu-item menu-item-type-post_type menu-item-object-page menu-item-home menu-item-first td-no-down-arrow menu-item-1986\"><a href=\"https:\/\/altaraqicenter.org\/fr\/\"><font color=\"#61b343\"><b><i id=\"fac_6a046c4eb2925\" class=\"fa fa-circle\"><\/i>\n Accueil<\/b><\/font><\/a><\/li>\n<li id=\"menu-item-1988\" class=\"menu-item menu-item-type-post_type menu-item-object-page td-no-down-arrow menu-item-1988\"><a href=\"https:\/\/altaraqicenter.org\/fr\/evenements\/\"><font color=\"#61b343\"><b><i id=\"fac_6a046c4eba390\" class=\"fa fa-circle\"><\/i>\n Ev\u00e9nements<\/b><\/font><\/a><\/li>\n<li id=\"menu-item-1987\" class=\"menu-item menu-item-type-post_type menu-item-object-page td-no-down-arrow menu-item-1987\"><a href=\"https:\/\/altaraqicenter.org\/fr\/mot-de-bienvenue-2\/\"><font color=\"#61b343\"><b><i id=\"fac_6a046c4ebbe1a\" class=\"fa fa-circle\"><\/i>\n Mot de Bienvenue<\/b><\/font><\/a><\/li>\n<li id=\"menu-item-1989\" class=\"menu-item menu-item-type-post_type menu-item-object-page menu-item-has-children td-no-down-arrow menu-item-1989\"><a href=\"https:\/\/altaraqicenter.org\/fr\/etudes-algeriennes\/\"><b><i id=\"fac_6a046c4ebd0b9\" class=\"fa fa-circle\"><\/i>\n Etudes Alg\u00e9riennes<\/b><\/a>\n<ul class=\"sub-menu\">\n\t<li id=\"menu-item-2021\" class=\"menu-item menu-item-type-post_type menu-item-object-page td-no-down-arrow menu-item-2021\"><a href=\"https:\/\/altaraqicenter.org\/fr\/reformes-politiques\/\"><i id=\"fac_6a046c4ebe2e0\" class=\"fa fa-circle\"><\/i>\n Reformes Politiques<\/a><\/li>\n\t<li id=\"menu-item-2435\" class=\"menu-item menu-item-type-custom menu-item-object-custom td-no-down-arrow menu-item-2435\"><a href=\"#\"><i id=\"fac_6a046c4ebf4f3\" class=\"fa fa-circle\"><\/i>\n Politique Sociale<\/a><\/li>\n\t<li id=\"menu-item-2436\" class=\"menu-item menu-item-type-custom menu-item-object-custom td-no-down-arrow menu-item-2436\"><a href=\"#\"><i id=\"fac_6a046c4ec0cf7\" class=\"fa fa-circle\"><\/i>\n Administration Publique<\/a><\/li>\n\t<li id=\"menu-item-2437\" class=\"menu-item menu-item-type-custom menu-item-object-custom td-no-down-arrow menu-item-2437\"><a href=\"#\"><i id=\"fac_6a046c4ec2629\" class=\"fa fa-circle\"><\/i>\nRessources Humaines<\/a><\/li>\n\t<li id=\"menu-item-2438\" class=\"menu-item menu-item-type-custom menu-item-object-custom td-no-down-arrow menu-item-2438\"><a href=\"#\"><i id=\"fac_6a046c4ec4a62\" class=\"fa fa-circle\"><\/i>\n Ressources Naturelles<\/a><\/li>\n\t<li id=\"menu-item-2439\" class=\"menu-item menu-item-type-custom menu-item-object-custom td-no-down-arrow menu-item-2439\"><a href=\"#\"><i id=\"fac_6a046c4ec7416\" class=\"fa fa-circle\"><\/i>\n Finance, Economie et Commerce<\/a><\/li>\n\t<li id=\"menu-item-2440\" class=\"menu-item menu-item-type-custom menu-item-object-custom td-no-down-arrow menu-item-2440\"><a href=\"#\"><i id=\"fac_6a046c4ec98ab\" class=\"fa fa-circle\"><\/i>\n Politique Energetique<\/a><\/li>\n<\/ul>\n<\/li>\n<li id=\"menu-item-2037\" class=\"menu-item menu-item-type-post_type menu-item-object-page menu-item-has-children td-no-down-arrow menu-item-2037\"><a href=\"https:\/\/altaraqicenter.org\/fr\/defense-et-de-securite\/\"><i id=\"fac_6a046c4ecbf87\" class=\"fa fa-circle\"><\/i>\n<b> D\u00e9fense et de S\u00e9curit\u00e9<\/b><\/a>\n<ul class=\"sub-menu\">\n\t<li id=\"menu-item-2027\" class=\"menu-item menu-item-type-post_type menu-item-object-page td-no-down-arrow menu-item-2027\"><a href=\"https:\/\/altaraqicenter.org\/fr\/securite-nationale\/\"><i id=\"fac_6a046c4ece16e\" class=\"fa fa-circle\"><\/i>\n Securit\u00e9 Nationale<\/a><\/li>\n\t<li id=\"menu-item-2038\" class=\"menu-item menu-item-type-post_type menu-item-object-page td-no-down-arrow menu-item-2038\"><a href=\"https:\/\/altaraqicenter.org\/fr\/acquisition-et-ressources\/\"><i id=\"fac_6a046c4ecff47\" class=\"fa fa-circle\"><\/i>\n Acquisition et ressources<\/a><\/li>\n\t<li id=\"menu-item-2029\" class=\"menu-item menu-item-type-post_type menu-item-object-page td-no-down-arrow menu-item-2029\"><a href=\"https:\/\/altaraqicenter.org\/fr\/strategie-militaire\/\"><i id=\"fac_6a046c4ed1b16\" class=\"fa fa-circle\"><\/i>\n Strat\u00e9gie Militaire<\/a><\/li>\n\t<li id=\"menu-item-2030\" class=\"menu-item menu-item-type-post_type menu-item-object-page td-no-down-arrow menu-item-2030\"><a href=\"https:\/\/altaraqicenter.org\/fr\/technologie\/\"><i id=\"fac_6a046c4ed39f4\" class=\"fa fa-circle\"><\/i>\n Technologie<\/a><\/li>\n\t<li id=\"menu-item-2039\" class=\"menu-item menu-item-type-post_type menu-item-object-page td-no-down-arrow menu-item-2039\"><a href=\"https:\/\/altaraqicenter.org\/fr\/energie-alter-et-changement-climatique\/\"><i id=\"fac_6a046c4ed57c7\" class=\"fa fa-circle\"><\/i>\n Energie Alter. et Changement Climatique<\/a><\/li>\n<\/ul>\n<\/li>\n<li id=\"menu-item-2012\" class=\"menu-item menu-item-type-post_type menu-item-object-page menu-item-has-children td-no-down-arrow menu-item-2012\"><a href=\"https:\/\/altaraqicenter.org\/fr\/maghreb-monde-musulman-et-afrique\/\"><i id=\"fac_6a046c4ed78ba\" class=\"fa fa-circle\"><\/i>\n<b> Maghreb, Monde Musulman et Afrique<\/b><\/a>\n<ul class=\"sub-menu\">\n\t<li id=\"menu-item-2011\" class=\"menu-item menu-item-type-post_type menu-item-object-page td-no-down-arrow menu-item-2011\"><a href=\"https:\/\/altaraqicenter.org\/fr\/integration-economique-regionale\/\"><i id=\"fac_6a046c4ed9e34\" class=\"fa fa-circle\"><\/i>\n Int\u00e9gration Economique R\u00e9gionale<\/a><\/li>\n\t<li id=\"menu-item-2017\" class=\"menu-item menu-item-type-post_type menu-item-object-page td-no-down-arrow menu-item-2017\"><a href=\"https:\/\/altaraqicenter.org\/fr\/points-chauds-de-tension\/\"><i id=\"fac_6a046c4edbeb0\" class=\"fa fa-circle\"><\/i>\n Points Chauds de tension<\/a><\/li>\n<\/ul>\n<\/li>\n<li id=\"menu-item-2022\" class=\"menu-item menu-item-type-post_type menu-item-object-page menu-item-has-children td-no-down-arrow menu-item-2022\"><a href=\"https:\/\/altaraqicenter.org\/fr\/relations-mediterraneennes-et-internationales\/\"><i id=\"fac_6a046c4ede037\" class=\"fa fa-circle\"><\/i>\n<b> Relations M\u00e9diterran\u00e9ennes et Internationales<\/b><\/a>\n<ul class=\"sub-menu\">\n\t<li id=\"menu-item-2040\" class=\"menu-item menu-item-type-post_type menu-item-object-page td-no-down-arrow menu-item-2040\"><a href=\"https:\/\/altaraqicenter.org\/fr\/etudes-mediterraneennes\/\"><i id=\"fac_6a046c4ee03fb\" class=\"fa fa-circle\"><\/i>\n Etudes M\u00e9diterran\u00e9ennes<\/a><\/li>\n\t<li id=\"menu-item-2041\" class=\"menu-item menu-item-type-post_type menu-item-object-page td-no-down-arrow menu-item-2041\"><a href=\"https:\/\/altaraqicenter.org\/fr\/etudes-chinoises-et-asiatiques\/\"><i id=\"fac_6a046c4ee27a5\" class=\"fa fa-circle\"><\/i>\n Etudes Chinoises et Asiatiques<\/a><\/li>\n\t<li id=\"menu-item-2042\" class=\"menu-item menu-item-type-post_type menu-item-object-page td-no-down-arrow menu-item-2042\"><a href=\"https:\/\/altaraqicenter.org\/fr\/etudes-des-ameriques\/\"><i id=\"fac_6a046c4ee48b8\" class=\"fa fa-circle\"><\/i>\n Etudes des Am\u00e9riques<\/a><\/li>\n\t<li id=\"menu-item-2013\" class=\"menu-item menu-item-type-post_type menu-item-object-page td-no-down-arrow menu-item-2013\"><a href=\"https:\/\/altaraqicenter.org\/fr\/minorites-musulmanes-de-par-le-monde\/\"><i id=\"fac_6a046c4ee6779\" class=\"fa fa-circle\"><\/i>\n Minorit\u00e9s Musulmanes de par le monde<\/a><\/li>\n\t<li id=\"menu-item-2066\" class=\"menu-item menu-item-type-post_type menu-item-object-page td-no-down-arrow menu-item-2066\"><a href=\"https:\/\/altaraqicenter.org\/fr\/politique-de-sante-globale\/\"><i id=\"fac_6a046c4ee8414\" class=\"fa fa-circle\"><\/i>\n Politique de Sant\u00e9 Globale<\/a><\/li>\n<\/ul>\n<\/li>\n<li id=\"menu-item-2031\" class=\"menu-item menu-item-type-post_type menu-item-object-page td-no-down-arrow menu-item-2031\"><a href=\"https:\/\/altaraqicenter.org\/fr\/tendances-generales-et-previsions\/\"><i id=\"fac_6a046c4eea5a7\" class=\"fa fa-circle\"><\/i>\n<b> Tendances G\u00e9n\u00e9rales et Pr\u00e9visions<\/b><\/a><\/li>\n<li id=\"menu-item-2068\" class=\"menu-item menu-item-type-post_type menu-item-object-page td-no-down-arrow menu-item-2068\"><a href=\"https:\/\/altaraqicenter.org\/fr\/a-propos\/\"><font color=\"#61b343\"><b><i id=\"fac_6a046c4eec7c4\" class=\"fa fa-circle\"><\/i>\n \u00c0 Propos de Nous<\/b><\/font><\/a><\/li>\n<li id=\"menu-item-2509\" class=\"menu-item menu-item-type-post_type menu-item-object-page td-no-down-arrow menu-item-2509\"><a href=\"https:\/\/altaraqicenter.org\/fr\/contactez-nous\/\"><font color=\"#61b343\"><b><i id=\"fac_6a046c4eee7b0\" class=\"fa fa-circle\"><\/i>\n Contactez-nous<\/b><\/font><\/a><\/li>\n<li id=\"menu-item-2402\" class=\"menu-item menu-item-type-post_type menu-item-object-page td-no-down-arrow menu-item-2402\"><a href=\"https:\/\/altaraqicenter.org\/fr\/mot-de-bienvenue\/\"><font color=\"#61b343\"><b><i id=\"fac_6a046c4ef05d1\" class=\"fa fa-circle\"><\/i>\n Confidentialit\u00e9<\/b><\/font><\/a><\/li>\n<\/ul><\/div><\/aside><\/div><\/div><\/div><div class=\"vc_column td_uid_4_6a046c4ef2c0a_rand  wpb_column vc_column_container tdc-column td-pb-span8\"><div class=\"wpb_wrapper\"><div class=\"wpb_wrapper wpb_text_column td_block_wrap td_block_wrap vc_column_text td_uid_5_6a046c4ef30ae_rand  td-pb-border-top td_block_template_1\"  data-td-block-uid=\"td_uid_5_6a046c4ef30ae\" \"><div class=\"td-block-title-wrap\"><\/div><div class=\"td-fix-index\"><h3 style=\"text-align: center;\"><span class=\"td_text_highlight_0\" style=\"color: #ffffff;\">Contact<\/span><\/h3>\n<\/div><\/div><div class=\"wpb_wrapper wpb_text_column td_block_wrap td_block_wrap vc_column_text td_uid_6_6a046c4f042bc_rand  td-pb-border-top td_block_template_1\"  data-td-block-uid=\"td_uid_6_6a046c4f042bc\" \"><div class=\"td-block-title-wrap\"><\/div><div class=\"td-fix-index\"><ul>\n<li><a href=\"http:\/\/altaraqicenter.org\/fr\/contact-le-centre\/\">Contact : Ahmed Ouamrane<\/a><\/li>\n<li><a href=\"http:\/\/altaraqicenter.org\/fr\/contact-directeur-du-centre\/\">Directeur du Centre : Anwar NasrEddeen Haddam<\/a><\/li>\n<li><a href=\"http:\/\/altaraqicenter.org\/fr\/contact-webmaster\/\">Administrateur du site<\/a><\/li>\n<\/ul>\n<\/div><\/div><\/div><\/div><\/div><\/div>\r\n\t\t<script>\r\n\r\n\t\t\tjQuery(window).load(function () {\r\n\t\t\t\tjQuery('body').find('#td_uid_1_6a046c4ea7f6b .td-element-style').each(function (index, element) {\r\n\t\t\t\t\tjQuery(element).css('opacity', 1);\r\n\t\t\t\t\treturn;\r\n\t\t\t\t});\r\n\t\t\t});\r\n\r\n\t\t<\/script>\r\n\r\n\t\t\r\n\t\t\t<script>\r\n\r\n\t\t\t\tjQuery(window).ready(function () {\r\n\r\n\t\t\t\t\t\/\/ We need timeout because the content must be rendered and interpreted on client\r\n\t\t\t\t\tsetTimeout(function () {\r\n\r\n\t\t\t\t\t\tvar $content = jQuery('body').find('#tdc-live-iframe'),\r\n\t\t\t\t\t\t\trefWindow = undefined;\r\n\r\n\t\t\t\t\t\tif ($content.length) {\r\n\t\t\t\t\t\t\t$content = $content.contents();\r\n\t\t\t\t\t\t\trefWindow = document.getElementById('tdc-live-iframe').contentWindow || document.getElementById('tdc-live-iframe').contentDocument;\r\n\r\n\t\t\t\t\t\t} else {\r\n\t\t\t\t\t\t\t$content = jQuery('body');\r\n\t\t\t\t\t\t\trefWindow = window;\r\n\t\t\t\t\t\t}\r\n\r\n\t\t\t\t\t\t$content.find('#td_uid_1_6a046c4ea7f6b .td-element-style').each(function (index, element) {\r\n\t\t\t\t\t\t\tjQuery(element).css('opacity', 1);\r\n\t\t\t\t\t\t\treturn;\r\n\t\t\t\t\t\t});\r\n\t\t\t\t\t});\r\n\r\n\t\t\t\t}, 200);\r\n\t\t\t<\/script>\r\n\r\n\t\t\t","protected":false},"excerpt":{"rendered":"\/* custom css *\/ .td_uid_7_6a046c4f06bbf_rand { min-height: 0; } Accueil Ev\u00e9nements Mot de Bienvenue Etudes Alg\u00e9riennes Reformes Politiques Politique Sociale Administration Publique Ressources Humaines Ressources Naturelles Finance, Economie et Commerce Politique Energetique D\u00e9fense et de S\u00e9curit\u00e9 Securit\u00e9 Nationale Acquisition et ressources Strat\u00e9gie Militaire Technologie Energie Alter. et Changement Climatique Maghreb, Monde Musulman et Afrique Int\u00e9gration [...]","protected":false},"author":1,"featured_media":0,"parent":0,"menu_order":0,"comment_status":"closed","ping_status":"closed","template":"","meta":[],"_links":{"self":[{"href":"https:\/\/altaraqicenter.org\/fr\/wp-json\/wp\/v2\/pages\/2499"}],"collection":[{"href":"https:\/\/altaraqicenter.org\/fr\/wp-json\/wp\/v2\/pages"}],"about":[{"href":"https:\/\/altaraqicenter.org\/fr\/wp-json\/wp\/v2\/types\/page"}],"author":[{"embeddable":true,"href":"https:\/\/altaraqicenter.org\/fr\/wp-json\/wp\/v2\/users\/1"}],"replies":[{"embeddable":true,"href":"https:\/\/altaraqicenter.org\/fr\/wp-json\/wp\/v2\/comments?post=2499"}],"version-history":[{"count":5,"href":"https:\/\/altaraqicenter.org\/fr\/wp-json\/wp\/v2\/pages\/2499\/revisions"}],"predecessor-version":[{"id":2544,"href":"https:\/\/altaraqicenter.org\/fr\/wp-json\/wp\/v2\/pages\/2499\/revisions\/2544"}],"wp:attachment":[{"href":"https:\/\/altaraqicenter.org\/fr\/wp-json\/wp\/v2\/media?parent=2499"}],"curies":[{"name":"wp","href":"https:\/\/api.w.org\/{rel}","templated":true}]}}