{"id":804,"date":"2015-09-16T13:44:15","date_gmt":"2015-09-16T13:44:15","guid":{"rendered":"http:\/\/491.8b4.myftpupload.com\/?page_id=804"},"modified":"2015-10-27T18:05:27","modified_gmt":"2015-10-27T18:05:27","slug":"politique-sociale","status":"publish","type":"page","link":"https:\/\/altaraqicenter.org\/fr\/politique-sociale\/","title":{"rendered":"Politique Sociale"},"content":{"rendered":"<div id=\"td_uid_1_69df44739dd07\" class=\"tdc-row\"><div class=\"vc_row td_uid_1_69df44739ddd5_rand  wpb_row td-pb-row\" >\n<style scoped>\n\n\/* custom css *\/\n.td_uid_1_69df44739ddd5_rand {\r\n                    min-height: 0;\r\n                }\n<\/style><div class=\"vc_column td_uid_2_69df44739e6a0_rand  wpb_column vc_column_container tdc-column td-pb-span4\"><div class=\"wpb_wrapper\"><div class=\"wpb_wrapper td_block_wrap vc_widget_sidebar td_uid_3_69df44739e937_rand \" ><aside class=\"td_block_template_1 widget widget_nav_menu\"><div class=\"menu-menu-etude-container\"><ul id=\"menu-menu-etude\" class=\"menu\"><li id=\"menu-item-2072\" class=\"menu-item menu-item-type-post_type menu-item-object-page menu-item-has-children menu-item-first td-no-down-arrow menu-item-2072\"><a href=\"https:\/\/altaraqicenter.org\/fr\/etudes-algeriennes\/\"><i id=\"fac_69df4473a9b8a\" class=\"fa fa-circle\"><\/i>\n Etudes Alg\u00e9riennes<\/a>\n<ul class=\"sub-menu\">\n\t<li id=\"menu-item-2073\" class=\"menu-item menu-item-type-post_type menu-item-object-page td-no-down-arrow menu-item-2073\"><a href=\"https:\/\/altaraqicenter.org\/fr\/reformes-politiques\/\"><i id=\"fac_69df4473ac6ed\" class=\"fa fa-circle\"><\/i>\n Reformes Politiques<\/a><\/li>\n\t<li id=\"menu-item-2074\" class=\"menu-item menu-item-type-post_type menu-item-object-page td-no-down-arrow menu-item-2074\"><a href=\"https:\/\/altaraqicenter.org\/fr\/politique-sociale\/\"><i id=\"fac_69df4473ae2bb\" class=\"fa fa-circle\"><\/i>\n Politique Sociale<\/a><\/li>\n\t<li id=\"menu-item-2075\" class=\"menu-item menu-item-type-post_type menu-item-object-page td-no-down-arrow menu-item-2075\"><a href=\"https:\/\/altaraqicenter.org\/fr\/administration-publique\/\"><i id=\"fac_69df4473afe84\" class=\"fa fa-circle\"><\/i>\n Administration Publique<\/a><\/li>\n\t<li id=\"menu-item-2182\" class=\"menu-item menu-item-type-post_type menu-item-object-page td-no-down-arrow menu-item-2182\"><a href=\"https:\/\/altaraqicenter.org\/fr\/ressources-humaines\/\"><i id=\"fac_69df4473b1b10\" class=\"fa fa-circle\"><\/i>\n Ressources humaines<\/a><\/li>\n\t<li id=\"menu-item-2181\" class=\"menu-item menu-item-type-post_type menu-item-object-page td-no-down-arrow menu-item-2181\"><a href=\"https:\/\/altaraqicenter.org\/fr\/ressources-naturelles\/\"><i id=\"fac_69df4473b356c\" class=\"fa fa-circle\"><\/i>\n Ressources naturelles<\/a><\/li>\n\t<li id=\"menu-item-2076\" class=\"menu-item menu-item-type-post_type menu-item-object-page td-no-down-arrow menu-item-2076\"><a href=\"https:\/\/altaraqicenter.org\/fr\/finances-economie-commerce\/\"><i id=\"fac_69df4473b4f8d\" class=\"fa fa-circle\"><\/i>\n Finances, Economie &#038; Commerce<\/a><\/li>\n\t<li id=\"menu-item-2077\" class=\"menu-item menu-item-type-post_type menu-item-object-page td-no-down-arrow menu-item-2077\"><a href=\"https:\/\/altaraqicenter.org\/fr\/politique-energetique\/\"><i id=\"fac_69df4473b6914\" class=\"fa fa-circle\"><\/i>\n Politique Energetique<\/a><\/li>\n\t<li id=\"menu-item-2099\" class=\"menu-item menu-item-type-post_type menu-item-object-page td-no-down-arrow menu-item-2099\"><a href=\"https:\/\/altaraqicenter.org\/fr\/etudes-algeriennes-2\/\"><i id=\"fac_69df4473b8329\" class=\"fa fa-circle\"><\/i>\n Expert Etudes Alg\u00e9riennes<\/a><\/li>\n<\/ul>\n<\/li>\n<li id=\"menu-item-2078\" class=\"menu-item menu-item-type-post_type menu-item-object-page menu-item-has-children td-no-down-arrow menu-item-2078\"><a href=\"https:\/\/altaraqicenter.org\/fr\/defense-et-de-securite\/\"><i id=\"fac_69df4473b9d4d\" class=\"fa fa-circle\"><\/i>\n D\u00e9fense et de S\u00e9curit\u00e9<\/a>\n<ul class=\"sub-menu\">\n\t<li id=\"menu-item-2079\" class=\"menu-item menu-item-type-post_type menu-item-object-page td-no-down-arrow menu-item-2079\"><a href=\"https:\/\/altaraqicenter.org\/fr\/securite-nationale\/\"><i id=\"fac_69df4473bb698\" class=\"fa fa-circle\"><\/i>\n Securit\u00e9 Nationale<\/a><\/li>\n\t<li id=\"menu-item-2080\" class=\"menu-item menu-item-type-post_type menu-item-object-page td-no-down-arrow menu-item-2080\"><a href=\"https:\/\/altaraqicenter.org\/fr\/acquisition-et-ressources\/\"><i id=\"fac_69df4473bd365\" class=\"fa fa-circle\"><\/i>\n Acquisition et ressources<\/a><\/li>\n\t<li id=\"menu-item-2081\" class=\"menu-item menu-item-type-post_type menu-item-object-page td-no-down-arrow menu-item-2081\"><a href=\"https:\/\/altaraqicenter.org\/fr\/strategie-militaire\/\"><i id=\"fac_69df4473bee56\" class=\"fa fa-circle\"><\/i>\n Strat\u00e9gie Militaire<\/a><\/li>\n\t<li id=\"menu-item-2082\" class=\"menu-item menu-item-type-post_type menu-item-object-page td-no-down-arrow menu-item-2082\"><a href=\"https:\/\/altaraqicenter.org\/fr\/technologie\/\"><i id=\"fac_69df4473c095c\" class=\"fa fa-circle\"><\/i>\n Technologie<\/a><\/li>\n\t<li id=\"menu-item-2083\" class=\"menu-item menu-item-type-post_type menu-item-object-page td-no-down-arrow menu-item-2083\"><a href=\"https:\/\/altaraqicenter.org\/fr\/energie-alter-et-changement-climatique\/\"><i id=\"fac_69df4473c1efc\" class=\"fa fa-circle\"><\/i>\n Energie Alter. et Changement Climatique<\/a><\/li>\n\t<li id=\"menu-item-2100\" class=\"menu-item menu-item-type-post_type menu-item-object-page td-no-down-arrow menu-item-2100\"><a href=\"https:\/\/altaraqicenter.org\/fr\/experts-defense-et-de-securite\/\"><i id=\"fac_69df4473c361a\" class=\"fa fa-circle\"><\/i>\n Experts D\u00e9fense et S\u00e9curit\u00e9<\/a><\/li>\n<\/ul>\n<\/li>\n<li id=\"menu-item-2084\" class=\"menu-item menu-item-type-post_type menu-item-object-page menu-item-has-children td-no-down-arrow menu-item-2084\"><a href=\"https:\/\/altaraqicenter.org\/fr\/maghreb-monde-musulman-et-afrique\/\"><i id=\"fac_69df4473c5196\" class=\"fa fa-circle\"><\/i>\n Maghreb, Monde Musulman et Afrique<\/a>\n<ul class=\"sub-menu\">\n\t<li id=\"menu-item-2085\" class=\"menu-item menu-item-type-post_type menu-item-object-page td-no-down-arrow menu-item-2085\"><a href=\"https:\/\/altaraqicenter.org\/fr\/integration-economique-regionale\/\"><i id=\"fac_69df4473c78eb\" class=\"fa fa-circle\"><\/i>\n Int\u00e9gration Economique R\u00e9gionale<\/a><\/li>\n\t<li id=\"menu-item-2086\" class=\"menu-item menu-item-type-post_type menu-item-object-page td-no-down-arrow menu-item-2086\"><a href=\"https:\/\/altaraqicenter.org\/fr\/points-chauds-de-tension\/\"><i id=\"fac_69df4473ca020\" class=\"fa fa-circle\"><\/i>\n Points Chauds de tension<\/a><\/li>\n\t<li id=\"menu-item-2101\" class=\"menu-item menu-item-type-post_type menu-item-object-page td-no-down-arrow menu-item-2101\"><a href=\"https:\/\/altaraqicenter.org\/fr\/experts-maghreb-monde-musulman-et-afrique\/\"><i id=\"fac_69df4473cbaf7\" class=\"fa fa-circle\"><\/i>\n Experts Maghreb, Monde Musulman et Afrique<\/a><\/li>\n<\/ul>\n<\/li>\n<li id=\"menu-item-2087\" class=\"menu-item menu-item-type-post_type menu-item-object-page menu-item-has-children td-no-down-arrow menu-item-2087\"><a href=\"https:\/\/altaraqicenter.org\/fr\/relations-mediterraneennes-et-internationales\/\"><i id=\"fac_69df4473cd5f4\" class=\"fa fa-circle\"><\/i>\n Relations M\u00e9diterran\u00e9ennes et Internationales<\/a>\n<ul class=\"sub-menu\">\n\t<li id=\"menu-item-2088\" class=\"menu-item menu-item-type-post_type menu-item-object-page td-no-down-arrow menu-item-2088\"><a href=\"https:\/\/altaraqicenter.org\/fr\/etudes-mediterraneennes\/\"><i id=\"fac_69df4473cf1ee\" class=\"fa fa-circle\"><\/i>\n Etudes M\u00e9diterran\u00e9ennes<\/a><\/li>\n\t<li id=\"menu-item-2089\" class=\"menu-item menu-item-type-post_type menu-item-object-page td-no-down-arrow menu-item-2089\"><a href=\"https:\/\/altaraqicenter.org\/fr\/etudes-chinoises-et-asiatiques\/\"><i id=\"fac_69df4473d0a71\" class=\"fa fa-circle\"><\/i>\n Etudes Chinoises et Asiatiques<\/a><\/li>\n\t<li id=\"menu-item-2090\" class=\"menu-item menu-item-type-post_type menu-item-object-page td-no-down-arrow menu-item-2090\"><a href=\"https:\/\/altaraqicenter.org\/fr\/etudes-des-ameriques\/\"><i id=\"fac_69df4473d23b4\" class=\"fa fa-circle\"><\/i>\n Etudes des Am\u00e9riques<\/a><\/li>\n\t<li id=\"menu-item-2091\" class=\"menu-item menu-item-type-post_type menu-item-object-page td-no-down-arrow menu-item-2091\"><a href=\"https:\/\/altaraqicenter.org\/fr\/minorites-musulmanes-de-par-le-monde\/\"><i id=\"fac_69df4473d681b\" class=\"fa fa-circle\"><\/i>\n Minorit\u00e9s Musulmanes de par le monde<\/a><\/li>\n\t<li id=\"menu-item-2092\" class=\"menu-item menu-item-type-post_type menu-item-object-page td-no-down-arrow menu-item-2092\"><a href=\"https:\/\/altaraqicenter.org\/fr\/politique-de-sante-globale\/\"><i id=\"fac_69df4473d8766\" class=\"fa fa-circle\"><\/i>\n Politique de Sant\u00e9 Globale<\/a><\/li>\n\t<li id=\"menu-item-2102\" class=\"menu-item menu-item-type-post_type menu-item-object-page td-no-down-arrow menu-item-2102\"><a href=\"https:\/\/altaraqicenter.org\/fr\/experts-relations-mediterraneennes-et-internationales\/\"><i id=\"fac_69df4473da3ee\" class=\"fa fa-circle\"><\/i>\n Experts Relations M\u00e9diterran\u00e9ennes et Internationales<\/a><\/li>\n<\/ul>\n<\/li>\n<li id=\"menu-item-2093\" class=\"menu-item menu-item-type-post_type menu-item-object-page menu-item-has-children td-no-down-arrow menu-item-2093\"><a href=\"https:\/\/altaraqicenter.org\/fr\/tendances-generales-et-previsions\/\"><i id=\"fac_69df4473dbe57\" class=\"fa fa-circle\"><\/i>\n Tendances G\u00e9n\u00e9rales et Pr\u00e9visions<\/a>\n<ul class=\"sub-menu\">\n\t<li id=\"menu-item-2103\" class=\"menu-item menu-item-type-post_type menu-item-object-page td-no-down-arrow menu-item-2103\"><a href=\"https:\/\/altaraqicenter.org\/fr\/experts-tendances-generales-et-previsions\/\"><i id=\"fac_69df4473dd74c\" class=\"fa fa-circle\"><\/i>\n Experts Tendances G\u00e9n\u00e9rales et Pr\u00e9visions<\/a><\/li>\n<\/ul>\n<\/li>\n<\/ul><\/div><\/aside><\/div><\/div><\/div><div class=\"vc_column td_uid_4_69df4473e073a_rand  wpb_column vc_column_container tdc-column td-pb-span8\"><div class=\"wpb_wrapper\"><div class=\"wpb_wrapper wpb_text_column td_block_wrap td_block_wrap vc_column_text td_uid_5_69df4473e103b_rand  td-pb-border-top td_block_template_1\"  data-td-block-uid=\"td_uid_5_69df4473e103b\" \"><div class=\"td-block-title-wrap\"><\/div><div class=\"td-fix-index\"><h2 style=\"text-align: center;\">Unit\u00e9 des \u00e9tudes Alg\u00e9riennes<\/h2>\n<\/div><\/div><div class=\"td_block_wrap td_block_21 td_uid_6_69df4473e712b_rand td_with_ajax_pagination td-pb-border-top td_block_template_1 td-column-2\"  data-td-block-uid=\"td_uid_6_69df4473e712b\" ><script>var block_td_uid_6_69df4473e712b = new tdBlock();\nblock_td_uid_6_69df4473e712b.id = \"td_uid_6_69df4473e712b\";\nblock_td_uid_6_69df4473e712b.atts = '{\"custom_title\":\"Politique Sociale\",\"category_id\":\"31\",\"td_filter_default_txt\":\"Tout\",\"ajax_pagination\":\"infinite\",\"separator\":\"\",\"custom_url\":\"\",\"block_template_id\":\"\",\"m16_tl\":\"\",\"m16_el\":\"\",\"post_ids\":\"\",\"category_ids\":\"\",\"tag_slug\":\"\",\"autors_id\":\"\",\"installed_post_types\":\"\",\"sort\":\"\",\"limit\":\"5\",\"offset\":\"\",\"el_class\":\"\",\"td_ajax_filter_type\":\"\",\"td_ajax_filter_ids\":\"\",\"td_ajax_preloading\":\"\",\"f_header_font_header\":\"\",\"f_header_font_title\":\"Block header\",\"f_header_font_settings\":\"\",\"f_header_font_family\":\"\",\"f_header_font_size\":\"\",\"f_header_font_line_height\":\"\",\"f_header_font_style\":\"\",\"f_header_font_weight\":\"\",\"f_header_font_transform\":\"\",\"f_header_font_spacing\":\"\",\"f_header_\":\"\",\"f_ajax_font_title\":\"Ajax categories\",\"f_ajax_font_settings\":\"\",\"f_ajax_font_family\":\"\",\"f_ajax_font_size\":\"\",\"f_ajax_font_line_height\":\"\",\"f_ajax_font_style\":\"\",\"f_ajax_font_weight\":\"\",\"f_ajax_font_transform\":\"\",\"f_ajax_font_spacing\":\"\",\"f_ajax_\":\"\",\"f_more_font_title\":\"Load more button\",\"f_more_font_settings\":\"\",\"f_more_font_family\":\"\",\"f_more_font_size\":\"\",\"f_more_font_line_height\":\"\",\"f_more_font_style\":\"\",\"f_more_font_weight\":\"\",\"f_more_font_transform\":\"\",\"f_more_font_spacing\":\"\",\"f_more_\":\"\",\"m16f_title_font_header\":\"\",\"m16f_title_font_title\":\"Article title\",\"m16f_title_font_settings\":\"\",\"m16f_title_font_family\":\"\",\"m16f_title_font_size\":\"\",\"m16f_title_font_line_height\":\"\",\"m16f_title_font_style\":\"\",\"m16f_title_font_weight\":\"\",\"m16f_title_font_transform\":\"\",\"m16f_title_font_spacing\":\"\",\"m16f_title_\":\"\",\"m16f_cat_font_title\":\"Article category tag\",\"m16f_cat_font_settings\":\"\",\"m16f_cat_font_family\":\"\",\"m16f_cat_font_size\":\"\",\"m16f_cat_font_line_height\":\"\",\"m16f_cat_font_style\":\"\",\"m16f_cat_font_weight\":\"\",\"m16f_cat_font_transform\":\"\",\"m16f_cat_font_spacing\":\"\",\"m16f_cat_\":\"\",\"m16f_meta_font_title\":\"Article meta info\",\"m16f_meta_font_settings\":\"\",\"m16f_meta_font_family\":\"\",\"m16f_meta_font_size\":\"\",\"m16f_meta_font_line_height\":\"\",\"m16f_meta_font_style\":\"\",\"m16f_meta_font_weight\":\"\",\"m16f_meta_font_transform\":\"\",\"m16f_meta_font_spacing\":\"\",\"m16f_meta_\":\"\",\"m16f_ex_font_title\":\"Article excerpt\",\"m16f_ex_font_settings\":\"\",\"m16f_ex_font_family\":\"\",\"m16f_ex_font_size\":\"\",\"m16f_ex_font_line_height\":\"\",\"m16f_ex_font_style\":\"\",\"m16f_ex_font_weight\":\"\",\"m16f_ex_font_transform\":\"\",\"m16f_ex_font_spacing\":\"\",\"m16f_ex_\":\"\",\"ajax_pagination_infinite_stop\":\"\",\"css\":\"\",\"tdc_css\":\"\",\"td_column_number\":2,\"header_color\":\"\",\"color_preset\":\"\",\"border_top\":\"\",\"class\":\"td_uid_6_69df4473e712b_rand\",\"tdc_css_class\":\"td_uid_6_69df4473e712b_rand\",\"tdc_css_class_style\":\"td_uid_6_69df4473e712b_rand_style\"}';\nblock_td_uid_6_69df4473e712b.td_column_number = \"2\";\nblock_td_uid_6_69df4473e712b.block_type = \"td_block_21\";\nblock_td_uid_6_69df4473e712b.post_count = \"1\";\nblock_td_uid_6_69df4473e712b.found_posts = \"1\";\nblock_td_uid_6_69df4473e712b.header_color = \"\";\nblock_td_uid_6_69df4473e712b.ajax_pagination_infinite_stop = \"\";\nblock_td_uid_6_69df4473e712b.max_num_pages = \"1\";\ntdBlocksArray.push(block_td_uid_6_69df4473e712b);\n<\/script><div class=\"td-block-title-wrap\"><h4 class=\"block-title td-block-title\"><span class=\"td-pulldown-size\">Politique Sociale<\/span><\/h4><\/div><div id=td_uid_6_69df4473e712b class=\"td_block_inner\">\r\n        <div class=\"td_module_16 td_module_wrap td-animation-stack\">\r\n            <div class=\"td-module-thumb\"><a href=\"https:\/\/altaraqicenter.org\/fr\/blog\/2017\/07\/30\/le-statut-de-la-recherche-scientifique-en-algerie-23-la-realite-de-lecart-entre-la-recherche-et-le-developpement-et-les-obstacles-au-progres-scientifique-dans-les-pays-en-developpement\/\" rel=\"bookmark\" class=\"td-image-wrap\" title=\"Le Statut de la Recherche Scientifique en Alg\u00e9rie (2): La R\u00e9alit\u00e9 de l&#8217;Ecart entre la Recherche et le D\u00e9veloppement, et les Obstacles au Progr\u00e8s Scientifique dans les Pays en D\u00e9veloppement\"><img width=\"150\" height=\"150\" class=\"entry-thumb\" src=\"https:\/\/altaraqicenter.org\/fr\/wp-content\/uploads\/sites\/1\/2017\/07\/Article-2-new-3-150x150.jpg\" alt=\"\" title=\"Le Statut de la Recherche Scientifique en Alg\u00e9rie (2): La R\u00e9alit\u00e9 de l&#8217;Ecart entre la Recherche et le D\u00e9veloppement, et les Obstacles au Progr\u00e8s Scientifique dans les Pays en D\u00e9veloppement\"\/><\/a><\/div>\r\n            <div class=\"item-details\">\r\n                <h3 class=\"entry-title td-module-title\"><a href=\"https:\/\/altaraqicenter.org\/fr\/blog\/2017\/07\/30\/le-statut-de-la-recherche-scientifique-en-algerie-23-la-realite-de-lecart-entre-la-recherche-et-le-developpement-et-les-obstacles-au-progres-scientifique-dans-les-pays-en-developpement\/\" rel=\"bookmark\" title=\"Le Statut de la Recherche Scientifique en Alg\u00e9rie (2): La R\u00e9alit\u00e9 de l&#8217;Ecart entre la Recherche et le D\u00e9veloppement, et les Obstacles au Progr\u00e8s Scientifique dans les Pays en D\u00e9veloppement\">Le Statut de la Recherche Scientifique en Alg\u00e9rie (2): La R\u00e9alit\u00e9 de l&#8217;Ecart entre...<\/a><\/h3>\r\n                <div class=\"td-module-meta-info\">\r\n                                        <span class=\"td-post-author-name\"><a href=\"https:\/\/altaraqicenter.org\/fr\/blog\/author\/mbenamar\/\">\u0645\u0639\u0627\u0630 \u0628\u0646 \u0639\u0645\u0627\u0631<\/a> <span>-<\/span> <\/span>                    <span class=\"td-post-date\"><time class=\"entry-date updated td-module-date\" datetime=\"2017-07-30T17:23:14+00:00\" >30 juillet 2017<\/time><\/span>                    <div class=\"td-module-comments\"><a href=\"https:\/\/altaraqicenter.org\/fr\/blog\/2017\/07\/30\/le-statut-de-la-recherche-scientifique-en-algerie-23-la-realite-de-lecart-entre-la-recherche-et-le-developpement-et-les-obstacles-au-progres-scientifique-dans-les-pays-en-developpement\/#respond\">0<\/a><\/div>                <\/div>\r\n\r\n                <div class=\"td-excerpt\">\r\n                    \r\n\r\nPar\u00a0:\u00a0Mouadh Benamar,\u00a0Etudiant en PhD,\u00a0\r\n\u00a0 \u00a0 \u00a0 \u00a0 Recherche M\u00e9dicale et Biologique\r\n\u00a0 \u00a0 \u00a0 \u00a0\u00a0Chercheur, Centre al Taraqi\r\n\u00a0 \u00a0 \u00a0 \u00a0\u00a0\r\n\r\n\r\nR\u00e9sum\u00e9 :\r\n\r\nDans ce deuxi\u00e8me article...                <\/div>\r\n            <\/div>\r\n\r\n        <\/div>\r\n\r\n        <\/div><\/div> <!-- .\/block --><\/div><\/div><\/div><\/div>\r\n\t\t<script>\r\n\r\n\t\t\tjQuery(window).load(function () {\r\n\t\t\t\tjQuery('body').find('#td_uid_1_69df44739dd07 .td-element-style').each(function (index, element) {\r\n\t\t\t\t\tjQuery(element).css('opacity', 1);\r\n\t\t\t\t\treturn;\r\n\t\t\t\t});\r\n\t\t\t});\r\n\r\n\t\t<\/script>\r\n\r\n\t\t\r\n\t\t\t<script>\r\n\r\n\t\t\t\tjQuery(window).ready(function () {\r\n\r\n\t\t\t\t\t\/\/ We need timeout because the content must be rendered and interpreted on client\r\n\t\t\t\t\tsetTimeout(function () {\r\n\r\n\t\t\t\t\t\tvar $content = jQuery('body').find('#tdc-live-iframe'),\r\n\t\t\t\t\t\t\trefWindow = undefined;\r\n\r\n\t\t\t\t\t\tif ($content.length) {\r\n\t\t\t\t\t\t\t$content = $content.contents();\r\n\t\t\t\t\t\t\trefWindow = document.getElementById('tdc-live-iframe').contentWindow || document.getElementById('tdc-live-iframe').contentDocument;\r\n\r\n\t\t\t\t\t\t} else {\r\n\t\t\t\t\t\t\t$content = jQuery('body');\r\n\t\t\t\t\t\t\trefWindow = window;\r\n\t\t\t\t\t\t}\r\n\r\n\t\t\t\t\t\t$content.find('#td_uid_1_69df44739dd07 .td-element-style').each(function (index, element) {\r\n\t\t\t\t\t\t\tjQuery(element).css('opacity', 1);\r\n\t\t\t\t\t\t\treturn;\r\n\t\t\t\t\t\t});\r\n\t\t\t\t\t});\r\n\r\n\t\t\t\t}, 200);\r\n\t\t\t<\/script>\r\n\r\n\t\t\t","protected":false},"excerpt":{"rendered":"\/* custom css *\/ .td_uid_7_69df4474001e6_rand { min-height: 0; } Etudes Alg\u00e9riennes Reformes Politiques Politique Sociale Administration Publique Ressources humaines Ressources naturelles Finances, Economie &#038; Commerce Politique Energetique Expert Etudes Alg\u00e9riennes D\u00e9fense et de S\u00e9curit\u00e9 Securit\u00e9 Nationale Acquisition et ressources Strat\u00e9gie Militaire Technologie Energie Alter. et Changement Climatique Experts D\u00e9fense et S\u00e9curit\u00e9 Maghreb, Monde Musulman et [...]","protected":false},"author":1,"featured_media":0,"parent":0,"menu_order":0,"comment_status":"closed","ping_status":"closed","template":"","meta":[],"_links":{"self":[{"href":"https:\/\/altaraqicenter.org\/fr\/wp-json\/wp\/v2\/pages\/804"}],"collection":[{"href":"https:\/\/altaraqicenter.org\/fr\/wp-json\/wp\/v2\/pages"}],"about":[{"href":"https:\/\/altaraqicenter.org\/fr\/wp-json\/wp\/v2\/types\/page"}],"author":[{"embeddable":true,"href":"https:\/\/altaraqicenter.org\/fr\/wp-json\/wp\/v2\/users\/1"}],"replies":[{"embeddable":true,"href":"https:\/\/altaraqicenter.org\/fr\/wp-json\/wp\/v2\/comments?post=804"}],"version-history":[{"count":1,"href":"https:\/\/altaraqicenter.org\/fr\/wp-json\/wp\/v2\/pages\/804\/revisions"}],"predecessor-version":[{"id":2132,"href":"https:\/\/altaraqicenter.org\/fr\/wp-json\/wp\/v2\/pages\/804\/revisions\/2132"}],"wp:attachment":[{"href":"https:\/\/altaraqicenter.org\/fr\/wp-json\/wp\/v2\/media?parent=804"}],"curies":[{"name":"wp","href":"https:\/\/api.w.org\/{rel}","templated":true}]}}