{"id":864,"date":"2015-09-16T14:08:36","date_gmt":"2015-09-16T14:08:36","guid":{"rendered":"http:\/\/491.8b4.myftpupload.com\/?page_id=864"},"modified":"2015-10-27T21:06:11","modified_gmt":"2015-10-27T21:06:11","slug":"politique-de-sante-globale","status":"publish","type":"page","link":"https:\/\/altaraqicenter.org\/fr\/politique-de-sante-globale\/","title":{"rendered":"Politique de Sant\u00e9 Globale"},"content":{"rendered":"<div id=\"td_uid_1_69df1bf9ca41e\" class=\"tdc-row\"><div class=\"vc_row td_uid_1_69df1bf9ca494_rand  wpb_row td-pb-row\" >\n<style scoped>\n\n\/* custom css *\/\n.td_uid_1_69df1bf9ca494_rand {\r\n                    min-height: 0;\r\n                }\n<\/style><div class=\"vc_column td_uid_2_69df1bf9cabb7_rand  wpb_column vc_column_container tdc-column td-pb-span4\"><div class=\"wpb_wrapper\"><div class=\"wpb_wrapper td_block_wrap vc_widget_sidebar td_uid_3_69df1bf9cadf5_rand \" ><aside class=\"td_block_template_1 widget widget_nav_menu\"><div class=\"menu-menu-etude-container\"><ul id=\"menu-menu-etude\" class=\"menu\"><li id=\"menu-item-2072\" class=\"menu-item menu-item-type-post_type menu-item-object-page menu-item-has-children menu-item-first td-no-down-arrow menu-item-2072\"><a href=\"https:\/\/altaraqicenter.org\/fr\/etudes-algeriennes\/\"><i id=\"fac_69df1bf9d61d7\" class=\"fa fa-circle\"><\/i>\n Etudes Alg\u00e9riennes<\/a>\n<ul class=\"sub-menu\">\n\t<li id=\"menu-item-2073\" class=\"menu-item menu-item-type-post_type menu-item-object-page td-no-down-arrow menu-item-2073\"><a href=\"https:\/\/altaraqicenter.org\/fr\/reformes-politiques\/\"><i id=\"fac_69df1bf9d888c\" class=\"fa fa-circle\"><\/i>\n Reformes Politiques<\/a><\/li>\n\t<li id=\"menu-item-2074\" class=\"menu-item menu-item-type-post_type menu-item-object-page td-no-down-arrow menu-item-2074\"><a href=\"https:\/\/altaraqicenter.org\/fr\/politique-sociale\/\"><i id=\"fac_69df1bf9d9fe6\" class=\"fa fa-circle\"><\/i>\n Politique Sociale<\/a><\/li>\n\t<li id=\"menu-item-2075\" class=\"menu-item menu-item-type-post_type menu-item-object-page td-no-down-arrow menu-item-2075\"><a href=\"https:\/\/altaraqicenter.org\/fr\/administration-publique\/\"><i id=\"fac_69df1bf9db80c\" class=\"fa fa-circle\"><\/i>\n Administration Publique<\/a><\/li>\n\t<li id=\"menu-item-2182\" class=\"menu-item menu-item-type-post_type menu-item-object-page td-no-down-arrow menu-item-2182\"><a href=\"https:\/\/altaraqicenter.org\/fr\/ressources-humaines\/\"><i id=\"fac_69df1bf9dcf4d\" class=\"fa fa-circle\"><\/i>\n Ressources humaines<\/a><\/li>\n\t<li id=\"menu-item-2181\" class=\"menu-item menu-item-type-post_type menu-item-object-page td-no-down-arrow menu-item-2181\"><a href=\"https:\/\/altaraqicenter.org\/fr\/ressources-naturelles\/\"><i id=\"fac_69df1bf9dea27\" class=\"fa fa-circle\"><\/i>\n Ressources naturelles<\/a><\/li>\n\t<li id=\"menu-item-2076\" class=\"menu-item menu-item-type-post_type menu-item-object-page td-no-down-arrow menu-item-2076\"><a href=\"https:\/\/altaraqicenter.org\/fr\/finances-economie-commerce\/\"><i id=\"fac_69df1bf9e02d9\" class=\"fa fa-circle\"><\/i>\n Finances, Economie &#038; Commerce<\/a><\/li>\n\t<li id=\"menu-item-2077\" class=\"menu-item menu-item-type-post_type menu-item-object-page td-no-down-arrow menu-item-2077\"><a href=\"https:\/\/altaraqicenter.org\/fr\/politique-energetique\/\"><i id=\"fac_69df1bf9e1d8e\" class=\"fa fa-circle\"><\/i>\n Politique Energetique<\/a><\/li>\n\t<li id=\"menu-item-2099\" class=\"menu-item menu-item-type-post_type menu-item-object-page td-no-down-arrow menu-item-2099\"><a href=\"https:\/\/altaraqicenter.org\/fr\/etudes-algeriennes-2\/\"><i id=\"fac_69df1bf9e3764\" class=\"fa fa-circle\"><\/i>\n Expert Etudes Alg\u00e9riennes<\/a><\/li>\n<\/ul>\n<\/li>\n<li id=\"menu-item-2078\" class=\"menu-item menu-item-type-post_type menu-item-object-page menu-item-has-children td-no-down-arrow menu-item-2078\"><a href=\"https:\/\/altaraqicenter.org\/fr\/defense-et-de-securite\/\"><i id=\"fac_69df1bf9e5049\" class=\"fa fa-circle\"><\/i>\n D\u00e9fense et de S\u00e9curit\u00e9<\/a>\n<ul class=\"sub-menu\">\n\t<li id=\"menu-item-2079\" class=\"menu-item menu-item-type-post_type menu-item-object-page td-no-down-arrow menu-item-2079\"><a href=\"https:\/\/altaraqicenter.org\/fr\/securite-nationale\/\"><i id=\"fac_69df1bf9e68ce\" class=\"fa fa-circle\"><\/i>\n Securit\u00e9 Nationale<\/a><\/li>\n\t<li id=\"menu-item-2080\" class=\"menu-item menu-item-type-post_type menu-item-object-page td-no-down-arrow menu-item-2080\"><a href=\"https:\/\/altaraqicenter.org\/fr\/acquisition-et-ressources\/\"><i id=\"fac_69df1bf9e818e\" class=\"fa fa-circle\"><\/i>\n Acquisition et ressources<\/a><\/li>\n\t<li id=\"menu-item-2081\" class=\"menu-item menu-item-type-post_type menu-item-object-page td-no-down-arrow menu-item-2081\"><a href=\"https:\/\/altaraqicenter.org\/fr\/strategie-militaire\/\"><i id=\"fac_69df1bf9e9c55\" class=\"fa fa-circle\"><\/i>\n Strat\u00e9gie Militaire<\/a><\/li>\n\t<li id=\"menu-item-2082\" class=\"menu-item menu-item-type-post_type menu-item-object-page td-no-down-arrow menu-item-2082\"><a href=\"https:\/\/altaraqicenter.org\/fr\/technologie\/\"><i id=\"fac_69df1bf9eb7e8\" class=\"fa fa-circle\"><\/i>\n Technologie<\/a><\/li>\n\t<li id=\"menu-item-2083\" class=\"menu-item menu-item-type-post_type menu-item-object-page td-no-down-arrow menu-item-2083\"><a href=\"https:\/\/altaraqicenter.org\/fr\/energie-alter-et-changement-climatique\/\"><i id=\"fac_69df1bf9ed12c\" class=\"fa fa-circle\"><\/i>\n Energie Alter. et Changement Climatique<\/a><\/li>\n\t<li id=\"menu-item-2100\" class=\"menu-item menu-item-type-post_type menu-item-object-page td-no-down-arrow menu-item-2100\"><a href=\"https:\/\/altaraqicenter.org\/fr\/experts-defense-et-de-securite\/\"><i id=\"fac_69df1bf9eeac8\" class=\"fa fa-circle\"><\/i>\n Experts D\u00e9fense et S\u00e9curit\u00e9<\/a><\/li>\n<\/ul>\n<\/li>\n<li id=\"menu-item-2084\" class=\"menu-item menu-item-type-post_type menu-item-object-page menu-item-has-children td-no-down-arrow menu-item-2084\"><a href=\"https:\/\/altaraqicenter.org\/fr\/maghreb-monde-musulman-et-afrique\/\"><i id=\"fac_69df1bf9f0558\" class=\"fa fa-circle\"><\/i>\n Maghreb, Monde Musulman et Afrique<\/a>\n<ul class=\"sub-menu\">\n\t<li id=\"menu-item-2085\" class=\"menu-item menu-item-type-post_type menu-item-object-page td-no-down-arrow menu-item-2085\"><a href=\"https:\/\/altaraqicenter.org\/fr\/integration-economique-regionale\/\"><i id=\"fac_69df1bf9f217b\" class=\"fa fa-circle\"><\/i>\n Int\u00e9gration Economique R\u00e9gionale<\/a><\/li>\n\t<li id=\"menu-item-2086\" class=\"menu-item menu-item-type-post_type menu-item-object-page td-no-down-arrow menu-item-2086\"><a href=\"https:\/\/altaraqicenter.org\/fr\/points-chauds-de-tension\/\"><i id=\"fac_69df1bf9f3d0a\" class=\"fa fa-circle\"><\/i>\n Points Chauds de tension<\/a><\/li>\n\t<li id=\"menu-item-2101\" class=\"menu-item menu-item-type-post_type menu-item-object-page td-no-down-arrow menu-item-2101\"><a href=\"https:\/\/altaraqicenter.org\/fr\/experts-maghreb-monde-musulman-et-afrique\/\"><i id=\"fac_69df1bfa0176e\" class=\"fa fa-circle\"><\/i>\n Experts Maghreb, Monde Musulman et Afrique<\/a><\/li>\n<\/ul>\n<\/li>\n<li id=\"menu-item-2087\" class=\"menu-item menu-item-type-post_type menu-item-object-page menu-item-has-children td-no-down-arrow menu-item-2087\"><a href=\"https:\/\/altaraqicenter.org\/fr\/relations-mediterraneennes-et-internationales\/\"><i id=\"fac_69df1bfa0328e\" class=\"fa fa-circle\"><\/i>\n Relations M\u00e9diterran\u00e9ennes et Internationales<\/a>\n<ul class=\"sub-menu\">\n\t<li id=\"menu-item-2088\" class=\"menu-item menu-item-type-post_type menu-item-object-page td-no-down-arrow menu-item-2088\"><a href=\"https:\/\/altaraqicenter.org\/fr\/etudes-mediterraneennes\/\"><i id=\"fac_69df1bfa04cd6\" class=\"fa fa-circle\"><\/i>\n Etudes M\u00e9diterran\u00e9ennes<\/a><\/li>\n\t<li id=\"menu-item-2089\" class=\"menu-item menu-item-type-post_type menu-item-object-page td-no-down-arrow menu-item-2089\"><a href=\"https:\/\/altaraqicenter.org\/fr\/etudes-chinoises-et-asiatiques\/\"><i id=\"fac_69df1bfa0616b\" class=\"fa fa-circle\"><\/i>\n Etudes Chinoises et Asiatiques<\/a><\/li>\n\t<li id=\"menu-item-2090\" class=\"menu-item menu-item-type-post_type menu-item-object-page td-no-down-arrow menu-item-2090\"><a href=\"https:\/\/altaraqicenter.org\/fr\/etudes-des-ameriques\/\"><i id=\"fac_69df1bfa07843\" class=\"fa fa-circle\"><\/i>\n Etudes des Am\u00e9riques<\/a><\/li>\n\t<li id=\"menu-item-2091\" class=\"menu-item menu-item-type-post_type menu-item-object-page td-no-down-arrow menu-item-2091\"><a href=\"https:\/\/altaraqicenter.org\/fr\/minorites-musulmanes-de-par-le-monde\/\"><i id=\"fac_69df1bfa08fc8\" class=\"fa fa-circle\"><\/i>\n Minorit\u00e9s Musulmanes de par le monde<\/a><\/li>\n\t<li id=\"menu-item-2092\" class=\"menu-item menu-item-type-post_type menu-item-object-page td-no-down-arrow menu-item-2092\"><a href=\"https:\/\/altaraqicenter.org\/fr\/politique-de-sante-globale\/\"><i id=\"fac_69df1bfa0a4f0\" class=\"fa fa-circle\"><\/i>\n Politique de Sant\u00e9 Globale<\/a><\/li>\n\t<li id=\"menu-item-2102\" class=\"menu-item menu-item-type-post_type menu-item-object-page td-no-down-arrow menu-item-2102\"><a href=\"https:\/\/altaraqicenter.org\/fr\/experts-relations-mediterraneennes-et-internationales\/\"><i id=\"fac_69df1bfa0bae1\" class=\"fa fa-circle\"><\/i>\n Experts Relations M\u00e9diterran\u00e9ennes et Internationales<\/a><\/li>\n<\/ul>\n<\/li>\n<li id=\"menu-item-2093\" class=\"menu-item menu-item-type-post_type menu-item-object-page menu-item-has-children td-no-down-arrow menu-item-2093\"><a href=\"https:\/\/altaraqicenter.org\/fr\/tendances-generales-et-previsions\/\"><i id=\"fac_69df1bfa0d0c5\" class=\"fa fa-circle\"><\/i>\n Tendances G\u00e9n\u00e9rales et Pr\u00e9visions<\/a>\n<ul class=\"sub-menu\">\n\t<li id=\"menu-item-2103\" class=\"menu-item menu-item-type-post_type menu-item-object-page td-no-down-arrow menu-item-2103\"><a href=\"https:\/\/altaraqicenter.org\/fr\/experts-tendances-generales-et-previsions\/\"><i id=\"fac_69df1bfa0e797\" class=\"fa fa-circle\"><\/i>\n Experts Tendances G\u00e9n\u00e9rales et Pr\u00e9visions<\/a><\/li>\n<\/ul>\n<\/li>\n<\/ul><\/div><\/aside><\/div><\/div><\/div><div class=\"vc_column td_uid_4_69df1bfa116ac_rand  wpb_column vc_column_container tdc-column td-pb-span8\"><div class=\"wpb_wrapper\"><div class=\"wpb_wrapper wpb_text_column td_block_wrap td_block_wrap vc_column_text td_uid_5_69df1bfa11b53_rand  td-pb-border-top td_block_template_1\"  data-td-block-uid=\"td_uid_5_69df1bfa11b53\" \"><div class=\"td-block-title-wrap\"><\/div><div class=\"td-fix-index\"><h2 style=\"text-align: center;\">Unit\u00e9 des \u00e9tudes Relations M\u00e9diterran\u00e9ennes et Internationales<\/h2>\n<\/div><\/div><div class=\"td_block_wrap td_block_21 td_uid_6_69df1bfa17831_rand td_with_ajax_pagination td-pb-border-top td_block_template_1 td-column-2\"  data-td-block-uid=\"td_uid_6_69df1bfa17831\" ><script>var block_td_uid_6_69df1bfa17831 = new tdBlock();\nblock_td_uid_6_69df1bfa17831.id = \"td_uid_6_69df1bfa17831\";\nblock_td_uid_6_69df1bfa17831.atts = '{\"custom_title\":\"Politique de Sant\\u00e9 Globale\",\"category_id\":\"44\",\"td_filter_default_txt\":\"Tout\",\"ajax_pagination\":\"infinite\",\"separator\":\"\",\"custom_url\":\"\",\"block_template_id\":\"\",\"m16_tl\":\"\",\"m16_el\":\"\",\"post_ids\":\"\",\"category_ids\":\"\",\"tag_slug\":\"\",\"autors_id\":\"\",\"installed_post_types\":\"\",\"sort\":\"\",\"limit\":\"5\",\"offset\":\"\",\"el_class\":\"\",\"td_ajax_filter_type\":\"\",\"td_ajax_filter_ids\":\"\",\"td_ajax_preloading\":\"\",\"f_header_font_header\":\"\",\"f_header_font_title\":\"Block header\",\"f_header_font_settings\":\"\",\"f_header_font_family\":\"\",\"f_header_font_size\":\"\",\"f_header_font_line_height\":\"\",\"f_header_font_style\":\"\",\"f_header_font_weight\":\"\",\"f_header_font_transform\":\"\",\"f_header_font_spacing\":\"\",\"f_header_\":\"\",\"f_ajax_font_title\":\"Ajax categories\",\"f_ajax_font_settings\":\"\",\"f_ajax_font_family\":\"\",\"f_ajax_font_size\":\"\",\"f_ajax_font_line_height\":\"\",\"f_ajax_font_style\":\"\",\"f_ajax_font_weight\":\"\",\"f_ajax_font_transform\":\"\",\"f_ajax_font_spacing\":\"\",\"f_ajax_\":\"\",\"f_more_font_title\":\"Load more button\",\"f_more_font_settings\":\"\",\"f_more_font_family\":\"\",\"f_more_font_size\":\"\",\"f_more_font_line_height\":\"\",\"f_more_font_style\":\"\",\"f_more_font_weight\":\"\",\"f_more_font_transform\":\"\",\"f_more_font_spacing\":\"\",\"f_more_\":\"\",\"m16f_title_font_header\":\"\",\"m16f_title_font_title\":\"Article title\",\"m16f_title_font_settings\":\"\",\"m16f_title_font_family\":\"\",\"m16f_title_font_size\":\"\",\"m16f_title_font_line_height\":\"\",\"m16f_title_font_style\":\"\",\"m16f_title_font_weight\":\"\",\"m16f_title_font_transform\":\"\",\"m16f_title_font_spacing\":\"\",\"m16f_title_\":\"\",\"m16f_cat_font_title\":\"Article category tag\",\"m16f_cat_font_settings\":\"\",\"m16f_cat_font_family\":\"\",\"m16f_cat_font_size\":\"\",\"m16f_cat_font_line_height\":\"\",\"m16f_cat_font_style\":\"\",\"m16f_cat_font_weight\":\"\",\"m16f_cat_font_transform\":\"\",\"m16f_cat_font_spacing\":\"\",\"m16f_cat_\":\"\",\"m16f_meta_font_title\":\"Article meta info\",\"m16f_meta_font_settings\":\"\",\"m16f_meta_font_family\":\"\",\"m16f_meta_font_size\":\"\",\"m16f_meta_font_line_height\":\"\",\"m16f_meta_font_style\":\"\",\"m16f_meta_font_weight\":\"\",\"m16f_meta_font_transform\":\"\",\"m16f_meta_font_spacing\":\"\",\"m16f_meta_\":\"\",\"m16f_ex_font_title\":\"Article excerpt\",\"m16f_ex_font_settings\":\"\",\"m16f_ex_font_family\":\"\",\"m16f_ex_font_size\":\"\",\"m16f_ex_font_line_height\":\"\",\"m16f_ex_font_style\":\"\",\"m16f_ex_font_weight\":\"\",\"m16f_ex_font_transform\":\"\",\"m16f_ex_font_spacing\":\"\",\"m16f_ex_\":\"\",\"ajax_pagination_infinite_stop\":\"\",\"css\":\"\",\"tdc_css\":\"\",\"td_column_number\":2,\"header_color\":\"\",\"color_preset\":\"\",\"border_top\":\"\",\"class\":\"td_uid_6_69df1bfa17831_rand\",\"tdc_css_class\":\"td_uid_6_69df1bfa17831_rand\",\"tdc_css_class_style\":\"td_uid_6_69df1bfa17831_rand_style\"}';\nblock_td_uid_6_69df1bfa17831.td_column_number = \"2\";\nblock_td_uid_6_69df1bfa17831.block_type = \"td_block_21\";\nblock_td_uid_6_69df1bfa17831.post_count = \"1\";\nblock_td_uid_6_69df1bfa17831.found_posts = \"1\";\nblock_td_uid_6_69df1bfa17831.header_color = \"\";\nblock_td_uid_6_69df1bfa17831.ajax_pagination_infinite_stop = \"\";\nblock_td_uid_6_69df1bfa17831.max_num_pages = \"1\";\ntdBlocksArray.push(block_td_uid_6_69df1bfa17831);\n<\/script><div class=\"td-block-title-wrap\"><h4 class=\"block-title td-block-title\"><span class=\"td-pulldown-size\">Politique de Sant\u00e9 Globale<\/span><\/h4><\/div><div id=td_uid_6_69df1bfa17831 class=\"td_block_inner\">\r\n        <div class=\"td_module_16 td_module_wrap td-animation-stack\">\r\n            <div class=\"td-module-thumb\"><a href=\"https:\/\/altaraqicenter.org\/fr\/blog\/2020\/04\/07\/trois-mois-de-coronavirus-une-lecture-comparative-des-strategies-de-confinement-et-de-lutte-contre-la-pandemie\/\" rel=\"bookmark\" class=\"td-image-wrap\" title=\"Trois mois de coronavirus, une lecture comparative des strat\u00e9gies de confinement et de lutte contre la pand\u00e9mie\"><img width=\"150\" height=\"150\" class=\"entry-thumb\" src=\"https:\/\/altaraqicenter.org\/fr\/wp-content\/uploads\/sites\/1\/2020\/04\/coronavirus-150x150.jpg\" alt=\"\" title=\"Trois mois de coronavirus, une lecture comparative des strat\u00e9gies de confinement et de lutte contre la pand\u00e9mie\"\/><\/a><\/div>\r\n            <div class=\"item-details\">\r\n                <h3 class=\"entry-title td-module-title\"><a href=\"https:\/\/altaraqicenter.org\/fr\/blog\/2020\/04\/07\/trois-mois-de-coronavirus-une-lecture-comparative-des-strategies-de-confinement-et-de-lutte-contre-la-pandemie\/\" rel=\"bookmark\" title=\"Trois mois de coronavirus, une lecture comparative des strat\u00e9gies de confinement et de lutte contre la pand\u00e9mie\">Trois mois de coronavirus, une lecture comparative des strat\u00e9gies de confinement et de lutte...<\/a><\/h3>\r\n                <div class=\"td-module-meta-info\">\r\n                                        <span class=\"td-post-author-name\"><a href=\"https:\/\/altaraqicenter.org\/fr\/blog\/author\/mbenamar\/\">\u0645\u0639\u0627\u0630 \u0628\u0646 \u0639\u0645\u0627\u0631<\/a> <span>-<\/span> <\/span>                    <span class=\"td-post-date\"><time class=\"entry-date updated td-module-date\" datetime=\"2020-04-07T17:49:12+00:00\" >7 avril 2020<\/time><\/span>                    <div class=\"td-module-comments\"><a href=\"https:\/\/altaraqicenter.org\/fr\/blog\/2020\/04\/07\/trois-mois-de-coronavirus-une-lecture-comparative-des-strategies-de-confinement-et-de-lutte-contre-la-pandemie\/#respond\">0<\/a><\/div>                <\/div>\r\n\r\n                <div class=\"td-excerpt\">\r\n                    Par\u00a0:\u00a0Mouadh Benamar, Chercheur, Centre al Taraqi\r\nEtudiant en PhD, Recherche M\u00e9dicale et Biologique\r\nR\u00e9sum\u00e9\r\nDans ce premier article d&#039;une s\u00e9rie d&#039;articles\u00a0dans le domaine de la Politique Mondiale...                <\/div>\r\n            <\/div>\r\n\r\n        <\/div>\r\n\r\n        <\/div><\/div> <!-- .\/block --><\/div><\/div><\/div><\/div>\r\n\t\t<script>\r\n\r\n\t\t\tjQuery(window).load(function () {\r\n\t\t\t\tjQuery('body').find('#td_uid_1_69df1bf9ca41e .td-element-style').each(function (index, element) {\r\n\t\t\t\t\tjQuery(element).css('opacity', 1);\r\n\t\t\t\t\treturn;\r\n\t\t\t\t});\r\n\t\t\t});\r\n\r\n\t\t<\/script>\r\n\r\n\t\t\r\n\t\t\t<script>\r\n\r\n\t\t\t\tjQuery(window).ready(function () {\r\n\r\n\t\t\t\t\t\/\/ We need timeout because the content must be rendered and interpreted on client\r\n\t\t\t\t\tsetTimeout(function () {\r\n\r\n\t\t\t\t\t\tvar $content = jQuery('body').find('#tdc-live-iframe'),\r\n\t\t\t\t\t\t\trefWindow = undefined;\r\n\r\n\t\t\t\t\t\tif ($content.length) {\r\n\t\t\t\t\t\t\t$content = $content.contents();\r\n\t\t\t\t\t\t\trefWindow = document.getElementById('tdc-live-iframe').contentWindow || document.getElementById('tdc-live-iframe').contentDocument;\r\n\r\n\t\t\t\t\t\t} else {\r\n\t\t\t\t\t\t\t$content = jQuery('body');\r\n\t\t\t\t\t\t\trefWindow = window;\r\n\t\t\t\t\t\t}\r\n\r\n\t\t\t\t\t\t$content.find('#td_uid_1_69df1bf9ca41e .td-element-style').each(function (index, element) {\r\n\t\t\t\t\t\t\tjQuery(element).css('opacity', 1);\r\n\t\t\t\t\t\t\treturn;\r\n\t\t\t\t\t\t});\r\n\t\t\t\t\t});\r\n\r\n\t\t\t\t}, 200);\r\n\t\t\t<\/script>\r\n\r\n\t\t\t","protected":false},"excerpt":{"rendered":"\/* custom css *\/ .td_uid_7_69df1bfa1fc69_rand { min-height: 0; } Etudes Alg\u00e9riennes Reformes Politiques Politique Sociale Administration Publique Ressources humaines Ressources naturelles Finances, Economie &#038; Commerce Politique Energetique Expert Etudes Alg\u00e9riennes D\u00e9fense et de S\u00e9curit\u00e9 Securit\u00e9 Nationale Acquisition et ressources Strat\u00e9gie Militaire Technologie Energie Alter. et Changement Climatique Experts D\u00e9fense et S\u00e9curit\u00e9 Maghreb, Monde Musulman et [...]","protected":false},"author":1,"featured_media":0,"parent":0,"menu_order":0,"comment_status":"closed","ping_status":"closed","template":"","meta":[],"_links":{"self":[{"href":"https:\/\/altaraqicenter.org\/fr\/wp-json\/wp\/v2\/pages\/864"}],"collection":[{"href":"https:\/\/altaraqicenter.org\/fr\/wp-json\/wp\/v2\/pages"}],"about":[{"href":"https:\/\/altaraqicenter.org\/fr\/wp-json\/wp\/v2\/types\/page"}],"author":[{"embeddable":true,"href":"https:\/\/altaraqicenter.org\/fr\/wp-json\/wp\/v2\/users\/1"}],"replies":[{"embeddable":true,"href":"https:\/\/altaraqicenter.org\/fr\/wp-json\/wp\/v2\/comments?post=864"}],"version-history":[{"count":2,"href":"https:\/\/altaraqicenter.org\/fr\/wp-json\/wp\/v2\/pages\/864\/revisions"}],"predecessor-version":[{"id":2219,"href":"https:\/\/altaraqicenter.org\/fr\/wp-json\/wp\/v2\/pages\/864\/revisions\/2219"}],"wp:attachment":[{"href":"https:\/\/altaraqicenter.org\/fr\/wp-json\/wp\/v2\/media?parent=864"}],"curies":[{"name":"wp","href":"https:\/\/api.w.org\/{rel}","templated":true}]}}